{"id":814,"date":"2010-04-23T21:59:26","date_gmt":"2010-04-23T21:59:26","guid":{"rendered":"http:\/\/kasbah_nkob.test\/de\/nekob\/restaurant\/"},"modified":"2023-04-26T16:06:54","modified_gmt":"2023-04-26T16:06:54","slug":"restaurant","status":"publish","type":"page","link":"https:\/\/www.kasbah-nkob.com\/de\/besuche-das-hotel\/restaurant\/","title":{"rendered":"Restaurant"},"content":{"rendered":"\n<h2 class=\"wp-block-heading\">Kasbah Ennakhile Anlage \u2013 Restaurant<\/h2>\n\n\n\n<p><strong>Die erstaunlich Chef Lalla Zahra:<\/strong> Schmackhafte \u00f6rtliche Rezepte mit echten Zutaten aus der Region, Fr. Lalla Zahra pr\u00e4pariert authentische K\u00fcche in anbetracht der lokalen Kultur und \u00f6rtlichen frischen Produkten.<\/p>\n\n\n\n<p>Es gibt mehrere Restaurantbereiche in diesem Restaurant in der Kasbah &#8211; Restaurant Nkob:<\/p>\n\n\n\n<ul><li>unten Nomadenzeltbereich mit gro\u00dfartiger Sicht \u00fcber den Palmenhain von Tamazight und dem Saghrou Gebirge, ideal f\u00fcr das Fr\u00fchst\u00fcck;<\/li><li>oben Terrasse mit dem arabischen Raum<\/li><li>und unten Amazigh Restaurant mit feiner Dekoration und Objekten von den Amazigh Kultur.<\/li><\/ul>\n\n\n\n<p>Hotel Ennakhile akzeptiert Gruppenreservierungen f\u00fcr Mittagessen und Abendessen. Hotel Ennakhiles lange Erfahrung mit Reiseagenturen und Transportgesellschaften ist gut bekannt f\u00fcr ihren vorz\u00fcglichen Service und anst\u00e4ndiges Essen und Zufriedenheit der G\u00e4ste. Nkob ist der perfekte Halt f\u00fcr Mittagessen bei Ausflugsgesellschaften oder unabh\u00e4ngigen Reisenden auf dem Weg von der Sahara W\u00fcste nach Ouarzazate oder Marrakesch.<\/p>\n\n\n\n<figure class=\"wp-block-gallery columns-3 is-cropped wp-block-gallery-1 is-layout-flex wp-block-gallery-is-layout-flex\"><ul class=\"blocks-gallery-grid\"><li class=\"blocks-gallery-item\"><figure><img loading=\"lazy\" decoding=\"async\" width=\"960\" height=\"720\" src=\"https:\/\/www.kasbah-nkob.com\/assets\/uploads\/sites\/3\/2010\/04\/Kasbah-Ennakhile-Terrace.jpg\" alt=\"Kasbah Ennakhile - Terrasse\" data-id=\"617\" class=\"wp-image-617\" srcset=\"https:\/\/www.kasbah-nkob.com\/assets\/uploads\/sites\/3\/2010\/04\/Kasbah-Ennakhile-Terrace.jpg 960w, https:\/\/www.kasbah-nkob.com\/assets\/uploads\/sites\/3\/2010\/04\/Kasbah-Ennakhile-Terrace-300x225.jpg 300w, https:\/\/www.kasbah-nkob.com\/assets\/uploads\/sites\/3\/2010\/04\/Kasbah-Ennakhile-Terrace-768x576.jpg 768w\" sizes=\"(max-width: 960px) 100vw, 960px\" \/><\/figure><\/li><li class=\"blocks-gallery-item\"><figure><img loading=\"lazy\" decoding=\"async\" width=\"1280\" height=\"853\" src=\"https:\/\/www.kasbah-nkob.com\/assets\/uploads\/sites\/3\/2010\/04\/hotel-nkob-kasbah-25.jpg\" alt=\"\" data-id=\"581\" class=\"wp-image-581\" srcset=\"https:\/\/www.kasbah-nkob.com\/assets\/uploads\/sites\/3\/2010\/04\/hotel-nkob-kasbah-25.jpg 1280w, https:\/\/www.kasbah-nkob.com\/assets\/uploads\/sites\/3\/2010\/04\/hotel-nkob-kasbah-25-300x200.jpg 300w, https:\/\/www.kasbah-nkob.com\/assets\/uploads\/sites\/3\/2010\/04\/hotel-nkob-kasbah-25-1024x682.jpg 1024w, https:\/\/www.kasbah-nkob.com\/assets\/uploads\/sites\/3\/2010\/04\/hotel-nkob-kasbah-25-768x512.jpg 768w\" sizes=\"(max-width: 1280px) 100vw, 1280px\" \/><\/figure><\/li><li class=\"blocks-gallery-item\"><figure><img loading=\"lazy\" decoding=\"async\" width=\"863\" height=\"434\" src=\"https:\/\/www.kasbah-nkob.com\/assets\/uploads\/sites\/3\/2010\/04\/Kasbah-Nkob-Ennakhile-Staff.jpg\" alt=\"Kasbah Nkob Ennakhile - Personal\" data-id=\"649\" class=\"wp-image-649\" srcset=\"https:\/\/www.kasbah-nkob.com\/assets\/uploads\/sites\/3\/2010\/04\/Kasbah-Nkob-Ennakhile-Staff.jpg 863w, https:\/\/www.kasbah-nkob.com\/assets\/uploads\/sites\/3\/2010\/04\/Kasbah-Nkob-Ennakhile-Staff-300x151.jpg 300w, https:\/\/www.kasbah-nkob.com\/assets\/uploads\/sites\/3\/2010\/04\/Kasbah-Nkob-Ennakhile-Staff-768x386.jpg 768w\" sizes=\"(max-width: 863px) 100vw, 863px\" \/><\/figure><\/li><li class=\"blocks-gallery-item\"><figure><img loading=\"lazy\" decoding=\"async\" width=\"960\" height=\"595\" src=\"https:\/\/www.kasbah-nkob.com\/assets\/uploads\/sites\/3\/2010\/04\/Kasbah-Ennakhile-Nkob-restaurant-01.jpg\" alt=\"Kasbah Ennakhile Nkob - restaurant\" data-id=\"652\" class=\"wp-image-652\" srcset=\"https:\/\/www.kasbah-nkob.com\/assets\/uploads\/sites\/3\/2010\/04\/Kasbah-Ennakhile-Nkob-restaurant-01.jpg 960w, https:\/\/www.kasbah-nkob.com\/assets\/uploads\/sites\/3\/2010\/04\/Kasbah-Ennakhile-Nkob-restaurant-01-300x186.jpg 300w, https:\/\/www.kasbah-nkob.com\/assets\/uploads\/sites\/3\/2010\/04\/Kasbah-Ennakhile-Nkob-restaurant-01-768x476.jpg 768w\" sizes=\"(max-width: 960px) 100vw, 960px\" \/><\/figure><\/li><li class=\"blocks-gallery-item\"><figure><img loading=\"lazy\" decoding=\"async\" width=\"960\" height=\"540\" src=\"https:\/\/www.kasbah-nkob.com\/assets\/uploads\/sites\/3\/2010\/04\/Kasbah-Ennakhile-Nkob-restaurant-03.jpg\" alt=\"Kasbah Ennakhile Nkob - restaurant\" data-id=\"654\" class=\"wp-image-654\" srcset=\"https:\/\/www.kasbah-nkob.com\/assets\/uploads\/sites\/3\/2010\/04\/Kasbah-Ennakhile-Nkob-restaurant-03.jpg 960w, https:\/\/www.kasbah-nkob.com\/assets\/uploads\/sites\/3\/2010\/04\/Kasbah-Ennakhile-Nkob-restaurant-03-300x169.jpg 300w, https:\/\/www.kasbah-nkob.com\/assets\/uploads\/sites\/3\/2010\/04\/Kasbah-Ennakhile-Nkob-restaurant-03-768x432.jpg 768w\" sizes=\"(max-width: 960px) 100vw, 960px\" \/><\/figure><\/li><li class=\"blocks-gallery-item\"><figure><img loading=\"lazy\" decoding=\"async\" width=\"688\" height=\"960\" src=\"https:\/\/www.kasbah-nkob.com\/assets\/uploads\/sites\/3\/2010\/04\/Kasbah-Ennakhile-Nkob-restaurant-04.jpg\" alt=\"Kasbah Ennakhile Nkob - restaurant\" data-id=\"655\" class=\"wp-image-655\" srcset=\"https:\/\/www.kasbah-nkob.com\/assets\/uploads\/sites\/3\/2010\/04\/Kasbah-Ennakhile-Nkob-restaurant-04.jpg 688w, https:\/\/www.kasbah-nkob.com\/assets\/uploads\/sites\/3\/2010\/04\/Kasbah-Ennakhile-Nkob-restaurant-04-215x300.jpg 215w\" sizes=\"(max-width: 688px) 100vw, 688px\" \/><\/figure><\/li><\/ul><\/figure>\n","protected":false},"excerpt":{"rendered":"<p>Kasbah Ennakhile Anlage \u2013 Restaurant Die erstaunlich Chef Lalla Zahra: Schmackhafte \u00f6rtliche Rezepte mit echten Zutaten aus der Region, Fr. Lalla Zahra pr\u00e4pariert authentische K\u00fcche in anbetracht der lokalen Kultur und \u00f6rtlichen frischen Produkten. Es gibt mehrere Restaurantbereiche in diesem Restaurant in der Kasbah &#8211; Restaurant Nkob: unten Nomadenzeltbereich mit gro\u00dfartiger Sicht \u00fcber den Palmenhain &hellip;<\/p>\n<p class=\"read-more\"> <a class=\"\" href=\"https:\/\/www.kasbah-nkob.com\/de\/besuche-das-hotel\/restaurant\/\"> <span class=\"screen-reader-text\">Restaurant<\/span> Read More &raquo;<\/a><\/p>\n","protected":false},"author":3,"featured_media":0,"parent":812,"menu_order":3,"comment_status":"closed","ping_status":"closed","template":"","meta":{"site-sidebar-layout":"default","site-content-layout":"default","ast-global-header-display":"","ast-main-header-display":"","ast-hfb-above-header-display":"","ast-hfb-below-header-display":"","ast-hfb-mobile-header-display":"","site-post-title":"","ast-breadcrumbs-content":"","ast-featured-img":"","footer-sml-layout":"","theme-transparent-header-meta":"default","adv-header-id-meta":"","stick-header-meta":"","header-above-stick-meta":"","header-main-stick-meta":"","header-below-stick-meta":"","footnotes":""},"_links":{"self":[{"href":"https:\/\/www.kasbah-nkob.com\/de\/wp-json\/wp\/v2\/pages\/814"}],"collection":[{"href":"https:\/\/www.kasbah-nkob.com\/de\/wp-json\/wp\/v2\/pages"}],"about":[{"href":"https:\/\/www.kasbah-nkob.com\/de\/wp-json\/wp\/v2\/types\/page"}],"author":[{"embeddable":true,"href":"https:\/\/www.kasbah-nkob.com\/de\/wp-json\/wp\/v2\/users\/3"}],"replies":[{"embeddable":true,"href":"https:\/\/www.kasbah-nkob.com\/de\/wp-json\/wp\/v2\/comments?post=814"}],"version-history":[{"count":2,"href":"https:\/\/www.kasbah-nkob.com\/de\/wp-json\/wp\/v2\/pages\/814\/revisions"}],"predecessor-version":[{"id":876,"href":"https:\/\/www.kasbah-nkob.com\/de\/wp-json\/wp\/v2\/pages\/814\/revisions\/876"}],"up":[{"embeddable":true,"href":"https:\/\/www.kasbah-nkob.com\/de\/wp-json\/wp\/v2\/pages\/812"}],"wp:attachment":[{"href":"https:\/\/www.kasbah-nkob.com\/de\/wp-json\/wp\/v2\/media?parent=814"}],"curies":[{"name":"wp","href":"https:\/\/api.w.org\/{rel}","templated":true}]}}