{"id":817,"date":"2010-04-26T12:04:09","date_gmt":"2010-04-26T12:04:09","guid":{"rendered":"http:\/\/kasbah_nkob.test\/de\/hossain-benaame\/"},"modified":"2021-09-02T17:01:22","modified_gmt":"2021-09-02T17:01:22","slug":"hossain-benaame","status":"publish","type":"page","link":"https:\/\/www.kasbah-nkob.com\/de\/hossain-benaame\/","title":{"rendered":"Impressum"},"content":{"rendered":"<h2>Die Geschichte von Kasbah Ennakhile \/ Hossaine Benaamer<\/h2>\n<p>Kasbah Ennakhile ist ein Hotel im Dorf Nkob \u2013 im S\u00fcden von Marokko, 360km von Marrakesch. Kasbah Ennakhile wird von Hossaine Benaamer gef\u00fchrt, einem jungen Berber, 1981 geboren.<\/p>\n<p>Hossains Geschichte und seine Liebe zum Leben ist recht interessant und ein perfektes Beispiel wie alles im Leben erreicht werden kann.<\/p>\n<figure id=\"attachment_608\" aria-describedby=\"caption-attachment-608\" style=\"width: 1600px\" class=\"wp-caption aligncenter\"><img loading=\"lazy\" decoding=\"async\" class=\"size-full wp-image-608\" src=\"http:\/\/www.kasbah-nkob.com\/hotel\/assets\/uploads\/2010\/04\/kasbah-nkob-about-us.jpg\" alt=\"Blick auf das Dorf Nkob von Hotel\" width=\"1600\" height=\"905\" srcset=\"https:\/\/www.kasbah-nkob.com\/assets\/uploads\/sites\/3\/2010\/04\/kasbah-nkob-about-us.jpg 1600w, https:\/\/www.kasbah-nkob.com\/assets\/uploads\/sites\/3\/2010\/04\/kasbah-nkob-about-us-300x170.jpg 300w, https:\/\/www.kasbah-nkob.com\/assets\/uploads\/sites\/3\/2010\/04\/kasbah-nkob-about-us-1024x579.jpg 1024w, https:\/\/www.kasbah-nkob.com\/assets\/uploads\/sites\/3\/2010\/04\/kasbah-nkob-about-us-768x434.jpg 768w, https:\/\/www.kasbah-nkob.com\/assets\/uploads\/sites\/3\/2010\/04\/kasbah-nkob-about-us-1536x869.jpg 1536w\" sizes=\"(max-width: 1600px) 100vw, 1600px\" \/><figcaption id=\"caption-attachment-608\" class=\"wp-caption-text\">Blick auf das Dorf Nkob von Hotel<\/figcaption><\/figure>\n<p>Er hatte psychologisch schwer unter den Tod seines Vaters gelitten, als er zu dem Mann in der Familie wurde und Hossain schnellstens anfangen musste zu arbeiten, um seine Mutter und Geschwister zu versorgen.<\/p>\n<p>Hossains Vater, Hr. Lahcen Benaamer, ein Berbernomade, der nach Nkob kam, um ein kleines Haus zu bauen, war in der Region als K\u00fcnstler bekannt, der einzigartige Kunstwerke an Decken und W\u00e4nde malte.Seine exzellente Fez-artige Dekoration gemischt mit lokalen Berber-traditionellen Farben und Einfachheit bringen seinen Vater auf besondere Art in Erinnerung in dieser Region, wo er \u00fcber 100 Wohnzimmer handbemalt hat.<\/p>\n<p>Hossain ist 1997 nach Ouarzazate zur\u00fcckgezogen, um im Restaurant Essalam, einem der ersten Restaurants der Stadt, zu arbeiten. W\u00e4hrend dieser Zeit, nutzte er seine Freizeit, um auf einer \u00f6rtlichen Akademie Abendklassen in Englisch- und Franz\u00f6sisch zu besuchen.<\/p>\n<p>1999 begann er im <a href=\"http:\/\/www.amlalhotel.com\/\" target=\"_blank\" rel=\"noopener\">Hotel Amlal<\/a>, zu arbeiten, einem Hotel im Zentrum von Ouarzazate, das zur Familie von Hossain geh\u00f6rte. Dort lernte er, wie Touristen zu empfangen sind, wie Ideen weiterentwickelt werden und hat in dem Hotel Erfahrungen gesammelt.<\/p>\n<p>Nachdem mehrere Arbeitsvorschl\u00e4gen von ihm von Trekking &amp; Tour Agenturen in Ouarzazate abgelehnt wurden, kehrte Hossain mit der Idee in sein Dorf zur\u00fcck, dort ein Hotel zu er\u00f6ffnen, um dort die G\u00e4ste zu empfangen, die zu seinen Familienhotel in Ouarzazate fuhren.<\/p>\n<hr \/>\n<figure id=\"attachment_610\" aria-describedby=\"caption-attachment-610\" style=\"width: 960px\" class=\"wp-caption aligncenter\"><img loading=\"lazy\" decoding=\"async\" class=\"size-full wp-image-610\" src=\"http:\/\/www.kasbah-nkob.com\/hotel\/assets\/uploads\/2010\/04\/Kasbah-Nkob-Ennakhile-entrance-3.jpg\" alt=\"Kasbah Nkob Ennakhile Eingang\" width=\"960\" height=\"540\" srcset=\"https:\/\/www.kasbah-nkob.com\/assets\/uploads\/sites\/3\/2010\/04\/Kasbah-Nkob-Ennakhile-entrance-3.jpg 960w, https:\/\/www.kasbah-nkob.com\/assets\/uploads\/sites\/3\/2010\/04\/Kasbah-Nkob-Ennakhile-entrance-3-300x169.jpg 300w, https:\/\/www.kasbah-nkob.com\/assets\/uploads\/sites\/3\/2010\/04\/Kasbah-Nkob-Ennakhile-entrance-3-768x432.jpg 768w\" sizes=\"(max-width: 960px) 100vw, 960px\" \/><figcaption id=\"caption-attachment-610\" class=\"wp-caption-text\">Kasbah Nkob Ennakhile Eingang<\/figcaption><\/figure>\n<h2>Die Er\u00f6ffnung des Hotel Kasbah Ennakhile<\/h2>\n<p>2002 er\u00f6ffnete Hossain ein 4 Zimmer Gasthaus mit einem gr\u00f6erem Projekt im Hinterkopf \u2013 Kasbah Ennakhile, ein Hotel besserer Qualit\u00e4t , wo er hervorragende Unterkunft und Restaurant Service allen Reisenden in Nkob bieten k\u00f6nnte.<\/p>\n<p>Hossain hat viel Erfahrung als Berg- \/ W\u00fcstenf\u00fchrer. Seine Trekking Vorschl\u00e4ge verbl\u00fcffen stets die Reisenden und seine pers\u00f6nlichen Routen innerhalb der Berge sind als die Besten in der Region bekannt.<\/p>\n<hr \/>\n<figure id=\"attachment_612\" aria-describedby=\"caption-attachment-612\" style=\"width: 960px\" class=\"wp-caption aligncenter\"><img loading=\"lazy\" decoding=\"async\" class=\"size-full wp-image-612\" src=\"http:\/\/www.kasbah-nkob.com\/hotel\/assets\/uploads\/2010\/04\/Kasbah-Ennakhile-Cooperative-for-Development-.jpg\" alt=\"Kasbah Ennakhile - Genossenschaft f\u00fcr Entwicklung\" width=\"960\" height=\"859\" srcset=\"https:\/\/www.kasbah-nkob.com\/assets\/uploads\/sites\/3\/2010\/04\/Kasbah-Ennakhile-Cooperative-for-Development-.jpg 960w, https:\/\/www.kasbah-nkob.com\/assets\/uploads\/sites\/3\/2010\/04\/Kasbah-Ennakhile-Cooperative-for-Development--300x268.jpg 300w, https:\/\/www.kasbah-nkob.com\/assets\/uploads\/sites\/3\/2010\/04\/Kasbah-Ennakhile-Cooperative-for-Development--768x687.jpg 768w\" sizes=\"(max-width: 960px) 100vw, 960px\" \/><figcaption id=\"caption-attachment-612\" class=\"wp-caption-text\">Kasbah Ennakhile &#8211; Genossenschaft f\u00fcr Entwicklung<\/figcaption><\/figure>\n<h2>Das Dorf, das in der Welt wuchs<\/h2>\n<p>Hossain erkannte schnell, dass ihr Erfolg h\u00e4ngt davon ab, das Wachstum ihres Dorfes.<\/p>\n<p>Hossain ist der Pr\u00e4sident eines \u00f6rtlichen Frauenhilfeverbands, wo er die Enfwicklung \u00f6rtlicher Berberfrauen f\u00f6rdert, um sie zu vereinigen und traditionelle Teppiche zu kn\u00fcpfen, Parf\u00fcme und verschiedene Kunsthandwerke herzustellen.<\/p>\n","protected":false},"excerpt":{"rendered":"<p>Die Geschichte von Kasbah Ennakhile \/ Hossaine Benaamer Kasbah Ennakhile ist ein Hotel im Dorf Nkob \u2013 im S\u00fcden von Marokko, 360km von Marrakesch. Kasbah Ennakhile wird von Hossaine Benaamer gef\u00fchrt, einem jungen Berber, 1981 geboren. Hossains Geschichte und seine Liebe zum Leben ist recht interessant und ein perfektes Beispiel wie alles im Leben erreicht &hellip;<\/p>\n<p class=\"read-more\"> <a class=\"\" href=\"https:\/\/www.kasbah-nkob.com\/de\/hossain-benaame\/\"> <span class=\"screen-reader-text\">Impressum<\/span> Read More &raquo;<\/a><\/p>\n","protected":false},"author":1,"featured_media":0,"parent":0,"menu_order":2,"comment_status":"closed","ping_status":"closed","template":"","meta":{"site-sidebar-layout":"default","site-content-layout":"default","ast-global-header-display":"","ast-main-header-display":"","ast-hfb-above-header-display":"","ast-hfb-below-header-display":"","ast-hfb-mobile-header-display":"","site-post-title":"","ast-breadcrumbs-content":"","ast-featured-img":"","footer-sml-layout":"","theme-transparent-header-meta":"default","adv-header-id-meta":"","stick-header-meta":"","header-above-stick-meta":"","header-main-stick-meta":"","header-below-stick-meta":"","footnotes":""},"_links":{"self":[{"href":"https:\/\/www.kasbah-nkob.com\/de\/wp-json\/wp\/v2\/pages\/817"}],"collection":[{"href":"https:\/\/www.kasbah-nkob.com\/de\/wp-json\/wp\/v2\/pages"}],"about":[{"href":"https:\/\/www.kasbah-nkob.com\/de\/wp-json\/wp\/v2\/types\/page"}],"author":[{"embeddable":true,"href":"https:\/\/www.kasbah-nkob.com\/de\/wp-json\/wp\/v2\/users\/1"}],"replies":[{"embeddable":true,"href":"https:\/\/www.kasbah-nkob.com\/de\/wp-json\/wp\/v2\/comments?post=817"}],"version-history":[{"count":2,"href":"https:\/\/www.kasbah-nkob.com\/de\/wp-json\/wp\/v2\/pages\/817\/revisions"}],"predecessor-version":[{"id":838,"href":"https:\/\/www.kasbah-nkob.com\/de\/wp-json\/wp\/v2\/pages\/817\/revisions\/838"}],"wp:attachment":[{"href":"https:\/\/www.kasbah-nkob.com\/de\/wp-json\/wp\/v2\/media?parent=817"}],"curies":[{"name":"wp","href":"https:\/\/api.w.org\/{rel}","templated":true}]}}