{"id":8,"date":"2010-04-23T21:58:28","date_gmt":"2010-04-23T21:58:28","guid":{"rendered":"http:\/\/kasbah_nkob.test\/es\/nekob\/kasbah\/"},"modified":"2021-10-06T17:14:03","modified_gmt":"2021-10-06T17:14:03","slug":"kasbah","status":"publish","type":"page","link":"https:\/\/www.kasbah-nkob.com\/es\/nekob\/kasbah\/","title":{"rendered":"Habitaciones Est\u00e1ndar"},"content":{"rendered":"<h2>Instalaciones del hotel Kasbah Ennakhile \u2013 Habitaciones Est\u00e1ndar<\/h2>\n<p><strong>Habitaciones Est\u00e1ndar:<\/strong> 9 habitaciones bellamente decoradas. Estas habitaciones disponen de ba\u00f1o privado y son completamente equipadas con aire acondicionado y calefacci\u00f3n.<\/p>\n<p>La mayor\u00eda de las habitaciones dispone de una peque\u00f1a terraza privada con vistas al palmeral de Tamazight y las monta\u00f1as del Saghro. Disponemos de habitaciones de cama doble y de dos camas.<\/p>\n<div id='gallery-1' class='gallery galleryid-8 gallery-columns-3 gallery-size-medium'><figure class='gallery-item'>\n\t\t\t<div class='gallery-icon landscape'>\n\t\t\t\t<img loading=\"lazy\" decoding=\"async\" width=\"300\" height=\"225\" src=\"https:\/\/www.kasbah-nkob.com\/assets\/uploads\/sites\/4\/2010\/04\/Kasbah-Ennakhile-Room-balcony-300x225.jpg\" class=\"attachment-medium size-medium\" alt=\"Kasbah Ennakhile - Habitaci\u00f3n est\u00e1ndar con balc\u00f3n\" aria-describedby=\"gallery-1-620\" srcset=\"https:\/\/www.kasbah-nkob.com\/assets\/uploads\/sites\/4\/2010\/04\/Kasbah-Ennakhile-Room-balcony-300x225.jpg 300w, https:\/\/www.kasbah-nkob.com\/assets\/uploads\/sites\/4\/2010\/04\/Kasbah-Ennakhile-Room-balcony-768x576.jpg 768w, https:\/\/www.kasbah-nkob.com\/assets\/uploads\/sites\/4\/2010\/04\/Kasbah-Ennakhile-Room-balcony.jpg 1024w\" sizes=\"(max-width: 300px) 100vw, 300px\" \/>\n\t\t\t<\/div>\n\t\t\t\t<figcaption class='wp-caption-text gallery-caption' id='gallery-1-620'>\n\t\t\t\tHabitaci\u00f3n est\u00e1ndar con balc\u00f3n\n\t\t\t\t<\/figcaption><\/figure><figure class='gallery-item'>\n\t\t\t<div class='gallery-icon landscape'>\n\t\t\t\t<img loading=\"lazy\" decoding=\"async\" width=\"300\" height=\"200\" src=\"https:\/\/www.kasbah-nkob.com\/assets\/uploads\/sites\/4\/2010\/04\/Kasbah-Ennakhile-Room-standard-300x200.jpg\" class=\"attachment-medium size-medium\" alt=\"Kasbah Ennakhile - Habitaci\u00f3n est\u00e1ndar\" aria-describedby=\"gallery-1-625\" srcset=\"https:\/\/www.kasbah-nkob.com\/assets\/uploads\/sites\/4\/2010\/04\/Kasbah-Ennakhile-Room-standard-300x200.jpg 300w, https:\/\/www.kasbah-nkob.com\/assets\/uploads\/sites\/4\/2010\/04\/Kasbah-Ennakhile-Room-standard-1024x682.jpg 1024w, https:\/\/www.kasbah-nkob.com\/assets\/uploads\/sites\/4\/2010\/04\/Kasbah-Ennakhile-Room-standard-768x512.jpg 768w, https:\/\/www.kasbah-nkob.com\/assets\/uploads\/sites\/4\/2010\/04\/Kasbah-Ennakhile-Room-standard.jpg 1280w\" sizes=\"(max-width: 300px) 100vw, 300px\" \/>\n\t\t\t<\/div>\n\t\t\t\t<figcaption class='wp-caption-text gallery-caption' id='gallery-1-625'>\n\t\t\t\tHabitaci\u00f3n est\u00e1ndar\n\t\t\t\t<\/figcaption><\/figure><figure class='gallery-item'>\n\t\t\t<div class='gallery-icon landscape'>\n\t\t\t\t<img loading=\"lazy\" decoding=\"async\" width=\"300\" height=\"200\" src=\"https:\/\/www.kasbah-nkob.com\/assets\/uploads\/sites\/4\/2010\/04\/Kasbah-Ennakhile-Room-wc-300x200.jpg\" class=\"attachment-medium size-medium\" alt=\"Kasbah Ennakhile - Habitaci\u00f3n est\u00e1ndar con ba\u00f1o\" aria-describedby=\"gallery-1-626\" srcset=\"https:\/\/www.kasbah-nkob.com\/assets\/uploads\/sites\/4\/2010\/04\/Kasbah-Ennakhile-Room-wc-300x200.jpg 300w, https:\/\/www.kasbah-nkob.com\/assets\/uploads\/sites\/4\/2010\/04\/Kasbah-Ennakhile-Room-wc-1024x682.jpg 1024w, https:\/\/www.kasbah-nkob.com\/assets\/uploads\/sites\/4\/2010\/04\/Kasbah-Ennakhile-Room-wc-768x512.jpg 768w, https:\/\/www.kasbah-nkob.com\/assets\/uploads\/sites\/4\/2010\/04\/Kasbah-Ennakhile-Room-wc.jpg 1280w\" sizes=\"(max-width: 300px) 100vw, 300px\" \/>\n\t\t\t<\/div>\n\t\t\t\t<figcaption class='wp-caption-text gallery-caption' id='gallery-1-626'>\n\t\t\t\tKasbah Ennakhile &#8211; Habitaci\u00f3n est\u00e1ndar con ba\u00f1o\n\t\t\t\t<\/figcaption><\/figure>\n\t\t<\/div>\n\n","protected":false},"excerpt":{"rendered":"<p>Instalaciones del hotel Kasbah Ennakhile \u2013 Habitaciones Est\u00e1ndar Habitaciones Est\u00e1ndar: 9 habitaciones bellamente decoradas. Estas habitaciones disponen de ba\u00f1o privado y son completamente equipadas con aire acondicionado y calefacci\u00f3n. La mayor\u00eda de las habitaciones dispone de una peque\u00f1a terraza privada con vistas al palmeral de Tamazight y las monta\u00f1as del Saghro. Disponemos de habitaciones de &hellip;<\/p>\n<p class=\"read-more\"> <a class=\"\" href=\"https:\/\/www.kasbah-nkob.com\/es\/nekob\/kasbah\/\"> <span class=\"screen-reader-text\">Habitaciones Est\u00e1ndar<\/span> Read More &raquo;<\/a><\/p>\n","protected":false},"author":1,"featured_media":0,"parent":812,"menu_order":1,"comment_status":"closed","ping_status":"closed","template":"","meta":{"site-sidebar-layout":"default","site-content-layout":"default","ast-global-header-display":"","ast-main-header-display":"","ast-hfb-above-header-display":"","ast-hfb-below-header-display":"","ast-hfb-mobile-header-display":"","site-post-title":"","ast-breadcrumbs-content":"","ast-featured-img":"","footer-sml-layout":"","theme-transparent-header-meta":"default","adv-header-id-meta":"","stick-header-meta":"","header-above-stick-meta":"","header-main-stick-meta":"","header-below-stick-meta":"","footnotes":""},"_links":{"self":[{"href":"https:\/\/www.kasbah-nkob.com\/es\/wp-json\/wp\/v2\/pages\/8"}],"collection":[{"href":"https:\/\/www.kasbah-nkob.com\/es\/wp-json\/wp\/v2\/pages"}],"about":[{"href":"https:\/\/www.kasbah-nkob.com\/es\/wp-json\/wp\/v2\/types\/page"}],"author":[{"embeddable":true,"href":"https:\/\/www.kasbah-nkob.com\/es\/wp-json\/wp\/v2\/users\/1"}],"replies":[{"embeddable":true,"href":"https:\/\/www.kasbah-nkob.com\/es\/wp-json\/wp\/v2\/comments?post=8"}],"version-history":[{"count":3,"href":"https:\/\/www.kasbah-nkob.com\/es\/wp-json\/wp\/v2\/pages\/8\/revisions"}],"predecessor-version":[{"id":873,"href":"https:\/\/www.kasbah-nkob.com\/es\/wp-json\/wp\/v2\/pages\/8\/revisions\/873"}],"up":[{"embeddable":true,"href":"https:\/\/www.kasbah-nkob.com\/es\/wp-json\/wp\/v2\/pages\/812"}],"wp:attachment":[{"href":"https:\/\/www.kasbah-nkob.com\/es\/wp-json\/wp\/v2\/media?parent=8"}],"curies":[{"name":"wp","href":"https:\/\/api.w.org\/{rel}","templated":true}]}}