{"id":814,"date":"2010-04-23T21:59:26","date_gmt":"2010-04-23T21:59:26","guid":{"rendered":"http:\/\/kasbah_nkob.test\/es\/nekob\/restaurant\/"},"modified":"2021-09-06T09:45:09","modified_gmt":"2021-09-06T09:45:09","slug":"restaurant","status":"publish","type":"page","link":"https:\/\/www.kasbah-nkob.com\/es\/nekob\/restaurant\/","title":{"rendered":"Restaurante"},"content":{"rendered":"<h2>Instalaciones del hotel Kasbah Ennakhile \u2013 Restaurante<\/h2>\n<p><strong>La magn\u00edfica Chef Lalla Zahra:<\/strong> Deliciosas recetas locales preparadas con ingredientes de la regi\u00f3n. Do\u00f1a Lalla Zahra prepara aut\u00e9ntica cocina local teniendo en cuenta el trasfondo cultural y cuidando la frescura de todos los productos que utiliza.<\/p>\n<p>El restaurante cuenta con diferentes espacios dentro de la kasbah \u2013 Restaurante Nekob:<\/p>\n<ul>\n<li>una jaima en la planta baja con bellas vistas sobre el palmeral de Tamazight y las monta\u00f1as del Saghro, lugar ideal para desayunar;<\/li>\n<li>la terraza superior con sal\u00f3n \u00e1rabe<\/li>\n<li>y el restaurante Amazigh abajo finamente decorado con detalles de la cultura amazigh, componen el \u00e1rea de restauraci\u00f3n del hotel.<\/li>\n<\/ul>\n<p>En el Hotel Ennakhile aceptamos reservas de grupos para almuerzos y cenas. La amplia experiencia conjunta del Hotel Ennakhile con numerosas agencias de viajes y de transportes es bien conocida por la satisfacci\u00f3n del cliente en relaci\u00f3n al servicio y calidad de los productos que ofrece. Nekob es la parada perfecta para disfrutar de una deliciosa comida, tanto para grupos organizados como para los que viajan por su cuenta camino de Ouarzazate o Marrakech.<\/p>\n<div id='gallery-1' class='gallery galleryid-814 gallery-columns-3 gallery-size-large'><figure class='gallery-item'>\n\t\t\t<div class='gallery-icon landscape'>\n\t\t\t\t<img loading=\"lazy\" decoding=\"async\" width=\"960\" height=\"720\" src=\"https:\/\/www.kasbah-nkob.com\/assets\/uploads\/sites\/4\/2010\/04\/Kasbah-Ennakhile-Terrace.jpg\" class=\"attachment-large size-large\" alt=\"Kasbah Ennakhile - Terraza\" aria-describedby=\"gallery-1-617\" srcset=\"https:\/\/www.kasbah-nkob.com\/assets\/uploads\/sites\/4\/2010\/04\/Kasbah-Ennakhile-Terrace.jpg 960w, https:\/\/www.kasbah-nkob.com\/assets\/uploads\/sites\/4\/2010\/04\/Kasbah-Ennakhile-Terrace-300x225.jpg 300w, https:\/\/www.kasbah-nkob.com\/assets\/uploads\/sites\/4\/2010\/04\/Kasbah-Ennakhile-Terrace-768x576.jpg 768w\" sizes=\"(max-width: 960px) 100vw, 960px\" \/>\n\t\t\t<\/div>\n\t\t\t\t<figcaption class='wp-caption-text gallery-caption' id='gallery-1-617'>\n\t\t\t\tTerraza\n\t\t\t\t<\/figcaption><\/figure><figure class='gallery-item'>\n\t\t\t<div class='gallery-icon landscape'>\n\t\t\t\t<img loading=\"lazy\" decoding=\"async\" width=\"1024\" height=\"682\" src=\"https:\/\/www.kasbah-nkob.com\/assets\/uploads\/sites\/4\/2010\/04\/hotel-nkob-kasbah-25-1024x682.jpg\" class=\"attachment-large size-large\" alt=\"\" srcset=\"https:\/\/www.kasbah-nkob.com\/assets\/uploads\/sites\/4\/2010\/04\/hotel-nkob-kasbah-25-1024x682.jpg 1024w, https:\/\/www.kasbah-nkob.com\/assets\/uploads\/sites\/4\/2010\/04\/hotel-nkob-kasbah-25-300x200.jpg 300w, https:\/\/www.kasbah-nkob.com\/assets\/uploads\/sites\/4\/2010\/04\/hotel-nkob-kasbah-25-768x512.jpg 768w, https:\/\/www.kasbah-nkob.com\/assets\/uploads\/sites\/4\/2010\/04\/hotel-nkob-kasbah-25.jpg 1280w\" sizes=\"(max-width: 1024px) 100vw, 1024px\" \/>\n\t\t\t<\/div><\/figure><figure class='gallery-item'>\n\t\t\t<div class='gallery-icon landscape'>\n\t\t\t\t<img loading=\"lazy\" decoding=\"async\" width=\"863\" height=\"434\" src=\"https:\/\/www.kasbah-nkob.com\/assets\/uploads\/sites\/4\/2010\/04\/Kasbah-Nkob-Ennakhile-Staff.jpg\" class=\"attachment-large size-large\" alt=\"Kasbah Nkob Ennakhile - Personal\" aria-describedby=\"gallery-1-649\" srcset=\"https:\/\/www.kasbah-nkob.com\/assets\/uploads\/sites\/4\/2010\/04\/Kasbah-Nkob-Ennakhile-Staff.jpg 863w, https:\/\/www.kasbah-nkob.com\/assets\/uploads\/sites\/4\/2010\/04\/Kasbah-Nkob-Ennakhile-Staff-300x151.jpg 300w, https:\/\/www.kasbah-nkob.com\/assets\/uploads\/sites\/4\/2010\/04\/Kasbah-Nkob-Ennakhile-Staff-768x386.jpg 768w\" sizes=\"(max-width: 863px) 100vw, 863px\" \/>\n\t\t\t<\/div>\n\t\t\t\t<figcaption class='wp-caption-text gallery-caption' id='gallery-1-649'>\n\t\t\t\tKasbah Nkob Ennakhile &#8211; Personal\n\t\t\t\t<\/figcaption><\/figure><figure class='gallery-item'>\n\t\t\t<div class='gallery-icon landscape'>\n\t\t\t\t<img loading=\"lazy\" decoding=\"async\" width=\"960\" height=\"595\" src=\"https:\/\/www.kasbah-nkob.com\/assets\/uploads\/sites\/4\/2010\/04\/Kasbah-Ennakhile-Nkob-restaurant-01.jpg\" class=\"attachment-large size-large\" alt=\"Kasbah Ennakhile Nkob - restaurante\" aria-describedby=\"gallery-1-652\" srcset=\"https:\/\/www.kasbah-nkob.com\/assets\/uploads\/sites\/4\/2010\/04\/Kasbah-Ennakhile-Nkob-restaurant-01.jpg 960w, https:\/\/www.kasbah-nkob.com\/assets\/uploads\/sites\/4\/2010\/04\/Kasbah-Ennakhile-Nkob-restaurant-01-300x186.jpg 300w, https:\/\/www.kasbah-nkob.com\/assets\/uploads\/sites\/4\/2010\/04\/Kasbah-Ennakhile-Nkob-restaurant-01-768x476.jpg 768w\" sizes=\"(max-width: 960px) 100vw, 960px\" \/>\n\t\t\t<\/div>\n\t\t\t\t<figcaption class='wp-caption-text gallery-caption' id='gallery-1-652'>\n\t\t\t\tKasbah Ennakhile Nkob &#8211; restaurante\n\t\t\t\t<\/figcaption><\/figure><figure class='gallery-item'>\n\t\t\t<div class='gallery-icon landscape'>\n\t\t\t\t<img loading=\"lazy\" decoding=\"async\" width=\"960\" height=\"540\" src=\"https:\/\/www.kasbah-nkob.com\/assets\/uploads\/sites\/4\/2010\/04\/Kasbah-Ennakhile-Nkob-restaurant-03.jpg\" class=\"attachment-large size-large\" alt=\"Kasbah Ennakhile Nkob - restaurante\" aria-describedby=\"gallery-1-654\" srcset=\"https:\/\/www.kasbah-nkob.com\/assets\/uploads\/sites\/4\/2010\/04\/Kasbah-Ennakhile-Nkob-restaurant-03.jpg 960w, https:\/\/www.kasbah-nkob.com\/assets\/uploads\/sites\/4\/2010\/04\/Kasbah-Ennakhile-Nkob-restaurant-03-300x169.jpg 300w, https:\/\/www.kasbah-nkob.com\/assets\/uploads\/sites\/4\/2010\/04\/Kasbah-Ennakhile-Nkob-restaurant-03-768x432.jpg 768w\" sizes=\"(max-width: 960px) 100vw, 960px\" \/>\n\t\t\t<\/div>\n\t\t\t\t<figcaption class='wp-caption-text gallery-caption' id='gallery-1-654'>\n\t\t\t\tKasbah Ennakhile Nkob &#8211; restaurante\n\t\t\t\t<\/figcaption><\/figure><figure class='gallery-item'>\n\t\t\t<div class='gallery-icon portrait'>\n\t\t\t\t<img loading=\"lazy\" decoding=\"async\" width=\"688\" height=\"960\" src=\"https:\/\/www.kasbah-nkob.com\/assets\/uploads\/sites\/4\/2010\/04\/Kasbah-Ennakhile-Nkob-restaurant-04.jpg\" class=\"attachment-large size-large\" alt=\"Kasbah Ennakhile Nkob - restaurante\" aria-describedby=\"gallery-1-655\" srcset=\"https:\/\/www.kasbah-nkob.com\/assets\/uploads\/sites\/4\/2010\/04\/Kasbah-Ennakhile-Nkob-restaurant-04.jpg 688w, https:\/\/www.kasbah-nkob.com\/assets\/uploads\/sites\/4\/2010\/04\/Kasbah-Ennakhile-Nkob-restaurant-04-215x300.jpg 215w\" sizes=\"(max-width: 688px) 100vw, 688px\" \/>\n\t\t\t<\/div>\n\t\t\t\t<figcaption class='wp-caption-text gallery-caption' id='gallery-1-655'>\n\t\t\t\tKasbah Ennakhile Nkob &#8211; restaurante\n\t\t\t\t<\/figcaption><\/figure>\n\t\t<\/div>\n\n","protected":false},"excerpt":{"rendered":"<p>Instalaciones del hotel Kasbah Ennakhile \u2013 Restaurante La magn\u00edfica Chef Lalla Zahra: Deliciosas recetas locales preparadas con ingredientes de la regi\u00f3n. Do\u00f1a Lalla Zahra prepara aut\u00e9ntica cocina local teniendo en cuenta el trasfondo cultural y cuidando la frescura de todos los productos que utiliza. El restaurante cuenta con diferentes espacios dentro de la kasbah \u2013 &hellip;<\/p>\n<p class=\"read-more\"> <a class=\"\" href=\"https:\/\/www.kasbah-nkob.com\/es\/nekob\/restaurant\/\"> <span class=\"screen-reader-text\">Restaurante<\/span> Read More &raquo;<\/a><\/p>\n","protected":false},"author":1,"featured_media":0,"parent":812,"menu_order":3,"comment_status":"closed","ping_status":"closed","template":"","meta":{"site-sidebar-layout":"default","site-content-layout":"default","ast-global-header-display":"","ast-main-header-display":"","ast-hfb-above-header-display":"","ast-hfb-below-header-display":"","ast-hfb-mobile-header-display":"","site-post-title":"","ast-breadcrumbs-content":"","ast-featured-img":"","footer-sml-layout":"","theme-transparent-header-meta":"default","adv-header-id-meta":"","stick-header-meta":"","header-above-stick-meta":"","header-main-stick-meta":"","header-below-stick-meta":"","footnotes":""},"_links":{"self":[{"href":"https:\/\/www.kasbah-nkob.com\/es\/wp-json\/wp\/v2\/pages\/814"}],"collection":[{"href":"https:\/\/www.kasbah-nkob.com\/es\/wp-json\/wp\/v2\/pages"}],"about":[{"href":"https:\/\/www.kasbah-nkob.com\/es\/wp-json\/wp\/v2\/types\/page"}],"author":[{"embeddable":true,"href":"https:\/\/www.kasbah-nkob.com\/es\/wp-json\/wp\/v2\/users\/1"}],"replies":[{"embeddable":true,"href":"https:\/\/www.kasbah-nkob.com\/es\/wp-json\/wp\/v2\/comments?post=814"}],"version-history":[{"count":2,"href":"https:\/\/www.kasbah-nkob.com\/es\/wp-json\/wp\/v2\/pages\/814\/revisions"}],"predecessor-version":[{"id":846,"href":"https:\/\/www.kasbah-nkob.com\/es\/wp-json\/wp\/v2\/pages\/814\/revisions\/846"}],"up":[{"embeddable":true,"href":"https:\/\/www.kasbah-nkob.com\/es\/wp-json\/wp\/v2\/pages\/812"}],"wp:attachment":[{"href":"https:\/\/www.kasbah-nkob.com\/es\/wp-json\/wp\/v2\/media?parent=814"}],"curies":[{"name":"wp","href":"https:\/\/api.w.org\/{rel}","templated":true}]}}