{"id":817,"date":"2010-04-26T12:04:09","date_gmt":"2010-04-26T12:04:09","guid":{"rendered":"http:\/\/kasbah_nkob.test\/es\/hossain-benaame\/"},"modified":"2021-09-06T09:44:03","modified_gmt":"2021-09-06T09:44:03","slug":"hossain-benaame","status":"publish","type":"page","link":"https:\/\/www.kasbah-nkob.com\/es\/hossain-benaame\/","title":{"rendered":"Qui\u00e9nes somos"},"content":{"rendered":"<h2>Historia del hotel Kasbah Ennakhile\/Hossaine Benaamer<\/h2>\n<p>La Kasbah Ennakhile es un hotel situado en el pueblo de Nekob, en el sur de Marruecos, a unos 360KM de Marrakesh. La Kasbah Ennakhile es dirigida por Hossaine Benaamer, un joven bereber nacido en 1981.<\/p>\n<p>Hossain y su amor por la vida componen una historia muy interesante y lo perfecto ejemplo de poder de superaci\u00f3n.<\/p>\n<figure id=\"attachment_608\" aria-describedby=\"caption-attachment-608\" style=\"width: 1600px\" class=\"wp-caption aligncenter\"><img loading=\"lazy\" decoding=\"async\" class=\"size-full wp-image-608\" src=\"http:\/\/www.kasbah-nkob.com\/hotel\/assets\/uploads\/2010\/04\/kasbah-nkob-about-us.jpg\" alt=\"Vista del pueblo Nkob del Hotel\" width=\"1600\" height=\"905\" srcset=\"https:\/\/www.kasbah-nkob.com\/assets\/uploads\/sites\/4\/2010\/04\/kasbah-nkob-about-us.jpg 1600w, https:\/\/www.kasbah-nkob.com\/assets\/uploads\/sites\/4\/2010\/04\/kasbah-nkob-about-us-300x170.jpg 300w, https:\/\/www.kasbah-nkob.com\/assets\/uploads\/sites\/4\/2010\/04\/kasbah-nkob-about-us-1024x579.jpg 1024w, https:\/\/www.kasbah-nkob.com\/assets\/uploads\/sites\/4\/2010\/04\/kasbah-nkob-about-us-768x434.jpg 768w, https:\/\/www.kasbah-nkob.com\/assets\/uploads\/sites\/4\/2010\/04\/kasbah-nkob-about-us-1536x869.jpg 1536w\" sizes=\"(max-width: 1600px) 100vw, 1600px\" \/><figcaption id=\"caption-attachment-608\" class=\"wp-caption-text\">Vista del pueblo Nkob del Hotel<\/figcaption><\/figure>\n<p>Tras sufrir intensamente por la muerte de su padre, la responsabilidad de convertirse en el cabeza de familia hizo que Hossain tuviera que comenzar a trabajar muy peque\u00f1o para poder ayudar a su madre y hermanos.<\/p>\n<p>El padre de Hossain, Lahcen Benaamer, un n\u00f3mada bereber que se asent\u00f3 en Nekob, donde construy\u00f3 una casa, era bien conocido por toda la regi\u00f3n como un artista \u00fanico, creador de bellas y exclusivas obras de arte en pared y techos. Su marca de identidad, la decoraci\u00f3n tipo Fez mezclada con colores tradicionales y la simplicidad bereber, hizo que Lacen Benaamer fuera y siga siendo muy conocido por toda la regi\u00f3n, donde pint\u00f3 m\u00e1s de 100 salones de la regi\u00f3n.<\/p>\n<p>Hossain se mud\u00f3 a Ouarzazate en 1997, donde comenz\u00f3 a trabajar en el restaurante Essalam, uno de los principales restaurantes de la ciudad. Durante esa estancia, dedic\u00f3 su tiempo libre a clases nocturnas de ingl\u00e9s y franc\u00e9s.<\/p>\n<p>En 1999, comenz\u00f3 a trabajar en <a href=\"http:\/\/www.amlalhotel.com\" target=\"_blank\" rel=\"noopener\">Hotel Amlal<\/a>, localizado en pleno centro de Ouarzazate y propiedad de la familia Hossain. All\u00ed aprendi\u00f3 a tratar al cliente turista y a desarrollar ideas para mejorar el hotel, as\u00ed como a descubrir su funcionamiento interno.<\/p>\n<p>Despu\u00e9s de rechazar propuestas de varias agencias de trekking y excursiones de Ouarzazate, Hossain decidi\u00f3 volver a su pueblo, con la intenci\u00f3n de abrir un hotel en el que acoger a aquellos clientes que se alojaban en el hotel de la familia en Ouarzazate.<\/p>\n<hr \/>\n<figure id=\"attachment_610\" aria-describedby=\"caption-attachment-610\" style=\"width: 960px\" class=\"wp-caption aligncenter\"><img loading=\"lazy\" decoding=\"async\" class=\"size-full wp-image-610\" src=\"http:\/\/www.kasbah-nkob.com\/hotel\/assets\/uploads\/2010\/04\/Kasbah-Nkob-Ennakhile-entrance-3.jpg\" alt=\"Entrada Kasbah Nkob Ennakhile\" width=\"960\" height=\"540\" srcset=\"https:\/\/www.kasbah-nkob.com\/assets\/uploads\/sites\/4\/2010\/04\/Kasbah-Nkob-Ennakhile-entrance-3.jpg 960w, https:\/\/www.kasbah-nkob.com\/assets\/uploads\/sites\/4\/2010\/04\/Kasbah-Nkob-Ennakhile-entrance-3-300x169.jpg 300w, https:\/\/www.kasbah-nkob.com\/assets\/uploads\/sites\/4\/2010\/04\/Kasbah-Nkob-Ennakhile-entrance-3-768x432.jpg 768w\" sizes=\"(max-width: 960px) 100vw, 960px\" \/><figcaption id=\"caption-attachment-610\" class=\"wp-caption-text\">Entrada Kasbah Nkob Ennakhile<\/figcaption><\/figure>\n<h2>La apertura del Hotel Kasbah Ennakhile<\/h2>\n<p>En 2002, Hossain abre un hostal de cuatro habitaciones, la semilla para un proyecto mayor: la Kasbah Ennakhile, un hotel de gran calidad, donde podr\u00eda ofrecer el mejor alojamiento y servicio de restauraci\u00f3n al viajero que llegara a Nekob. Hossain es un experimentado gu\u00eda de desierto y monta\u00f1a. Las opciones de trekking que propone son siempre sorprendentes y las rutas que conoce por las monta\u00f1as son las m\u00e1s bellas y reconocidas en toda la regi\u00f3n.<\/p>\n<hr \/>\n<figure id=\"attachment_612\" aria-describedby=\"caption-attachment-612\" style=\"width: 960px\" class=\"wp-caption aligncenter\"><img loading=\"lazy\" decoding=\"async\" class=\"size-full wp-image-612\" src=\"http:\/\/www.kasbah-nkob.com\/hotel\/assets\/uploads\/2010\/04\/Kasbah-Ennakhile-Cooperative-for-Development-.jpg\" alt=\"Kasbah Ennakhile - Cooperativa para el Desarrollo\" width=\"960\" height=\"859\" srcset=\"https:\/\/www.kasbah-nkob.com\/assets\/uploads\/sites\/4\/2010\/04\/Kasbah-Ennakhile-Cooperative-for-Development-.jpg 960w, https:\/\/www.kasbah-nkob.com\/assets\/uploads\/sites\/4\/2010\/04\/Kasbah-Ennakhile-Cooperative-for-Development--300x268.jpg 300w, https:\/\/www.kasbah-nkob.com\/assets\/uploads\/sites\/4\/2010\/04\/Kasbah-Ennakhile-Cooperative-for-Development--768x687.jpg 768w\" sizes=\"(max-width: 960px) 100vw, 960px\" \/><figcaption id=\"caption-attachment-612\" class=\"wp-caption-text\">Kasbah Ennakhile &#8211; Cooperativa para el Desarrollo<\/figcaption><\/figure>\n<h2>El pueblo que creci\u00f3 para el mundo<\/h2>\n<p>Hossain r\u00e1pidamente se dio cuenta de que su \u00e9xito depend\u00eda del crecimiento de su aldea.<\/p>\n<p>Hossain es presidente de la Cooperativa para el Desarrollo de Nekob, una asociaci\u00f3n local que promueve el desarrollo de las mujeres bereberes, que tejen alfombras t\u00edpicas, fabrican perfumes y variada artesan\u00eda local.<\/p>\n<p>Las mujeres reciben un precio justo por sus trabajos y esta organizaci\u00f3n sin \u00e1nimo de lucro se encarga de vender la mercanc\u00eda.<\/p>\n<p>La Cooperativa para el Desarrollo es tambi\u00e9n responsable por la recogida de basura del pueblo y garantiza los camiones y la mano de obra, con el fin de mejorar la calidad de vida y fomentar el desarrollo de la localidad.<\/p>\n","protected":false},"excerpt":{"rendered":"<p>Historia del hotel Kasbah Ennakhile\/Hossaine Benaamer La Kasbah Ennakhile es un hotel situado en el pueblo de Nekob, en el sur de Marruecos, a unos 360KM de Marrakesh. La Kasbah Ennakhile es dirigida por Hossaine Benaamer, un joven bereber nacido en 1981. Hossain y su amor por la vida componen una historia muy interesante y &hellip;<\/p>\n<p class=\"read-more\"> <a class=\"\" href=\"https:\/\/www.kasbah-nkob.com\/es\/hossain-benaame\/\"> <span class=\"screen-reader-text\">Qui\u00e9nes somos<\/span> Read More &raquo;<\/a><\/p>\n","protected":false},"author":1,"featured_media":0,"parent":0,"menu_order":2,"comment_status":"closed","ping_status":"closed","template":"","meta":{"site-sidebar-layout":"default","site-content-layout":"default","ast-global-header-display":"","ast-main-header-display":"","ast-hfb-above-header-display":"","ast-hfb-below-header-display":"","ast-hfb-mobile-header-display":"","site-post-title":"","ast-breadcrumbs-content":"","ast-featured-img":"","footer-sml-layout":"","theme-transparent-header-meta":"default","adv-header-id-meta":"","stick-header-meta":"","header-above-stick-meta":"","header-main-stick-meta":"","header-below-stick-meta":"","footnotes":""},"_links":{"self":[{"href":"https:\/\/www.kasbah-nkob.com\/es\/wp-json\/wp\/v2\/pages\/817"}],"collection":[{"href":"https:\/\/www.kasbah-nkob.com\/es\/wp-json\/wp\/v2\/pages"}],"about":[{"href":"https:\/\/www.kasbah-nkob.com\/es\/wp-json\/wp\/v2\/types\/page"}],"author":[{"embeddable":true,"href":"https:\/\/www.kasbah-nkob.com\/es\/wp-json\/wp\/v2\/users\/1"}],"replies":[{"embeddable":true,"href":"https:\/\/www.kasbah-nkob.com\/es\/wp-json\/wp\/v2\/comments?post=817"}],"version-history":[{"count":2,"href":"https:\/\/www.kasbah-nkob.com\/es\/wp-json\/wp\/v2\/pages\/817\/revisions"}],"predecessor-version":[{"id":839,"href":"https:\/\/www.kasbah-nkob.com\/es\/wp-json\/wp\/v2\/pages\/817\/revisions\/839"}],"wp:attachment":[{"href":"https:\/\/www.kasbah-nkob.com\/es\/wp-json\/wp\/v2\/media?parent=817"}],"curies":[{"name":"wp","href":"https:\/\/api.w.org\/{rel}","templated":true}]}}