{"id":23,"date":"2010-04-23T22:27:50","date_gmt":"2010-04-23T22:27:50","guid":{"rendered":"http:\/\/kasbah_nkob.test\/fr\/excursions\/"},"modified":"2021-09-06T10:19:31","modified_gmt":"2021-09-06T10:19:31","slug":"excursions","status":"publish","type":"page","link":"https:\/\/www.kasbah-nkob.com\/fr\/excursions\/","title":{"rendered":"Excursions"},"content":{"rendered":"<h2>Kasbah Ennakhile \u2013 Trekking et Excursions<\/h2>\n<p>Le Kasbah Ennakhile offre de tr\u00e8s bonnes opportunit\u00e9s de trekking, qui permettent de profiter \u00e0 la fois des montagnes d\u00e9sertes et des oasis. Ces excursions sont l\u2019occasion d\u2019explorer des zones encore vierges, de rencontrer des nomades, et de s\u2019\u00e9merveiller des paysages fantastiques aux abords des montagnes Saghrou.<\/p>\n<p>Le Kasbah Ennakhile propose une excursion d\u2019un jour autour de Nekob ainsi qu\u2019une excursion de plusieurs jours dans les montagnes, avec des caravanes de chameaux et de singes pour porter les vivres.<\/p>\n<figure id=\"attachment_674\" aria-describedby=\"caption-attachment-674\" style=\"width: 1600px\" class=\"wp-caption aligncenter\"><img loading=\"lazy\" decoding=\"async\" class=\"size-full wp-image-674\" src=\"http:\/\/www.kasbah-nkob.com\/hotel\/assets\/uploads\/2010\/04\/Kasbah-Nkob-Ennakhile-Excursions-05a.jpg\" alt=\"Kasbah Nkob Ennakhile - Trekking et Excursions\" width=\"1600\" height=\"900\" srcset=\"https:\/\/www.kasbah-nkob.com\/assets\/uploads\/sites\/5\/2010\/04\/Kasbah-Nkob-Ennakhile-Excursions-05a.jpg 1600w, https:\/\/www.kasbah-nkob.com\/assets\/uploads\/sites\/5\/2010\/04\/Kasbah-Nkob-Ennakhile-Excursions-05a-300x169.jpg 300w, https:\/\/www.kasbah-nkob.com\/assets\/uploads\/sites\/5\/2010\/04\/Kasbah-Nkob-Ennakhile-Excursions-05a-1024x576.jpg 1024w, https:\/\/www.kasbah-nkob.com\/assets\/uploads\/sites\/5\/2010\/04\/Kasbah-Nkob-Ennakhile-Excursions-05a-768x432.jpg 768w, https:\/\/www.kasbah-nkob.com\/assets\/uploads\/sites\/5\/2010\/04\/Kasbah-Nkob-Ennakhile-Excursions-05a-1536x864.jpg 1536w\" sizes=\"(max-width: 1600px) 100vw, 1600px\" \/><figcaption id=\"caption-attachment-674\" class=\"wp-caption-text\">Kasbah Nkob Ennakhile &#8211; Trekking et Excursions<\/figcaption><\/figure>\n<blockquote class=\"hotel__block floatl\"><p><img loading=\"lazy\" decoding=\"async\" class=\"aligncenter size-full wp-image-675\" src=\"http:\/\/www.kasbah-nkob.com\/hotel\/assets\/uploads\/2010\/04\/marrocos-adgz-nkob-kasbah-ennakhile-35-768x.jpg\" alt=\"Maroc Adgz Nkob Kasbah Ennakhile\" width=\"768\" height=\"576\" srcset=\"https:\/\/www.kasbah-nkob.com\/assets\/uploads\/sites\/5\/2010\/04\/marrocos-adgz-nkob-kasbah-ennakhile-35-768x.jpg 768w, https:\/\/www.kasbah-nkob.com\/assets\/uploads\/sites\/5\/2010\/04\/marrocos-adgz-nkob-kasbah-ennakhile-35-768x-300x225.jpg 300w\" sizes=\"(max-width: 768px) 100vw, 768px\" \/><\/p>\n<h3 class=\"clearb\">7 jours : Montagnes + D\u00e9sert, Trek dans les montagnes marocaines<\/h3>\n<table class=\"clearb\">\n<tbody>\n<tr>\n<td><strong>D\u00e9part<\/strong><\/td>\n<td><strong>Nuit ( bivouac )<\/strong><\/td>\n<\/tr>\n<tr>\n<td>Tizi-n-Tzazerta 2400m<\/td>\n<\/tr>\n<tr>\n<td>Tizi-n-Tzazerta 2400m<\/td>\n<td>Ighazoune<\/td>\n<\/tr>\n<tr>\n<td>Ighazoune<\/td>\n<td>Talat<\/td>\n<\/tr>\n<tr>\n<td>Talat<\/td>\n<td>Draa Valley<\/td>\n<\/tr>\n<tr>\n<td>Draa Valley<\/td>\n<td>Tagnite<\/td>\n<\/tr>\n<tr>\n<td>Tagnite<\/td>\n<td>Erg Ait Onir<\/td>\n<\/tr>\n<tr>\n<td>Erg Ait Onir<\/td>\n<td>Beni Sbih<\/td>\n<\/tr>\n<tr>\n<td>Beni Sbih<\/td>\n<td>Oulad Driss<\/td>\n<\/tr>\n<\/tbody>\n<\/table>\n<\/blockquote>\n<blockquote class=\"hotel__block floatr\"><p><img loading=\"lazy\" decoding=\"async\" class=\"aligncenter size-full wp-image-676\" src=\"http:\/\/www.kasbah-nkob.com\/hotel\/assets\/uploads\/2010\/04\/kasbah-nkob-hotel-mhamid-sahara-desert-768.jpg\" alt=\"M'hamid - Sahara Desert - Kasbah Ennakhile, Hotel Nkob Morocco\" width=\"768\" height=\"576\" srcset=\"https:\/\/www.kasbah-nkob.com\/assets\/uploads\/sites\/5\/2010\/04\/kasbah-nkob-hotel-mhamid-sahara-desert-768.jpg 768w, https:\/\/www.kasbah-nkob.com\/assets\/uploads\/sites\/5\/2010\/04\/kasbah-nkob-hotel-mhamid-sahara-desert-768-300x225.jpg 300w\" sizes=\"(max-width: 768px) 100vw, 768px\" \/><\/p>\n<h3 class=\"clearb\">5 jours : D\u00e9sert, Trek dans le d\u00e9sert marocain<\/h3>\n<table>\n<tbody>\n<tr>\n<td><strong>D\u00e9part<\/strong><\/td>\n<td><strong>Nuit ( bivouac )<\/strong><\/td>\n<\/tr>\n<tr>\n<td>Mhamid<\/td>\n<td>N&#8217;khela<\/td>\n<\/tr>\n<tr>\n<td>N&#8217;khela<\/td>\n<td>Awtid<\/td>\n<\/tr>\n<tr>\n<td>Awtid<\/td>\n<td>Erg Ighoul<\/td>\n<\/tr>\n<tr>\n<td>Erg Ighoul<\/td>\n<td>Renka Kakouil<\/td>\n<\/tr>\n<tr>\n<td>Imi Nouad Latech<\/td>\n<td>Zaouit Abd Nbi<\/td>\n<\/tr>\n<\/tbody>\n<\/table>\n<\/blockquote>\n<blockquote class=\"hotel__block hotel__block_wide floatl clearb\"><p><img loading=\"lazy\" decoding=\"async\" class=\"aligncenter size-full wp-image-467\" src=\"http:\/\/www.kasbah-nkob.com\/hotel\/assets\/uploads\/2010\/04\/kasbah-nkob-Dades-Gorge-1200.jpg\" alt=\"Excursion Dades Gorge - Kasbah Ennakhile, Hotel Nkob Morocco\" width=\"1200\" height=\"463\" srcset=\"https:\/\/www.kasbah-nkob.com\/assets\/uploads\/sites\/5\/2010\/04\/kasbah-nkob-Dades-Gorge-1200.jpg 1200w, https:\/\/www.kasbah-nkob.com\/assets\/uploads\/sites\/5\/2010\/04\/kasbah-nkob-Dades-Gorge-1200-300x116.jpg 300w, https:\/\/www.kasbah-nkob.com\/assets\/uploads\/sites\/5\/2010\/04\/kasbah-nkob-Dades-Gorge-1200-1024x395.jpg 1024w, https:\/\/www.kasbah-nkob.com\/assets\/uploads\/sites\/5\/2010\/04\/kasbah-nkob-Dades-Gorge-1200-768x296.jpg 768w\" sizes=\"(max-width: 1200px) 100vw, 1200px\" \/><\/p>\n<h3 class=\"clearb\">5 Jours: Nkob \u00e0 Boumalne Dades<\/h3>\n<table>\n<tbody>\n<tr>\n<td><strong>D\u00e9part<\/strong><\/td>\n<td><strong>Nuit ( bivouac )<\/strong><\/td>\n<\/tr>\n<tr>\n<td>Nkob<\/td>\n<td>Tifdassine<\/td>\n<\/tr>\n<tr>\n<td>Tifdassine<\/td>\n<td>Ighissi<\/td>\n<\/tr>\n<tr>\n<td>Ighissi<\/td>\n<td>Igli<\/td>\n<\/tr>\n<tr>\n<td>Igli<\/td>\n<td>Ouin ifilan<\/td>\n<\/tr>\n<tr>\n<td>Ouin ifilan<\/td>\n<td>Ikniowen<\/td>\n<\/tr>\n<\/tbody>\n<\/table>\n<\/blockquote>\n<h3 class=\"clearb\">Photos d\u2019excursions et de trekking dans la r\u00e9gion de Nekob<\/h3>\n<div id='gallery-1' class='gallery galleryid-23 gallery-columns-3 gallery-size-medium'><figure class='gallery-item'>\n\t\t\t<div class='gallery-icon landscape'>\n\t\t\t\t<img loading=\"lazy\" decoding=\"async\" width=\"300\" height=\"197\" src=\"https:\/\/www.kasbah-nkob.com\/assets\/uploads\/sites\/5\/2012\/11\/Road-Saghro-Mountains-300x197.jpg\" class=\"attachment-medium size-medium\" alt=\"Road to the Saghro Mountains\" srcset=\"https:\/\/www.kasbah-nkob.com\/assets\/uploads\/sites\/5\/2012\/11\/Road-Saghro-Mountains-300x197.jpg 300w, https:\/\/www.kasbah-nkob.com\/assets\/uploads\/sites\/5\/2012\/11\/Road-Saghro-Mountains.jpg 500w\" sizes=\"(max-width: 300px) 100vw, 300px\" \/>\n\t\t\t<\/div><\/figure><figure class='gallery-item'>\n\t\t\t<div class='gallery-icon landscape'>\n\t\t\t\t<img loading=\"lazy\" decoding=\"async\" width=\"300\" height=\"225\" src=\"https:\/\/www.kasbah-nkob.com\/assets\/uploads\/sites\/5\/2010\/04\/Kasbah-Nkob-Ennakhile-Excursions-03-300x225.jpg\" class=\"attachment-medium size-medium\" alt=\"Kasbah Nkob Ennakhile - Excursions\" aria-describedby=\"gallery-1-677\" srcset=\"https:\/\/www.kasbah-nkob.com\/assets\/uploads\/sites\/5\/2010\/04\/Kasbah-Nkob-Ennakhile-Excursions-03-300x225.jpg 300w, https:\/\/www.kasbah-nkob.com\/assets\/uploads\/sites\/5\/2010\/04\/Kasbah-Nkob-Ennakhile-Excursions-03-1024x768.jpg 1024w, https:\/\/www.kasbah-nkob.com\/assets\/uploads\/sites\/5\/2010\/04\/Kasbah-Nkob-Ennakhile-Excursions-03-768x576.jpg 768w, https:\/\/www.kasbah-nkob.com\/assets\/uploads\/sites\/5\/2010\/04\/Kasbah-Nkob-Ennakhile-Excursions-03.jpg 1280w\" sizes=\"(max-width: 300px) 100vw, 300px\" \/>\n\t\t\t<\/div>\n\t\t\t\t<figcaption class='wp-caption-text gallery-caption' id='gallery-1-677'>\n\t\t\t\tKasbah Nkob Ennakhile &#8211; Excursions\n\t\t\t\t<\/figcaption><\/figure><figure class='gallery-item'>\n\t\t\t<div class='gallery-icon landscape'>\n\t\t\t\t<img loading=\"lazy\" decoding=\"async\" width=\"300\" height=\"169\" src=\"https:\/\/www.kasbah-nkob.com\/assets\/uploads\/sites\/5\/2010\/04\/Kasbah-Nkob-Ennakhile-Excursions-04-300x169.jpg\" class=\"attachment-medium size-medium\" alt=\"Kasbah Nkob Ennakhile - Excursions\" aria-describedby=\"gallery-1-678\" srcset=\"https:\/\/www.kasbah-nkob.com\/assets\/uploads\/sites\/5\/2010\/04\/Kasbah-Nkob-Ennakhile-Excursions-04-300x169.jpg 300w, https:\/\/www.kasbah-nkob.com\/assets\/uploads\/sites\/5\/2010\/04\/Kasbah-Nkob-Ennakhile-Excursions-04-1024x576.jpg 1024w, https:\/\/www.kasbah-nkob.com\/assets\/uploads\/sites\/5\/2010\/04\/Kasbah-Nkob-Ennakhile-Excursions-04-768x432.jpg 768w, https:\/\/www.kasbah-nkob.com\/assets\/uploads\/sites\/5\/2010\/04\/Kasbah-Nkob-Ennakhile-Excursions-04.jpg 1279w\" sizes=\"(max-width: 300px) 100vw, 300px\" \/>\n\t\t\t<\/div>\n\t\t\t\t<figcaption class='wp-caption-text gallery-caption' id='gallery-1-678'>\n\t\t\t\tKasbah Nkob Ennakhile &#8211; Excursions\n\t\t\t\t<\/figcaption><\/figure><figure class='gallery-item'>\n\t\t\t<div class='gallery-icon landscape'>\n\t\t\t\t<img loading=\"lazy\" decoding=\"async\" width=\"300\" height=\"225\" src=\"https:\/\/www.kasbah-nkob.com\/assets\/uploads\/sites\/5\/2010\/04\/Kasbah-Nkob-Ennakhile-Excursions-01-300x225.jpg\" class=\"attachment-medium size-medium\" alt=\"Kasbah Nkob Ennakhile - Excursions\" aria-describedby=\"gallery-1-679\" srcset=\"https:\/\/www.kasbah-nkob.com\/assets\/uploads\/sites\/5\/2010\/04\/Kasbah-Nkob-Ennakhile-Excursions-01-300x225.jpg 300w, https:\/\/www.kasbah-nkob.com\/assets\/uploads\/sites\/5\/2010\/04\/Kasbah-Nkob-Ennakhile-Excursions-01-1024x768.jpg 1024w, https:\/\/www.kasbah-nkob.com\/assets\/uploads\/sites\/5\/2010\/04\/Kasbah-Nkob-Ennakhile-Excursions-01-768x576.jpg 768w, https:\/\/www.kasbah-nkob.com\/assets\/uploads\/sites\/5\/2010\/04\/Kasbah-Nkob-Ennakhile-Excursions-01.jpg 1280w\" sizes=\"(max-width: 300px) 100vw, 300px\" \/>\n\t\t\t<\/div>\n\t\t\t\t<figcaption class='wp-caption-text gallery-caption' id='gallery-1-679'>\n\t\t\t\tKasbah Nkob Ennakhile &#8211; Excursions\n\t\t\t\t<\/figcaption><\/figure><figure class='gallery-item'>\n\t\t\t<div class='gallery-icon landscape'>\n\t\t\t\t<img loading=\"lazy\" decoding=\"async\" width=\"300\" height=\"225\" src=\"https:\/\/www.kasbah-nkob.com\/assets\/uploads\/sites\/5\/2010\/04\/Kasbah-Nkob-Ennakhile-Excursions-02-300x225.jpg\" class=\"attachment-medium size-medium\" alt=\"Kasbah Nkob Ennakhile - Excursions\" aria-describedby=\"gallery-1-680\" srcset=\"https:\/\/www.kasbah-nkob.com\/assets\/uploads\/sites\/5\/2010\/04\/Kasbah-Nkob-Ennakhile-Excursions-02-300x225.jpg 300w, https:\/\/www.kasbah-nkob.com\/assets\/uploads\/sites\/5\/2010\/04\/Kasbah-Nkob-Ennakhile-Excursions-02-1024x768.jpg 1024w, https:\/\/www.kasbah-nkob.com\/assets\/uploads\/sites\/5\/2010\/04\/Kasbah-Nkob-Ennakhile-Excursions-02-768x576.jpg 768w, https:\/\/www.kasbah-nkob.com\/assets\/uploads\/sites\/5\/2010\/04\/Kasbah-Nkob-Ennakhile-Excursions-02.jpg 1280w\" sizes=\"(max-width: 300px) 100vw, 300px\" \/>\n\t\t\t<\/div>\n\t\t\t\t<figcaption class='wp-caption-text gallery-caption' id='gallery-1-680'>\n\t\t\t\tKasbah Nkob Ennakhile &#8211; Excursions\n\t\t\t\t<\/figcaption><\/figure><figure class='gallery-item'>\n\t\t\t<div class='gallery-icon landscape'>\n\t\t\t\t<img loading=\"lazy\" decoding=\"async\" width=\"300\" height=\"200\" src=\"https:\/\/www.kasbah-nkob.com\/assets\/uploads\/sites\/5\/2010\/04\/hotel-nkob-kasbah-16-300x200.jpg\" class=\"attachment-medium size-medium\" alt=\"\" srcset=\"https:\/\/www.kasbah-nkob.com\/assets\/uploads\/sites\/5\/2010\/04\/hotel-nkob-kasbah-16-300x200.jpg 300w, https:\/\/www.kasbah-nkob.com\/assets\/uploads\/sites\/5\/2010\/04\/hotel-nkob-kasbah-16-1024x682.jpg 1024w, https:\/\/www.kasbah-nkob.com\/assets\/uploads\/sites\/5\/2010\/04\/hotel-nkob-kasbah-16-768x512.jpg 768w, https:\/\/www.kasbah-nkob.com\/assets\/uploads\/sites\/5\/2010\/04\/hotel-nkob-kasbah-16.jpg 1280w\" sizes=\"(max-width: 300px) 100vw, 300px\" \/>\n\t\t\t<\/div><\/figure><figure class='gallery-item'>\n\t\t\t<div class='gallery-icon landscape'>\n\t\t\t\t<img loading=\"lazy\" decoding=\"async\" width=\"240\" height=\"180\" src=\"https:\/\/www.kasbah-nkob.com\/assets\/uploads\/sites\/5\/2012\/03\/dades.jpg\" class=\"attachment-medium size-medium\" alt=\"\" \/>\n\t\t\t<\/div><\/figure><figure class='gallery-item'>\n\t\t\t<div class='gallery-icon landscape'>\n\t\t\t\t<img loading=\"lazy\" decoding=\"async\" width=\"300\" height=\"200\" src=\"https:\/\/www.kasbah-nkob.com\/assets\/uploads\/sites\/5\/2010\/04\/hotel-nkob-kasbah-15-300x200.jpg\" class=\"attachment-medium size-medium\" alt=\"\" srcset=\"https:\/\/www.kasbah-nkob.com\/assets\/uploads\/sites\/5\/2010\/04\/hotel-nkob-kasbah-15-300x200.jpg 300w, https:\/\/www.kasbah-nkob.com\/assets\/uploads\/sites\/5\/2010\/04\/hotel-nkob-kasbah-15-1024x682.jpg 1024w, https:\/\/www.kasbah-nkob.com\/assets\/uploads\/sites\/5\/2010\/04\/hotel-nkob-kasbah-15-768x512.jpg 768w, https:\/\/www.kasbah-nkob.com\/assets\/uploads\/sites\/5\/2010\/04\/hotel-nkob-kasbah-15.jpg 1280w\" sizes=\"(max-width: 300px) 100vw, 300px\" \/>\n\t\t\t<\/div><\/figure><figure class='gallery-item'>\n\t\t\t<div class='gallery-icon landscape'>\n\t\t\t\t<img loading=\"lazy\" decoding=\"async\" width=\"300\" height=\"170\" src=\"https:\/\/www.kasbah-nkob.com\/assets\/uploads\/sites\/5\/2010\/04\/marrocos-adgz-nkob-kasbah-ennakhile-06-1200-300x170.jpg\" class=\"attachment-medium size-medium\" alt=\"Morocco adgz nkob kasbah ennakhile\" srcset=\"https:\/\/www.kasbah-nkob.com\/assets\/uploads\/sites\/5\/2010\/04\/marrocos-adgz-nkob-kasbah-ennakhile-06-1200-300x170.jpg 300w, https:\/\/www.kasbah-nkob.com\/assets\/uploads\/sites\/5\/2010\/04\/marrocos-adgz-nkob-kasbah-ennakhile-06-1200-1024x579.jpg 1024w, https:\/\/www.kasbah-nkob.com\/assets\/uploads\/sites\/5\/2010\/04\/marrocos-adgz-nkob-kasbah-ennakhile-06-1200-768x434.jpg 768w, https:\/\/www.kasbah-nkob.com\/assets\/uploads\/sites\/5\/2010\/04\/marrocos-adgz-nkob-kasbah-ennakhile-06-1200.jpg 1200w\" sizes=\"(max-width: 300px) 100vw, 300px\" \/>\n\t\t\t<\/div><\/figure><figure class='gallery-item'>\n\t\t\t<div class='gallery-icon landscape'>\n\t\t\t\t<img loading=\"lazy\" decoding=\"async\" width=\"300\" height=\"169\" src=\"https:\/\/www.kasbah-nkob.com\/assets\/uploads\/sites\/5\/2010\/04\/kasbah-nkob-hotel-09-300x169.jpg\" class=\"attachment-medium size-medium\" alt=\"\" srcset=\"https:\/\/www.kasbah-nkob.com\/assets\/uploads\/sites\/5\/2010\/04\/kasbah-nkob-hotel-09-300x169.jpg 300w, https:\/\/www.kasbah-nkob.com\/assets\/uploads\/sites\/5\/2010\/04\/kasbah-nkob-hotel-09-768x432.jpg 768w, https:\/\/www.kasbah-nkob.com\/assets\/uploads\/sites\/5\/2010\/04\/kasbah-nkob-hotel-09.jpg 960w\" sizes=\"(max-width: 300px) 100vw, 300px\" \/>\n\t\t\t<\/div><\/figure><figure class='gallery-item'>\n\t\t\t<div class='gallery-icon landscape'>\n\t\t\t\t<img loading=\"lazy\" decoding=\"async\" width=\"300\" height=\"169\" src=\"https:\/\/www.kasbah-nkob.com\/assets\/uploads\/sites\/5\/2010\/04\/kasbah-nkob-hotel-10-300x169.jpg\" class=\"attachment-medium size-medium\" alt=\"\" srcset=\"https:\/\/www.kasbah-nkob.com\/assets\/uploads\/sites\/5\/2010\/04\/kasbah-nkob-hotel-10-300x169.jpg 300w, https:\/\/www.kasbah-nkob.com\/assets\/uploads\/sites\/5\/2010\/04\/kasbah-nkob-hotel-10-768x432.jpg 768w, https:\/\/www.kasbah-nkob.com\/assets\/uploads\/sites\/5\/2010\/04\/kasbah-nkob-hotel-10.jpg 960w\" sizes=\"(max-width: 300px) 100vw, 300px\" \/>\n\t\t\t<\/div><\/figure><figure class='gallery-item'>\n\t\t\t<div class='gallery-icon landscape'>\n\t\t\t\t<img loading=\"lazy\" decoding=\"async\" width=\"300\" height=\"225\" src=\"https:\/\/www.kasbah-nkob.com\/assets\/uploads\/sites\/5\/2010\/04\/marrocos-adgz-nkob-kasbah-ennakhile-34-1200-300x225.jpg\" class=\"attachment-medium size-medium\" alt=\"\" srcset=\"https:\/\/www.kasbah-nkob.com\/assets\/uploads\/sites\/5\/2010\/04\/marrocos-adgz-nkob-kasbah-ennakhile-34-1200-300x225.jpg 300w, https:\/\/www.kasbah-nkob.com\/assets\/uploads\/sites\/5\/2010\/04\/marrocos-adgz-nkob-kasbah-ennakhile-34-1200-1024x768.jpg 1024w, https:\/\/www.kasbah-nkob.com\/assets\/uploads\/sites\/5\/2010\/04\/marrocos-adgz-nkob-kasbah-ennakhile-34-1200-768x576.jpg 768w, https:\/\/www.kasbah-nkob.com\/assets\/uploads\/sites\/5\/2010\/04\/marrocos-adgz-nkob-kasbah-ennakhile-34-1200.jpg 1200w\" sizes=\"(max-width: 300px) 100vw, 300px\" \/>\n\t\t\t<\/div><\/figure><figure class='gallery-item'>\n\t\t\t<div class='gallery-icon landscape'>\n\t\t\t\t<img loading=\"lazy\" decoding=\"async\" width=\"300\" height=\"225\" src=\"https:\/\/www.kasbah-nkob.com\/assets\/uploads\/sites\/5\/2010\/04\/marrocos-adgz-nkob-kasbah-ennakhile-10_1200-300x225.jpg\" class=\"attachment-medium size-medium\" alt=\"\" srcset=\"https:\/\/www.kasbah-nkob.com\/assets\/uploads\/sites\/5\/2010\/04\/marrocos-adgz-nkob-kasbah-ennakhile-10_1200-300x225.jpg 300w, https:\/\/www.kasbah-nkob.com\/assets\/uploads\/sites\/5\/2010\/04\/marrocos-adgz-nkob-kasbah-ennakhile-10_1200-1024x768.jpg 1024w, https:\/\/www.kasbah-nkob.com\/assets\/uploads\/sites\/5\/2010\/04\/marrocos-adgz-nkob-kasbah-ennakhile-10_1200-768x576.jpg 768w, https:\/\/www.kasbah-nkob.com\/assets\/uploads\/sites\/5\/2010\/04\/marrocos-adgz-nkob-kasbah-ennakhile-10_1200.jpg 1200w\" sizes=\"(max-width: 300px) 100vw, 300px\" \/>\n\t\t\t<\/div><\/figure><figure class='gallery-item'>\n\t\t\t<div class='gallery-icon landscape'>\n\t\t\t\t<img loading=\"lazy\" decoding=\"async\" width=\"300\" height=\"225\" src=\"https:\/\/www.kasbah-nkob.com\/assets\/uploads\/sites\/5\/2010\/04\/kasbah-nkob-trek-draa-300x225.jpg\" class=\"attachment-medium size-medium\" alt=\"kasbah nkob trek draa\" srcset=\"https:\/\/www.kasbah-nkob.com\/assets\/uploads\/sites\/5\/2010\/04\/kasbah-nkob-trek-draa-300x225.jpg 300w, https:\/\/www.kasbah-nkob.com\/assets\/uploads\/sites\/5\/2010\/04\/kasbah-nkob-trek-draa-1024x768.jpg 1024w, https:\/\/www.kasbah-nkob.com\/assets\/uploads\/sites\/5\/2010\/04\/kasbah-nkob-trek-draa-768x576.jpg 768w, https:\/\/www.kasbah-nkob.com\/assets\/uploads\/sites\/5\/2010\/04\/kasbah-nkob-trek-draa.jpg 1280w\" sizes=\"(max-width: 300px) 100vw, 300px\" \/>\n\t\t\t<\/div><\/figure><figure class='gallery-item'>\n\t\t\t<div class='gallery-icon portrait'>\n\t\t\t\t<img loading=\"lazy\" decoding=\"async\" width=\"225\" height=\"300\" src=\"https:\/\/www.kasbah-nkob.com\/assets\/uploads\/sites\/5\/2012\/11\/Hotel-Zagora-Nkob-Togra-Gorge-225x300.png\" class=\"attachment-medium size-medium\" alt=\"Hotel Zagora Nkob Togra Gorge\" srcset=\"https:\/\/www.kasbah-nkob.com\/assets\/uploads\/sites\/5\/2012\/11\/Hotel-Zagora-Nkob-Togra-Gorge-225x300.png 225w, https:\/\/www.kasbah-nkob.com\/assets\/uploads\/sites\/5\/2012\/11\/Hotel-Zagora-Nkob-Togra-Gorge.png 240w\" sizes=\"(max-width: 225px) 100vw, 225px\" \/>\n\t\t\t<\/div><\/figure><figure class='gallery-item'>\n\t\t\t<div class='gallery-icon landscape'>\n\t\t\t\t<img loading=\"lazy\" decoding=\"async\" width=\"240\" height=\"180\" src=\"https:\/\/www.kasbah-nkob.com\/assets\/uploads\/sites\/5\/2012\/11\/Kasbah-Nkob-excursions-donkey-trekking.png\" class=\"attachment-medium size-medium\" alt=\"\" \/>\n\t\t\t<\/div><\/figure><figure class='gallery-item'>\n\t\t\t<div class='gallery-icon landscape'>\n\t\t\t\t<img loading=\"lazy\" decoding=\"async\" width=\"240\" height=\"159\" src=\"https:\/\/www.kasbah-nkob.com\/assets\/uploads\/sites\/5\/2012\/11\/Hotel-Nkob-excursion-palm-grove.png\" class=\"attachment-medium size-medium\" alt=\"Hotel Nkob Excursion - palm grove\" \/>\n\t\t\t<\/div><\/figure><figure class='gallery-item'>\n\t\t\t<div class='gallery-icon landscape'>\n\t\t\t\t<img loading=\"lazy\" decoding=\"async\" width=\"240\" height=\"172\" src=\"https:\/\/www.kasbah-nkob.com\/assets\/uploads\/sites\/5\/2012\/11\/Todra_Gorge_hotel_nkob_240.png\" class=\"attachment-medium size-medium\" alt=\"Todra Gorge hotel Nkob\" \/>\n\t\t\t<\/div><\/figure><figure class='gallery-item'>\n\t\t\t<div class='gallery-icon landscape'>\n\t\t\t\t<img loading=\"lazy\" decoding=\"async\" width=\"240\" height=\"150\" src=\"https:\/\/www.kasbah-nkob.com\/assets\/uploads\/sites\/5\/2012\/11\/Kasbah-Nkob-Goulmima-Ashura-by-Ted-Chang-.png\" class=\"attachment-medium size-medium\" alt=\"\" \/>\n\t\t\t<\/div><\/figure><figure class='gallery-item'>\n\t\t\t<div class='gallery-icon landscape'>\n\t\t\t\t<img loading=\"lazy\" decoding=\"async\" width=\"240\" height=\"160\" src=\"https:\/\/www.kasbah-nkob.com\/assets\/uploads\/sites\/5\/2010\/04\/hotel_nkob-trekking-tour.png\" class=\"attachment-medium size-medium\" alt=\"\" \/>\n\t\t\t<\/div><\/figure><figure class='gallery-item'>\n\t\t\t<div class='gallery-icon landscape'>\n\t\t\t\t<img loading=\"lazy\" decoding=\"async\" width=\"300\" height=\"215\" src=\"https:\/\/www.kasbah-nkob.com\/assets\/uploads\/sites\/5\/2012\/11\/Todra_Gorge_hotel_nkob-300x215.png\" class=\"attachment-medium size-medium\" alt=\"Todra Gorge - Canyons of Todgha\" srcset=\"https:\/\/www.kasbah-nkob.com\/assets\/uploads\/sites\/5\/2012\/11\/Todra_Gorge_hotel_nkob-300x215.png 300w, https:\/\/www.kasbah-nkob.com\/assets\/uploads\/sites\/5\/2012\/11\/Todra_Gorge_hotel_nkob.png 506w\" sizes=\"(max-width: 300px) 100vw, 300px\" \/>\n\t\t\t<\/div><\/figure>\n\t\t<\/div>\n\n<p><em>Excursions Nkob Saghrou Montagnes Maroc<\/em><\/p>\n","protected":false},"excerpt":{"rendered":"<p>Kasbah Ennakhile \u2013 Trekking et Excursions Le Kasbah Ennakhile offre de tr\u00e8s bonnes opportunit\u00e9s de trekking, qui permettent de profiter \u00e0 la fois des montagnes d\u00e9sertes et des oasis. Ces excursions sont l\u2019occasion d\u2019explorer des zones encore vierges, de rencontrer des nomades, et de s\u2019\u00e9merveiller des paysages fantastiques aux abords des montagnes Saghrou. Le Kasbah &hellip;<\/p>\n<p class=\"read-more\"> <a class=\"\" href=\"https:\/\/www.kasbah-nkob.com\/fr\/excursions\/\"> <span class=\"screen-reader-text\">Excursions<\/span> Read More &raquo;<\/a><\/p>\n","protected":false},"author":1,"featured_media":0,"parent":0,"menu_order":4,"comment_status":"closed","ping_status":"closed","template":"","meta":{"site-sidebar-layout":"default","site-content-layout":"default","ast-global-header-display":"","ast-main-header-display":"","ast-hfb-above-header-display":"","ast-hfb-below-header-display":"","ast-hfb-mobile-header-display":"","site-post-title":"","ast-breadcrumbs-content":"","ast-featured-img":"","footer-sml-layout":"","theme-transparent-header-meta":"default","adv-header-id-meta":"","stick-header-meta":"","header-above-stick-meta":"","header-main-stick-meta":"","header-below-stick-meta":"","footnotes":""},"_links":{"self":[{"href":"https:\/\/www.kasbah-nkob.com\/fr\/wp-json\/wp\/v2\/pages\/23"}],"collection":[{"href":"https:\/\/www.kasbah-nkob.com\/fr\/wp-json\/wp\/v2\/pages"}],"about":[{"href":"https:\/\/www.kasbah-nkob.com\/fr\/wp-json\/wp\/v2\/types\/page"}],"author":[{"embeddable":true,"href":"https:\/\/www.kasbah-nkob.com\/fr\/wp-json\/wp\/v2\/users\/1"}],"replies":[{"embeddable":true,"href":"https:\/\/www.kasbah-nkob.com\/fr\/wp-json\/wp\/v2\/comments?post=23"}],"version-history":[{"count":2,"href":"https:\/\/www.kasbah-nkob.com\/fr\/wp-json\/wp\/v2\/pages\/23\/revisions"}],"predecessor-version":[{"id":846,"href":"https:\/\/www.kasbah-nkob.com\/fr\/wp-json\/wp\/v2\/pages\/23\/revisions\/846"}],"wp:attachment":[{"href":"https:\/\/www.kasbah-nkob.com\/fr\/wp-json\/wp\/v2\/media?parent=23"}],"curies":[{"name":"wp","href":"https:\/\/api.w.org\/{rel}","templated":true}]}}