{"id":817,"date":"2010-04-23T21:59:26","date_gmt":"2010-04-23T21:59:26","guid":{"rendered":"http:\/\/kasbah_nkob.test\/fr\/nekob\/restaurant\/"},"modified":"2021-09-06T10:18:47","modified_gmt":"2021-09-06T10:18:47","slug":"restaurant","status":"publish","type":"page","link":"https:\/\/www.kasbah-nkob.com\/fr\/nekob\/restaurant\/","title":{"rendered":"Le restaurant"},"content":{"rendered":"<h2>Les espaces du Kasbah Ennakhile \u2013 Le Restaurant<\/h2>\n<p><strong>La magnifique Chef Lalla Zahra:<\/strong>Madame Lalla Zahra pr\u00e9pare de d\u00e9licieuses recettes locales avec les ingr\u00e9dients de la r\u00e9gion : une cuisine authentique, faite de produis frais et de tradition culinaire.<\/p>\n<p>Il y a trois espaces de restauration dans le Restaurant Nekob :<\/p>\n<ul>\n<li>la tente nomade au rez-de-chauss\u00e9e, avec vue sur la palmeraie et les montagnes Saghrou, id\u00e9ale pour le petit-d\u00e9jeuner ;<\/li>\n<li>la terrasse en hauteur avec la salle arabe ;<\/li>\n<li>et le restaurant amazigh au rez-de-chauss\u00e9e, avec sa fine peinture de d\u00e9coration et ses objets de culture berb\u00e8re.<\/li>\n<\/ul>\n<p>L\u2019H\u00f4tel Ennakhile accepte les r\u00e9servations de groupe pour le d\u00e9jeuner et le dinner. Il a une longue exp\u00e9rience avec les agences de tourisme et transport, qui lui a permis d\u2019\u00eatre reconnu pour son service impeccable, sa nourriture saine et la satisfaction de ses clients. Nekob est la parfaite pause d\u00e9jeuner pour les tours compagnies ou les voyageurs ind\u00e9pendants traversant le D\u00e9sert du Sahara vers Ouarzazate ou Marrakech.<\/p>\n<div id='gallery-1' class='gallery galleryid-817 gallery-columns-3 gallery-size-large'><figure class='gallery-item'>\n\t\t\t<div class='gallery-icon landscape'>\n\t\t\t\t<img loading=\"lazy\" decoding=\"async\" width=\"960\" height=\"720\" src=\"https:\/\/www.kasbah-nkob.com\/assets\/uploads\/sites\/5\/2010\/04\/Kasbah-Ennakhile-Terrace.jpg\" class=\"attachment-large size-large\" alt=\"Kasbah Ennakhile - Terrasse\" aria-describedby=\"gallery-1-617\" srcset=\"https:\/\/www.kasbah-nkob.com\/assets\/uploads\/sites\/5\/2010\/04\/Kasbah-Ennakhile-Terrace.jpg 960w, https:\/\/www.kasbah-nkob.com\/assets\/uploads\/sites\/5\/2010\/04\/Kasbah-Ennakhile-Terrace-300x225.jpg 300w, https:\/\/www.kasbah-nkob.com\/assets\/uploads\/sites\/5\/2010\/04\/Kasbah-Ennakhile-Terrace-768x576.jpg 768w\" sizes=\"(max-width: 960px) 100vw, 960px\" \/>\n\t\t\t<\/div>\n\t\t\t\t<figcaption class='wp-caption-text gallery-caption' id='gallery-1-617'>\n\t\t\t\tTerrasse\n\t\t\t\t<\/figcaption><\/figure><figure class='gallery-item'>\n\t\t\t<div class='gallery-icon landscape'>\n\t\t\t\t<img loading=\"lazy\" decoding=\"async\" width=\"1024\" height=\"682\" src=\"https:\/\/www.kasbah-nkob.com\/assets\/uploads\/sites\/5\/2010\/04\/hotel-nkob-kasbah-25-1024x682.jpg\" class=\"attachment-large size-large\" alt=\"\" srcset=\"https:\/\/www.kasbah-nkob.com\/assets\/uploads\/sites\/5\/2010\/04\/hotel-nkob-kasbah-25-1024x682.jpg 1024w, https:\/\/www.kasbah-nkob.com\/assets\/uploads\/sites\/5\/2010\/04\/hotel-nkob-kasbah-25-300x200.jpg 300w, https:\/\/www.kasbah-nkob.com\/assets\/uploads\/sites\/5\/2010\/04\/hotel-nkob-kasbah-25-768x512.jpg 768w, https:\/\/www.kasbah-nkob.com\/assets\/uploads\/sites\/5\/2010\/04\/hotel-nkob-kasbah-25.jpg 1280w\" sizes=\"(max-width: 1024px) 100vw, 1024px\" \/>\n\t\t\t<\/div><\/figure><figure class='gallery-item'>\n\t\t\t<div class='gallery-icon landscape'>\n\t\t\t\t<img loading=\"lazy\" decoding=\"async\" width=\"863\" height=\"434\" src=\"https:\/\/www.kasbah-nkob.com\/assets\/uploads\/sites\/5\/2010\/04\/Kasbah-Nkob-Ennakhile-Staff.jpg\" class=\"attachment-large size-large\" alt=\"Kasbah Nkob Ennakhile - Personnel\" aria-describedby=\"gallery-1-649\" srcset=\"https:\/\/www.kasbah-nkob.com\/assets\/uploads\/sites\/5\/2010\/04\/Kasbah-Nkob-Ennakhile-Staff.jpg 863w, https:\/\/www.kasbah-nkob.com\/assets\/uploads\/sites\/5\/2010\/04\/Kasbah-Nkob-Ennakhile-Staff-300x151.jpg 300w, https:\/\/www.kasbah-nkob.com\/assets\/uploads\/sites\/5\/2010\/04\/Kasbah-Nkob-Ennakhile-Staff-768x386.jpg 768w\" sizes=\"(max-width: 863px) 100vw, 863px\" \/>\n\t\t\t<\/div>\n\t\t\t\t<figcaption class='wp-caption-text gallery-caption' id='gallery-1-649'>\n\t\t\t\tKasbah Nkob Ennakhile &#8211; Personnel\n\t\t\t\t<\/figcaption><\/figure><figure class='gallery-item'>\n\t\t\t<div class='gallery-icon landscape'>\n\t\t\t\t<img loading=\"lazy\" decoding=\"async\" width=\"960\" height=\"595\" src=\"https:\/\/www.kasbah-nkob.com\/assets\/uploads\/sites\/5\/2010\/04\/Kasbah-Ennakhile-Nkob-restaurant-01.jpg\" class=\"attachment-large size-large\" alt=\"Kasbah Ennakhile Nkob - restaurant\" aria-describedby=\"gallery-1-652\" srcset=\"https:\/\/www.kasbah-nkob.com\/assets\/uploads\/sites\/5\/2010\/04\/Kasbah-Ennakhile-Nkob-restaurant-01.jpg 960w, https:\/\/www.kasbah-nkob.com\/assets\/uploads\/sites\/5\/2010\/04\/Kasbah-Ennakhile-Nkob-restaurant-01-300x186.jpg 300w, https:\/\/www.kasbah-nkob.com\/assets\/uploads\/sites\/5\/2010\/04\/Kasbah-Ennakhile-Nkob-restaurant-01-768x476.jpg 768w\" sizes=\"(max-width: 960px) 100vw, 960px\" \/>\n\t\t\t<\/div>\n\t\t\t\t<figcaption class='wp-caption-text gallery-caption' id='gallery-1-652'>\n\t\t\t\tKasbah Ennakhile Nkob &#8211; restaurant\n\t\t\t\t<\/figcaption><\/figure><figure class='gallery-item'>\n\t\t\t<div class='gallery-icon landscape'>\n\t\t\t\t<img loading=\"lazy\" decoding=\"async\" width=\"960\" height=\"540\" src=\"https:\/\/www.kasbah-nkob.com\/assets\/uploads\/sites\/5\/2010\/04\/Kasbah-Ennakhile-Nkob-restaurant-03.jpg\" class=\"attachment-large size-large\" alt=\"Kasbah Ennakhile Nkob - restaurant\" aria-describedby=\"gallery-1-654\" srcset=\"https:\/\/www.kasbah-nkob.com\/assets\/uploads\/sites\/5\/2010\/04\/Kasbah-Ennakhile-Nkob-restaurant-03.jpg 960w, https:\/\/www.kasbah-nkob.com\/assets\/uploads\/sites\/5\/2010\/04\/Kasbah-Ennakhile-Nkob-restaurant-03-300x169.jpg 300w, https:\/\/www.kasbah-nkob.com\/assets\/uploads\/sites\/5\/2010\/04\/Kasbah-Ennakhile-Nkob-restaurant-03-768x432.jpg 768w\" sizes=\"(max-width: 960px) 100vw, 960px\" \/>\n\t\t\t<\/div>\n\t\t\t\t<figcaption class='wp-caption-text gallery-caption' id='gallery-1-654'>\n\t\t\t\tKasbah Ennakhile Nkob &#8211; restaurant\n\t\t\t\t<\/figcaption><\/figure><figure class='gallery-item'>\n\t\t\t<div class='gallery-icon portrait'>\n\t\t\t\t<img loading=\"lazy\" decoding=\"async\" width=\"688\" height=\"960\" src=\"https:\/\/www.kasbah-nkob.com\/assets\/uploads\/sites\/5\/2010\/04\/Kasbah-Ennakhile-Nkob-restaurant-04.jpg\" class=\"attachment-large size-large\" alt=\"Kasbah Ennakhile Nkob - restaurant\" aria-describedby=\"gallery-1-655\" srcset=\"https:\/\/www.kasbah-nkob.com\/assets\/uploads\/sites\/5\/2010\/04\/Kasbah-Ennakhile-Nkob-restaurant-04.jpg 688w, https:\/\/www.kasbah-nkob.com\/assets\/uploads\/sites\/5\/2010\/04\/Kasbah-Ennakhile-Nkob-restaurant-04-215x300.jpg 215w\" sizes=\"(max-width: 688px) 100vw, 688px\" \/>\n\t\t\t<\/div>\n\t\t\t\t<figcaption class='wp-caption-text gallery-caption' id='gallery-1-655'>\n\t\t\t\tKasbah Ennakhile Nkob &#8211; restaurant\n\t\t\t\t<\/figcaption><\/figure>\n\t\t<\/div>\n\n","protected":false},"excerpt":{"rendered":"<p>Les espaces du Kasbah Ennakhile \u2013 Le Restaurant La magnifique Chef Lalla Zahra:Madame Lalla Zahra pr\u00e9pare de d\u00e9licieuses recettes locales avec les ingr\u00e9dients de la r\u00e9gion : une cuisine authentique, faite de produis frais et de tradition culinaire. Il y a trois espaces de restauration dans le Restaurant Nekob : la tente nomade au rez-de-chauss\u00e9e, &hellip;<\/p>\n<p class=\"read-more\"> <a class=\"\" href=\"https:\/\/www.kasbah-nkob.com\/fr\/nekob\/restaurant\/\"> <span class=\"screen-reader-text\">Le restaurant<\/span> Read More &raquo;<\/a><\/p>\n","protected":false},"author":1,"featured_media":0,"parent":815,"menu_order":3,"comment_status":"closed","ping_status":"closed","template":"","meta":{"site-sidebar-layout":"default","site-content-layout":"default","ast-global-header-display":"","ast-main-header-display":"","ast-hfb-above-header-display":"","ast-hfb-below-header-display":"","ast-hfb-mobile-header-display":"","site-post-title":"","ast-breadcrumbs-content":"","ast-featured-img":"","footer-sml-layout":"","theme-transparent-header-meta":"default","adv-header-id-meta":"","stick-header-meta":"","header-above-stick-meta":"","header-main-stick-meta":"","header-below-stick-meta":"","footnotes":""},"_links":{"self":[{"href":"https:\/\/www.kasbah-nkob.com\/fr\/wp-json\/wp\/v2\/pages\/817"}],"collection":[{"href":"https:\/\/www.kasbah-nkob.com\/fr\/wp-json\/wp\/v2\/pages"}],"about":[{"href":"https:\/\/www.kasbah-nkob.com\/fr\/wp-json\/wp\/v2\/types\/page"}],"author":[{"embeddable":true,"href":"https:\/\/www.kasbah-nkob.com\/fr\/wp-json\/wp\/v2\/users\/1"}],"replies":[{"embeddable":true,"href":"https:\/\/www.kasbah-nkob.com\/fr\/wp-json\/wp\/v2\/comments?post=817"}],"version-history":[{"count":2,"href":"https:\/\/www.kasbah-nkob.com\/fr\/wp-json\/wp\/v2\/pages\/817\/revisions"}],"predecessor-version":[{"id":844,"href":"https:\/\/www.kasbah-nkob.com\/fr\/wp-json\/wp\/v2\/pages\/817\/revisions\/844"}],"up":[{"embeddable":true,"href":"https:\/\/www.kasbah-nkob.com\/fr\/wp-json\/wp\/v2\/pages\/815"}],"wp:attachment":[{"href":"https:\/\/www.kasbah-nkob.com\/fr\/wp-json\/wp\/v2\/media?parent=817"}],"curies":[{"name":"wp","href":"https:\/\/api.w.org\/{rel}","templated":true}]}}