{"id":820,"date":"2010-04-26T12:04:09","date_gmt":"2010-04-26T12:04:09","guid":{"rendered":"http:\/\/kasbah_nkob.test\/fr\/hossain-benaame\/"},"modified":"2021-09-06T10:16:11","modified_gmt":"2021-09-06T10:16:11","slug":"hossain-benaame","status":"publish","type":"page","link":"https:\/\/www.kasbah-nkob.com\/fr\/hossain-benaame\/","title":{"rendered":"A propos de nous"},"content":{"rendered":"<p>Le Kasbah Ennakhile est un h\u00f4tel situ\u00e9 dans le village de Nekob, au Sud du Marc, \u00e0 360 km de Marrakech. Le g\u00e9rant de l\u2019h\u00f4tel est Hossain Benaamer, un jeune Berb\u00e8re n\u00e9 en 1981.<\/p>\n<p>L\u2019histoire d\u2019Hossain est celle d\u2019un amoureux de la vie.<\/p>\n<figure id=\"attachment_608\" aria-describedby=\"caption-attachment-608\" style=\"width: 1600px\" class=\"wp-caption aligncenter\"><img loading=\"lazy\" decoding=\"async\" class=\"size-full wp-image-608\" src=\"http:\/\/www.kasbah-nkob.com\/hotel\/assets\/uploads\/2010\/04\/kasbah-nkob-about-us.jpg\" alt=\"Vue sur le village Nkob de l'H\u00f4tel\" width=\"1600\" height=\"905\" srcset=\"https:\/\/www.kasbah-nkob.com\/assets\/uploads\/sites\/5\/2010\/04\/kasbah-nkob-about-us.jpg 1600w, https:\/\/www.kasbah-nkob.com\/assets\/uploads\/sites\/5\/2010\/04\/kasbah-nkob-about-us-300x170.jpg 300w, https:\/\/www.kasbah-nkob.com\/assets\/uploads\/sites\/5\/2010\/04\/kasbah-nkob-about-us-1024x579.jpg 1024w, https:\/\/www.kasbah-nkob.com\/assets\/uploads\/sites\/5\/2010\/04\/kasbah-nkob-about-us-768x434.jpg 768w, https:\/\/www.kasbah-nkob.com\/assets\/uploads\/sites\/5\/2010\/04\/kasbah-nkob-about-us-1536x869.jpg 1536w\" sizes=\"(max-width: 1600px) 100vw, 1600px\" \/><figcaption id=\"caption-attachment-608\" class=\"wp-caption-text\">Vue sur le village Nkob de l&#8217;H\u00f4tel<\/figcaption><\/figure>\n<p>Apr\u00e8s avoir profond\u00e9ment souffert de la mort de son p\u00e8re, Hossain est devenu l\u2019homme de sa famille, et a d\u00fb se mettre au travail pour pouvoir supporter sa m\u00e8re, ses fr\u00e8res et ses s\u0153urs.<\/p>\n<p>Le p\u00e8re d\u2019Hossain, Mr. Lahcen Benaamer, un nomade berb\u00e8re venu \u00e0 Nekob pour construire une maison, \u00e9tait un artiste bien connu dans la r\u00e9gion pour son art unique dans la peinture des plafonds et des murs. Sa ma\u00eetrise du type de d\u00e9coration Fez s\u2019ajoutait \u00e0 la simplicit\u00e9 et aux couleurs berb\u00e8res traditionnelles pour faire un artiste reconnu dans la r\u00e9gion, o\u00f9 il a peint \u00e0 la main pr\u00e8s d\u2019une centaine de salons.<\/p>\n<p>Hossain d\u00e9m\u00e9nagea \u00e0 Ouarzazate en 1997 pour travailler \u00e0 l\u2019Essalam, un des meilleurs restaurants de la ville. Durant cette p\u00e9riode, il partageait son temps libre entre la pratique de l\u2019Anglais et l\u2019apprentissage du Fran\u00e7ais, aux cours du soir de l\u2019acad\u00e9mie locale.<\/p>\n<p>En 1999, il commence \u00e0 travailler \u00e0 l\u2019h\u00f4tel familial <a href=\"http:\/\/www.amlalhotel.com\" target=\"_blank\" rel=\"noopener\">Amlal<\/a>, dans le centre de Ouarzazate. Il apprend alors \u00e0 se comporter avec des touristes et \u00e0 innover au sein d\u2019un h\u00f4tel.<\/p>\n<hr \/>\n<figure id=\"attachment_610\" aria-describedby=\"caption-attachment-610\" style=\"width: 960px\" class=\"wp-caption aligncenter\"><img loading=\"lazy\" decoding=\"async\" class=\"size-full wp-image-610\" src=\"http:\/\/www.kasbah-nkob.com\/hotel\/assets\/uploads\/2010\/04\/Kasbah-Nkob-Ennakhile-entrance-3.jpg\" alt=\"Entr\u00e9e Kasbah Nkob Ennakhile\" width=\"960\" height=\"540\" srcset=\"https:\/\/www.kasbah-nkob.com\/assets\/uploads\/sites\/5\/2010\/04\/Kasbah-Nkob-Ennakhile-entrance-3.jpg 960w, https:\/\/www.kasbah-nkob.com\/assets\/uploads\/sites\/5\/2010\/04\/Kasbah-Nkob-Ennakhile-entrance-3-300x169.jpg 300w, https:\/\/www.kasbah-nkob.com\/assets\/uploads\/sites\/5\/2010\/04\/Kasbah-Nkob-Ennakhile-entrance-3-768x432.jpg 768w\" sizes=\"(max-width: 960px) 100vw, 960px\" \/><figcaption id=\"caption-attachment-610\" class=\"wp-caption-text\">Entr\u00e9e Kasbah Nkob Ennakhile<\/figcaption><\/figure>\n<h2>L&#8217;ouverture de l&#8217;H\u00f4tel Kasbah Ennakhile<\/h2>\n<p>En 2002, Hossain commence par ouvrir une auberge de 4 chambres, avant de r\u00e9aliser son projet de cr\u00e9er un h\u00f4tel de qualit\u00e9, mettant son confort et sa restauration au service de tout voyageur passant \u00e0 Nekob. Hossain est \u00e0 la fois guide de montagne et de d\u00e9sert. Tr\u00e8s exp\u00e9riment\u00e9, ses parcours de trekking \u00e9merveillent toujours les randonneurs, et ses chemins de montagne personnels comptent parmi les meilleurs de la r\u00e9gion.<\/p>\n<hr \/>\n<figure id=\"attachment_612\" aria-describedby=\"caption-attachment-612\" style=\"width: 960px\" class=\"wp-caption aligncenter\"><img loading=\"lazy\" decoding=\"async\" class=\"size-full wp-image-612\" src=\"http:\/\/www.kasbah-nkob.com\/hotel\/assets\/uploads\/2010\/04\/Kasbah-Ennakhile-Cooperative-for-Development-.jpg\" alt=\"Kasbah Ennakhile - Coop\u00e9rative de D\u00e9veloppement de Nekob\" width=\"960\" height=\"859\" srcset=\"https:\/\/www.kasbah-nkob.com\/assets\/uploads\/sites\/5\/2010\/04\/Kasbah-Ennakhile-Cooperative-for-Development-.jpg 960w, https:\/\/www.kasbah-nkob.com\/assets\/uploads\/sites\/5\/2010\/04\/Kasbah-Ennakhile-Cooperative-for-Development--300x268.jpg 300w, https:\/\/www.kasbah-nkob.com\/assets\/uploads\/sites\/5\/2010\/04\/Kasbah-Ennakhile-Cooperative-for-Development--768x687.jpg 768w\" sizes=\"(max-width: 960px) 100vw, 960px\" \/><figcaption id=\"caption-attachment-612\" class=\"wp-caption-text\">Kasbah Ennakhile &#8211; Coop\u00e9rative de D\u00e9veloppement de Nekob<\/figcaption><\/figure>\n<h2>Le village qui a grandi pour le monde<\/h2>\n<p>Hossain a rapidement r\u00e9alis\u00e9 que leur succ\u00e8s d\u00e9pend de la d\u00e9veloppement de leur village.<\/p>\n<p>Hossain est pr\u00e9sident d\u2019une association locale d\u2019aide aux femmes, la Coop\u00e9rative de D\u00e9veloppement de Nekob, o\u00f9 il promeut le d\u00e9veloppement local des femmes berb\u00e8res, notamment en les aidant \u00e0 se regrouper pour confectionner des tapis, des parfums et des autres objets d\u2019artisanat traditionnel.<\/p>\n<p>Cette association non lucratif s\u2019occupe de vendre les marchandises et de r\u00e9mun\u00e9rer le travail des femmes \u00e0 sa juste valeur.<\/p>\n<p>La Coop\u00e9rative est aussi en charge de la propret\u00e9 du village, fournissant ses camions et sa force de travail pour am\u00e9liorer les conditions de vie de la population locale.<\/p>\n","protected":false},"excerpt":{"rendered":"<p>Le Kasbah Ennakhile est un h\u00f4tel situ\u00e9 dans le village de Nekob, au Sud du Marc, \u00e0 360 km de Marrakech. Le g\u00e9rant de l\u2019h\u00f4tel est Hossain Benaamer, un jeune Berb\u00e8re n\u00e9 en 1981. L\u2019histoire d\u2019Hossain est celle d\u2019un amoureux de la vie. Apr\u00e8s avoir profond\u00e9ment souffert de la mort de son p\u00e8re, Hossain est &hellip;<\/p>\n<p class=\"read-more\"> <a class=\"\" href=\"https:\/\/www.kasbah-nkob.com\/fr\/hossain-benaame\/\"> <span class=\"screen-reader-text\">A propos de nous<\/span> Read More &raquo;<\/a><\/p>\n","protected":false},"author":1,"featured_media":0,"parent":0,"menu_order":2,"comment_status":"closed","ping_status":"closed","template":"","meta":{"site-sidebar-layout":"default","site-content-layout":"default","ast-global-header-display":"","ast-main-header-display":"","ast-hfb-above-header-display":"","ast-hfb-below-header-display":"","ast-hfb-mobile-header-display":"","site-post-title":"","ast-breadcrumbs-content":"","ast-featured-img":"","footer-sml-layout":"","theme-transparent-header-meta":"default","adv-header-id-meta":"","stick-header-meta":"","header-above-stick-meta":"","header-main-stick-meta":"","header-below-stick-meta":"","footnotes":""},"_links":{"self":[{"href":"https:\/\/www.kasbah-nkob.com\/fr\/wp-json\/wp\/v2\/pages\/820"}],"collection":[{"href":"https:\/\/www.kasbah-nkob.com\/fr\/wp-json\/wp\/v2\/pages"}],"about":[{"href":"https:\/\/www.kasbah-nkob.com\/fr\/wp-json\/wp\/v2\/types\/page"}],"author":[{"embeddable":true,"href":"https:\/\/www.kasbah-nkob.com\/fr\/wp-json\/wp\/v2\/users\/1"}],"replies":[{"embeddable":true,"href":"https:\/\/www.kasbah-nkob.com\/fr\/wp-json\/wp\/v2\/comments?post=820"}],"version-history":[{"count":2,"href":"https:\/\/www.kasbah-nkob.com\/fr\/wp-json\/wp\/v2\/pages\/820\/revisions"}],"predecessor-version":[{"id":836,"href":"https:\/\/www.kasbah-nkob.com\/fr\/wp-json\/wp\/v2\/pages\/820\/revisions\/836"}],"wp:attachment":[{"href":"https:\/\/www.kasbah-nkob.com\/fr\/wp-json\/wp\/v2\/media?parent=820"}],"curies":[{"name":"wp","href":"https:\/\/api.w.org\/{rel}","templated":true}]}}