{"id":857,"date":"2021-09-19T08:27:19","date_gmt":"2021-09-19T08:27:19","guid":{"rendered":"https:\/\/kasbah_nkob.test\/fr\/home-2\/"},"modified":"2023-04-26T14:35:46","modified_gmt":"2023-04-26T14:35:46","slug":"home","status":"publish","type":"page","link":"https:\/\/www.kasbah-nkob.com\/fr\/","title":{"rendered":"Home"},"content":{"rendered":"\n<div class=\"wp-block-cover alignfull homepage-slide\" style=\"min-height:800px;aspect-ratio:unset;\"><span aria-hidden=\"true\" class=\"wp-block-cover__background has-background-dim-40 has-background-dim\"><\/span><img loading=\"lazy\" decoding=\"async\" width=\"1280\" height=\"853\" class=\"wp-block-cover__image-background wp-image-557\" alt=\"\" src=\"https:\/\/www.kasbah-nkob.com\/assets\/uploads\/2010\/04\/hotel-nkob-kasbah-01.jpg\" data-object-fit=\"cover\" srcset=\"https:\/\/www.kasbah-nkob.com\/assets\/uploads\/sites\/5\/2010\/04\/hotel-nkob-kasbah-01.jpg 1280w, https:\/\/www.kasbah-nkob.com\/assets\/uploads\/sites\/5\/2010\/04\/hotel-nkob-kasbah-01-300x200.jpg 300w, https:\/\/www.kasbah-nkob.com\/assets\/uploads\/sites\/5\/2010\/04\/hotel-nkob-kasbah-01-1024x682.jpg 1024w, https:\/\/www.kasbah-nkob.com\/assets\/uploads\/sites\/5\/2010\/04\/hotel-nkob-kasbah-01-768x512.jpg 768w\" sizes=\"(max-width: 1280px) 100vw, 1280px\" \/><div class=\"wp-block-cover__inner-container is-layout-flow wp-block-cover-is-layout-flow\">\n<h1 class=\"wp-block-heading has-text-align-center main-header-text has-white-color has-text-color\">BIENVENUE \u00c0 KASBAH ENNAKHILE<\/h1>\n\n\n\n<h5 class=\"wp-block-heading has-text-align-center has-white-color has-text-color\">HOTEL NEKOB<\/h5>\n\n\n\n<div class=\"wp-block-buttons is-horizontal is-content-justification-center is-layout-flex wp-container-core-buttons-is-layout-1 wp-block-buttons-is-layout-flex\">\n<div class=\"wp-block-button button-theme\"><a class=\"wp-block-button__link has-white-color has-text-color has-background no-border-radius wp-element-button\" href=\"#commodites\" style=\"background-color:#90a9ad\">Plus d&#8217;informations<\/a><\/div>\n<\/div>\n<\/div><\/div>\n\n\n\n<div class=\"inherit-container-width wp-block-group alignfull has-ast-global-color-5-background-color has-background is-layout-constrained wp-block-group-is-layout-constrained\" id=\"commodites\"><div class=\"wp-block-group__inner-container\">\n<h2 class=\"wp-block-heading has-text-align-center\">Commodit\u00e9s<\/h2>\n\n\n\n<p class=\"has-text-align-center\">L\u2019h\u00f4tel Nekob propose 15 chambres, un restaurant, une tente de s\u00e9jour berb\u00e8re en terrasse et un parking priv\u00e9. L\u2019h\u00f4tel est situ\u00e9 sur une petite hauteur et dispose d\u2019un panorama surplombant tout le village de Nekob et ses kasbahs, l\u2019oasis de Tamazight, et les montagnes environnantes. Un endroit fabuleux.<\/p>\n\n\n\n<div class=\"wp-block-columns alignwide is-layout-flex wp-container-core-columns-is-layout-2 wp-block-columns-is-layout-flex\">\n<div class=\"wp-block-column is-layout-flow wp-block-column-is-layout-flow\">\n<div class=\"wp-block-columns is-layout-flex wp-container-core-columns-is-layout-1 wp-block-columns-is-layout-flex\">\n<div class=\"wp-block-column is-layout-flow wp-block-column-is-layout-flow\">\n<figure class=\"wp-block-image aligncenter size-thumbnail is-resized\"><img loading=\"lazy\" decoding=\"async\" src=\"https:\/\/www.kasbah-nkob.com\/assets\/uploads\/2021\/09\/bedroom-icon-150x150.png\" alt=\"\" class=\"wp-image-897\" width=\"100\" height=\"100\"\/><\/figure>\n\n\n\n<p class=\"has-text-align-center\">Chambres Traditionnelles<\/p>\n<\/div>\n\n\n\n<div class=\"wp-block-column is-layout-flow wp-block-column-is-layout-flow\">\n<figure class=\"wp-block-image aligncenter size-thumbnail is-resized\"><img loading=\"lazy\" decoding=\"async\" src=\"https:\/\/www.kasbah-nkob.com\/assets\/uploads\/2021\/09\/restaurant-icon-150x150.png\" alt=\"\" class=\"wp-image-898\" width=\"100\" height=\"100\"\/><\/figure>\n\n\n\n<p class=\"has-text-align-center\">Traditionnel Cuisine<\/p>\n<\/div>\n\n\n\n<div class=\"wp-block-column is-layout-flow wp-block-column-is-layout-flow\">\n<figure class=\"wp-block-image aligncenter size-thumbnail is-resized\"><img loading=\"lazy\" decoding=\"async\" src=\"https:\/\/www.kasbah-nkob.com\/assets\/uploads\/2021\/09\/swimming-icon-150x150.png\" alt=\"\" class=\"wp-image-899\" width=\"100\" height=\"100\"\/><\/figure>\n\n\n\n<p class=\"has-text-align-center\">Piscine<\/p>\n<\/div>\n\n\n\n<div class=\"wp-block-column is-layout-flow wp-block-column-is-layout-flow\">\n<figure class=\"wp-block-image aligncenter size-thumbnail is-resized\"><img loading=\"lazy\" decoding=\"async\" src=\"https:\/\/www.kasbah-nkob.com\/assets\/uploads\/2021\/09\/parking-icon-150x150.png\" alt=\"\" class=\"wp-image-901\" width=\"100\" height=\"100\"\/><\/figure>\n\n\n\n<p class=\"has-text-align-center\">Parking Priv\u00e9<\/p>\n<\/div>\n\n\n\n<div class=\"wp-block-column is-layout-flow wp-block-column-is-layout-flow\">\n<figure class=\"wp-block-image aligncenter size-thumbnail is-resized\"><img loading=\"lazy\" decoding=\"async\" src=\"https:\/\/www.kasbah-nkob.com\/assets\/uploads\/2021\/09\/walking-icon-150x150.png\" alt=\"\" class=\"wp-image-903\" width=\"100\" height=\"100\"\/><\/figure>\n\n\n\n<p class=\"has-text-align-center\">Excursions<\/p>\n<\/div>\n<\/div>\n<\/div>\n<\/div>\n\n\n\n<div class=\"wp-block-columns alignwide are-vertically-aligned-center is-layout-flex wp-container-core-columns-is-layout-3 wp-block-columns-is-layout-flex\">\n<div class=\"wp-block-column is-vertically-aligned-center is-layout-flow wp-block-column-is-layout-flow\">\n<div class=\"wp-block-cover amenity-item\" style=\"min-height:250px;aspect-ratio:unset;\"><span aria-hidden=\"true\" class=\"wp-block-cover__background has-background-dim-40 has-background-dim\"><\/span><img loading=\"lazy\" decoding=\"async\" width=\"1024\" height=\"768\" class=\"wp-block-cover__image-background wp-image-620\" alt=\"\" src=\"https:\/\/www.kasbah-nkob.com\/assets\/uploads\/2010\/04\/Kasbah-Ennakhile-Room-balcony.jpg\" data-object-fit=\"cover\" srcset=\"https:\/\/www.kasbah-nkob.com\/assets\/uploads\/sites\/5\/2010\/04\/Kasbah-Ennakhile-Room-balcony.jpg 1024w, https:\/\/www.kasbah-nkob.com\/assets\/uploads\/sites\/5\/2010\/04\/Kasbah-Ennakhile-Room-balcony-300x225.jpg 300w, https:\/\/www.kasbah-nkob.com\/assets\/uploads\/sites\/5\/2010\/04\/Kasbah-Ennakhile-Room-balcony-768x576.jpg 768w\" sizes=\"(max-width: 1024px) 100vw, 1024px\" \/><div class=\"wp-block-cover__inner-container is-layout-flow wp-block-cover-is-layout-flow\">\n<h3 class=\"wp-block-heading has-text-align-center has-white-color has-text-color\"><a href=\"https:\/\/www.kasbah-nkob.com\/fr\/nekob\/kasbah\/\" data-type=\"page\" data-id=\"8\">Chambres<br>Standard<\/a><\/h3>\n<\/div><\/div>\n<\/div>\n\n\n\n<div class=\"wp-block-column is-vertically-aligned-center is-layout-flow wp-block-column-is-layout-flow\">\n<div class=\"wp-block-cover is-light amenity-item\" style=\"min-height:250px;aspect-ratio:unset;\"><span aria-hidden=\"true\" class=\"wp-block-cover__background has-background-dim-40 has-background-dim\"><\/span><img loading=\"lazy\" decoding=\"async\" width=\"960\" height=\"720\" class=\"wp-block-cover__image-background wp-image-617\" alt=\"\" src=\"https:\/\/www.kasbah-nkob.com\/assets\/uploads\/2010\/04\/Kasbah-Ennakhile-Terrace.jpg\" data-object-fit=\"cover\" srcset=\"https:\/\/www.kasbah-nkob.com\/assets\/uploads\/sites\/5\/2010\/04\/Kasbah-Ennakhile-Terrace.jpg 960w, https:\/\/www.kasbah-nkob.com\/assets\/uploads\/sites\/5\/2010\/04\/Kasbah-Ennakhile-Terrace-300x225.jpg 300w, https:\/\/www.kasbah-nkob.com\/assets\/uploads\/sites\/5\/2010\/04\/Kasbah-Ennakhile-Terrace-768x576.jpg 768w\" sizes=\"(max-width: 960px) 100vw, 960px\" \/><div class=\"wp-block-cover__inner-container is-layout-flow wp-block-cover-is-layout-flow\">\n<h3 class=\"wp-block-heading has-text-align-center has-white-color has-text-color\"><a href=\"https:\/\/www.kasbah-nkob.com\/fr\/nekob\/restaurant\/\" data-type=\"page\" data-id=\"817\">Traditionnel<br>Cuisine<\/a><\/h3>\n<\/div><\/div>\n<\/div>\n<\/div>\n\n\n\n<div class=\"wp-block-columns alignwide are-vertically-aligned-center is-layout-flex wp-container-core-columns-is-layout-4 wp-block-columns-is-layout-flex\">\n<div class=\"wp-block-column is-vertically-aligned-center is-layout-flow wp-block-column-is-layout-flow\">\n<div class=\"wp-block-cover is-light amenity-item\" style=\"min-height:250px;aspect-ratio:unset;\"><span aria-hidden=\"true\" class=\"wp-block-cover__background has-background-dim-40 has-background-dim\"><\/span><img loading=\"lazy\" decoding=\"async\" width=\"1600\" height=\"900\" class=\"wp-block-cover__image-background wp-image-614\" alt=\"\" src=\"https:\/\/www.kasbah-nkob.com\/assets\/uploads\/2010\/04\/Kasbah-Ennakhile-Pool.jpg\" data-object-fit=\"cover\" srcset=\"https:\/\/www.kasbah-nkob.com\/assets\/uploads\/sites\/5\/2010\/04\/Kasbah-Ennakhile-Pool.jpg 1600w, https:\/\/www.kasbah-nkob.com\/assets\/uploads\/sites\/5\/2010\/04\/Kasbah-Ennakhile-Pool-300x169.jpg 300w, https:\/\/www.kasbah-nkob.com\/assets\/uploads\/sites\/5\/2010\/04\/Kasbah-Ennakhile-Pool-1024x576.jpg 1024w, https:\/\/www.kasbah-nkob.com\/assets\/uploads\/sites\/5\/2010\/04\/Kasbah-Ennakhile-Pool-768x432.jpg 768w, https:\/\/www.kasbah-nkob.com\/assets\/uploads\/sites\/5\/2010\/04\/Kasbah-Ennakhile-Pool-1536x864.jpg 1536w\" sizes=\"(max-width: 1600px) 100vw, 1600px\" \/><div class=\"wp-block-cover__inner-container is-layout-flow wp-block-cover-is-layout-flow\">\n<h3 class=\"wp-block-heading has-text-align-center has-white-color has-text-color\">Piscine<\/h3>\n<\/div><\/div>\n<\/div>\n\n\n\n<div class=\"wp-block-column is-vertically-aligned-center is-layout-flow wp-block-column-is-layout-flow\">\n<div class=\"wp-block-cover is-light amenity-item\" style=\"min-height:250px;aspect-ratio:unset;\"><span aria-hidden=\"true\" class=\"wp-block-cover__background has-background-dim-40 has-background-dim\"><\/span><img loading=\"lazy\" decoding=\"async\" width=\"1600\" height=\"900\" class=\"wp-block-cover__image-background wp-image-674\" alt=\"\" src=\"https:\/\/www.kasbah-nkob.com\/assets\/uploads\/2010\/04\/Kasbah-Nkob-Ennakhile-Excursions-05a.jpg\" data-object-fit=\"cover\" srcset=\"https:\/\/www.kasbah-nkob.com\/assets\/uploads\/sites\/5\/2010\/04\/Kasbah-Nkob-Ennakhile-Excursions-05a.jpg 1600w, https:\/\/www.kasbah-nkob.com\/assets\/uploads\/sites\/5\/2010\/04\/Kasbah-Nkob-Ennakhile-Excursions-05a-300x169.jpg 300w, https:\/\/www.kasbah-nkob.com\/assets\/uploads\/sites\/5\/2010\/04\/Kasbah-Nkob-Ennakhile-Excursions-05a-1024x576.jpg 1024w, https:\/\/www.kasbah-nkob.com\/assets\/uploads\/sites\/5\/2010\/04\/Kasbah-Nkob-Ennakhile-Excursions-05a-768x432.jpg 768w, https:\/\/www.kasbah-nkob.com\/assets\/uploads\/sites\/5\/2010\/04\/Kasbah-Nkob-Ennakhile-Excursions-05a-1536x864.jpg 1536w\" sizes=\"(max-width: 1600px) 100vw, 1600px\" \/><div class=\"wp-block-cover__inner-container is-layout-flow wp-block-cover-is-layout-flow\">\n<h3 class=\"wp-block-heading has-text-align-center has-white-color has-text-color\"><a href=\"https:\/\/www.kasbah-nkob.com\/fr\/excursions\/\" data-type=\"page\" data-id=\"23\">Excursions<\/a><\/h3>\n<\/div><\/div>\n<\/div>\n<\/div>\n<\/div><\/div>\n\n\n\n<div class=\"inherit-container-width wp-block-group alignfull has-ast-global-color-5-color has-ast-global-color-8-background-color has-text-color has-background is-layout-constrained wp-block-group-is-layout-constrained\" id=\"galerie\"><div class=\"wp-block-group__inner-container\">\n<h2 class=\"wp-block-heading has-text-align-center has-ast-global-color-5-color has-text-color\">Galerie<\/h2>\n\n\n\n<p class=\"has-text-align-center has-ast-global-color-5-color has-text-color\">L&#8217;aventure commence d\u00e8s que vos pieds touchent les terres arides du sud du Maroc. Avec ses hautes dunes du Sahara, ses canyons profonds et ses oasis luxuriantes, Nkob est \u00e0 deux pas de tous ces paysages incroyables. Choisissez votre h\u00f4tel de vacances au Maroc.<\/p>\n\n\n\n<figure class=\"wp-block-gallery has-nested-images columns-4 is-cropped wp-block-gallery-1 is-layout-flex wp-block-gallery-is-layout-flex\">\n<figure class=\"wp-block-image size-full\"><img loading=\"lazy\" decoding=\"async\" width=\"960\" height=\"580\" src=\"https:\/\/www.kasbah-nkob.com\/assets\/uploads\/sites\/5\/2010\/04\/kasbah-nkob-hotel-211.jpg\" alt=\"\" class=\"wp-image-593\" srcset=\"https:\/\/www.kasbah-nkob.com\/assets\/uploads\/sites\/5\/2010\/04\/kasbah-nkob-hotel-211.jpg 960w, https:\/\/www.kasbah-nkob.com\/assets\/uploads\/sites\/5\/2010\/04\/kasbah-nkob-hotel-211-300x181.jpg 300w, https:\/\/www.kasbah-nkob.com\/assets\/uploads\/sites\/5\/2010\/04\/kasbah-nkob-hotel-211-768x464.jpg 768w\" sizes=\"(max-width: 960px) 100vw, 960px\" \/><figcaption class=\"wp-element-caption\">Patio &#8211; Kasbah Nkob <\/figcaption><\/figure>\n\n\n\n<figure class=\"wp-block-image size-full\"><img loading=\"lazy\" decoding=\"async\" width=\"960\" height=\"540\" src=\"https:\/\/www.kasbah-nkob.com\/assets\/uploads\/sites\/5\/2010\/04\/kasbah-nkob-hotel-01.jpg\" alt=\"kasbah nkob hotel\" class=\"wp-image-521\" srcset=\"https:\/\/www.kasbah-nkob.com\/assets\/uploads\/sites\/5\/2010\/04\/kasbah-nkob-hotel-01.jpg 960w, https:\/\/www.kasbah-nkob.com\/assets\/uploads\/sites\/5\/2010\/04\/kasbah-nkob-hotel-01-300x169.jpg 300w, https:\/\/www.kasbah-nkob.com\/assets\/uploads\/sites\/5\/2010\/04\/kasbah-nkob-hotel-01-768x432.jpg 768w\" sizes=\"(max-width: 960px) 100vw, 960px\" \/><figcaption class=\"wp-element-caption\">Patio &#8211; Kasbah Nkob <\/figcaption><\/figure>\n\n\n\n<figure class=\"wp-block-image size-full\"><img loading=\"lazy\" decoding=\"async\" width=\"960\" height=\"719\" src=\"https:\/\/www.kasbah-nkob.com\/assets\/uploads\/sites\/5\/2010\/04\/kasbah-nkob-hotel-23.jpg\" alt=\"\" class=\"wp-image-556\" srcset=\"https:\/\/www.kasbah-nkob.com\/assets\/uploads\/sites\/5\/2010\/04\/kasbah-nkob-hotel-23.jpg 960w, https:\/\/www.kasbah-nkob.com\/assets\/uploads\/sites\/5\/2010\/04\/kasbah-nkob-hotel-23-300x225.jpg 300w, https:\/\/www.kasbah-nkob.com\/assets\/uploads\/sites\/5\/2010\/04\/kasbah-nkob-hotel-23-768x575.jpg 768w\" sizes=\"(max-width: 960px) 100vw, 960px\" \/><figcaption class=\"wp-element-caption\">Adventure karts &#8211; Kasbah Nkob<\/figcaption><\/figure>\n\n\n\n<figure class=\"wp-block-image size-full\"><img loading=\"lazy\" decoding=\"async\" width=\"635\" height=\"960\" src=\"https:\/\/www.kasbah-nkob.com\/assets\/uploads\/sites\/5\/2010\/04\/kasbah-nkob-hotel-16.jpg\" alt=\"\" class=\"wp-image-548\" srcset=\"https:\/\/www.kasbah-nkob.com\/assets\/uploads\/sites\/5\/2010\/04\/kasbah-nkob-hotel-16.jpg 635w, https:\/\/www.kasbah-nkob.com\/assets\/uploads\/sites\/5\/2010\/04\/kasbah-nkob-hotel-16-198x300.jpg 198w\" sizes=\"(max-width: 635px) 100vw, 635px\" \/><figcaption class=\"wp-element-caption\">Entrance &#8211; Kasbah Nkob <\/figcaption><\/figure>\n\n\n\n<figure class=\"wp-block-image size-full\"><img loading=\"lazy\" decoding=\"async\" width=\"1280\" height=\"853\" src=\"https:\/\/www.kasbah-nkob.com\/assets\/uploads\/sites\/5\/2010\/04\/hotel-nkob-kasbah-08.jpg\" alt=\"\" class=\"wp-image-564\" srcset=\"https:\/\/www.kasbah-nkob.com\/assets\/uploads\/sites\/5\/2010\/04\/hotel-nkob-kasbah-08.jpg 1280w, https:\/\/www.kasbah-nkob.com\/assets\/uploads\/sites\/5\/2010\/04\/hotel-nkob-kasbah-08-300x200.jpg 300w, https:\/\/www.kasbah-nkob.com\/assets\/uploads\/sites\/5\/2010\/04\/hotel-nkob-kasbah-08-1024x682.jpg 1024w, https:\/\/www.kasbah-nkob.com\/assets\/uploads\/sites\/5\/2010\/04\/hotel-nkob-kasbah-08-768x512.jpg 768w\" sizes=\"(max-width: 1280px) 100vw, 1280px\" \/><figcaption class=\"wp-element-caption\">Rooms &#8211; Kasbah Nkob<\/figcaption><\/figure>\n\n\n\n<figure class=\"wp-block-image size-full\"><img loading=\"lazy\" decoding=\"async\" width=\"1280\" height=\"853\" src=\"https:\/\/www.kasbah-nkob.com\/assets\/uploads\/sites\/5\/2010\/04\/hotel-nkob-kasbah-20.jpg\" alt=\"\" class=\"wp-image-576\" srcset=\"https:\/\/www.kasbah-nkob.com\/assets\/uploads\/sites\/5\/2010\/04\/hotel-nkob-kasbah-20.jpg 1280w, https:\/\/www.kasbah-nkob.com\/assets\/uploads\/sites\/5\/2010\/04\/hotel-nkob-kasbah-20-300x200.jpg 300w, https:\/\/www.kasbah-nkob.com\/assets\/uploads\/sites\/5\/2010\/04\/hotel-nkob-kasbah-20-1024x682.jpg 1024w, https:\/\/www.kasbah-nkob.com\/assets\/uploads\/sites\/5\/2010\/04\/hotel-nkob-kasbah-20-768x512.jpg 768w\" sizes=\"(max-width: 1280px) 100vw, 1280px\" \/><figcaption class=\"wp-element-caption\">Rooms &#8211; Kasbah Nkob <\/figcaption><\/figure>\n\n\n\n<figure class=\"wp-block-image size-full\"><img loading=\"lazy\" decoding=\"async\" width=\"500\" height=\"309\" src=\"https:\/\/www.kasbah-nkob.com\/assets\/uploads\/sites\/5\/2012\/03\/hotel-swimming-pool-nkob-morocco.jpg\" alt=\"\" class=\"wp-image-297\" srcset=\"https:\/\/www.kasbah-nkob.com\/assets\/uploads\/sites\/5\/2012\/03\/hotel-swimming-pool-nkob-morocco.jpg 500w, https:\/\/www.kasbah-nkob.com\/assets\/uploads\/sites\/5\/2012\/03\/hotel-swimming-pool-nkob-morocco-300x185.jpg 300w\" sizes=\"(max-width: 500px) 100vw, 500px\" \/><figcaption class=\"wp-element-caption\">Swimming Pool &#8211; Kasbah Nkob<\/figcaption><\/figure>\n<\/figure>\n<\/div><\/div>\n\n\n\n<div class=\"inherit-container-width wp-block-group alignfull has-ast-global-color-5-background-color has-background is-layout-constrained wp-block-group-is-layout-constrained\" id=\"tarifs\"><div class=\"wp-block-group__inner-container\">\n<h2 class=\"wp-block-heading has-text-align-center\">Tarifs et Services<\/h2>\n\n\n\n<p class=\"has-text-align-center\">Choix des chambres<\/p>\n\n\n\n<div class=\"wp-block-media-text is-stacked-on-mobile\"><figure class=\"wp-block-media-text__media\"><img decoding=\"async\" src=\"https:\/\/www.kasbah-nkob.com\/assets\/uploads\/2022\/09\/IMG_3024-1024x683.jpg\" alt=\"\" class=\"wp-image-1922 size-full\"\/><\/figure><div class=\"wp-block-media-text__content\">\n<div class=\"wp-block-buttons is-horizontal is-content-justification-center is-layout-flex wp-container-core-buttons-is-layout-2 wp-block-buttons-is-layout-flex\">\n<div class=\"wp-block-button button-theme\"><a class=\"wp-block-button__link has-white-color has-text-color has-background wp-element-button\" href=\"https:\/\/www.kasbah-nkob.com\/visit-the-hotel\/standard-rooms\/\" style=\"background-color:#90a9ad\">see the rooms<\/a><\/div>\n<\/div>\n<\/div><\/div>\n<\/div><\/div>\n\n\n\n<div class=\"wp-block-cover alignfull is-light is-position-center-center\" style=\"min-height:400px;aspect-ratio:unset;\" id=\"explorer\"><span aria-hidden=\"true\" class=\"wp-block-cover__background has-background-dim-40 has-background-dim\"><\/span><img loading=\"lazy\" decoding=\"async\" width=\"960\" height=\"540\" class=\"wp-block-cover__image-background wp-image-541\" alt=\"\" src=\"https:\/\/www.kasbah-nkob.com\/assets\/uploads\/2010\/04\/kasbah-nkob-hotel-09.jpg\" style=\"object-position:62% 86%\" data-object-fit=\"cover\" data-object-position=\"62% 86%\" srcset=\"https:\/\/www.kasbah-nkob.com\/assets\/uploads\/sites\/5\/2010\/04\/kasbah-nkob-hotel-09.jpg 960w, https:\/\/www.kasbah-nkob.com\/assets\/uploads\/sites\/5\/2010\/04\/kasbah-nkob-hotel-09-300x169.jpg 300w, https:\/\/www.kasbah-nkob.com\/assets\/uploads\/sites\/5\/2010\/04\/kasbah-nkob-hotel-09-768x432.jpg 768w\" sizes=\"(max-width: 960px) 100vw, 960px\" \/><div class=\"wp-block-cover__inner-container is-layout-flow wp-block-cover-is-layout-flow\">\n<div class=\"wp-block-columns alignwide are-vertically-aligned-center is-layout-flex wp-container-core-columns-is-layout-5 wp-block-columns-is-layout-flex\">\n<div class=\"wp-block-column is-vertically-aligned-center is-layout-flow wp-block-column-is-layout-flow\" style=\"flex-basis:70%\">\n<h2 class=\"wp-block-heading has-white-color has-text-color\">Explorez la r\u00e9gion<\/h2>\n\n\n\n<p>N&#8217;kob se situe entre la vall\u00e9e du Ziz et le Dr\u00e2a, sur la route qui traverse la vall\u00e9e du Dad\u00e8s, la vall\u00e9e du Toudgha et se termine dans le d\u00e9sert du Sahara.<\/p>\n\n\n\n<p>This region has a variety of live, authentic and unspoiled wonders. Even the landscapes can change from the unCette r\u00e9gion pr\u00e9sente une vari\u00e9t\u00e9 de merveilles vivantes, authentiques et intactes. M\u00eame les paysages peuvent changer, des uniques montagnes du Saghrou au canyon du Todgha, de la vall\u00e9e des roses aux plateaux arides pr\u00e9sahariens.<\/p>\n<\/div>\n\n\n\n<div class=\"wp-block-column is-vertically-aligned-center is-layout-flow wp-block-column-is-layout-flow\" style=\"flex-basis:30%\">\n<div class=\"wp-block-buttons is-horizontal is-content-justification-right is-layout-flex wp-container-core-buttons-is-layout-3 wp-block-buttons-is-layout-flex\">\n<div class=\"wp-block-button button-theme\"><a class=\"wp-block-button__link has-white-color has-text-color has-background wp-element-button\" href=\"https:\/\/www.kasbah-nkob.com\/fr\/excursions\/\" style=\"background-color:#90a9ad\">D\u00e9couvrez NKOB<\/a><\/div>\n<\/div>\n<\/div>\n<\/div>\n<\/div><\/div>\n\n\n\n<div class=\"inherit-container-width wp-block-group alignfull has-background is-layout-constrained wp-block-group-is-layout-constrained\" id=\"a-propos-de-nous\" style=\"background-color:#aaaf8f\"><div class=\"wp-block-group__inner-container\">\n<h2 class=\"wp-block-heading has-text-align-center\">A Propos De Nous<\/h2>\n\n\n\n<p class=\"has-text-align-center\"><strong>The story about Hossaine Benaamer, owner of Kasbah Ennakhile in Nkob<\/strong><\/p>\n\n\n\n<div class=\"wp-block-media-text is-stacked-on-mobile\"><figure class=\"wp-block-media-text__media\"><img loading=\"lazy\" decoding=\"async\" width=\"960\" height=\"540\" src=\"https:\/\/www.kasbah-nkob.com\/assets\/uploads\/2010\/04\/kasbah-nkob-hotel-01.jpg\" alt=\"kasbah nkob hotel\" class=\"wp-image-521 size-full\" srcset=\"https:\/\/www.kasbah-nkob.com\/assets\/uploads\/sites\/5\/2010\/04\/kasbah-nkob-hotel-01.jpg 960w, https:\/\/www.kasbah-nkob.com\/assets\/uploads\/sites\/5\/2010\/04\/kasbah-nkob-hotel-01-300x169.jpg 300w, https:\/\/www.kasbah-nkob.com\/assets\/uploads\/sites\/5\/2010\/04\/kasbah-nkob-hotel-01-768x432.jpg 768w\" sizes=\"(max-width: 960px) 100vw, 960px\" \/><\/figure><div class=\"wp-block-media-text__content\">\n<p class=\"has-text-align-center\">Kasbah Ennakhile is a hotel located in Nkob village \u2013 south of Morocco, 360KM from Marrakesh. Kasbah Ennakhile is managed by Hossaine Benaamer, a young Berber man born in 1981.<\/p>\n\n\n\n<p class=\"has-text-align-center\">Hossain\u2019s history and his love for life is quite interesting and a perfect example of how everything in life can be achieved.<\/p>\n\n\n\n<div class=\"wp-block-buttons is-horizontal is-content-justification-center is-layout-flex wp-container-core-buttons-is-layout-4 wp-block-buttons-is-layout-flex\">\n<div class=\"wp-block-button button-theme\"><a class=\"wp-block-button__link has-white-color has-text-color has-background wp-element-button\" href=\"https:\/\/www.kasbah-nkob.com\/fr\/hossain-benaame\/\" style=\"background-color:#90a9ad\">Savoir plus<\/a><\/div>\n<\/div>\n<\/div><\/div>\n<\/div><\/div>\n\n\n\n<div class=\"inherit-container-width wp-block-group alignfull has-background is-layout-constrained wp-block-group-is-layout-constrained\" id=\"contacts\" style=\"background-color:#aaaf8f\"><div class=\"wp-block-group__inner-container\">\n<div class=\"wp-block-columns alignwide are-vertically-aligned-center is-layout-flex wp-container-core-columns-is-layout-6 wp-block-columns-is-layout-flex\">\n<div class=\"wp-block-column is-vertically-aligned-center is-layout-flow wp-block-column-is-layout-flow\" style=\"flex-basis:300px\">\n<h3 class=\"wp-block-heading has-text-align-center\">Contactez Nous<\/h3>\n\n\n\n<hr class=\"wp-block-separator has-text-color has-css-opacity has-background aligncenter\" style=\"background-color:#90a9ad;color:#90a9ad\"\/>\n\n\n\n<p class=\"has-text-align-center\">Si vous avez des doutes ou des questions, vous \u00eates bienvenu pour nous contacter. Nous voulons votre opinion.<br>Pour r\u00e9server votre chambre, remplissez la bo\u00eete de r\u00e9servation. Nous vous contacterons d\u00e8s que possible. Merci beaucoup.<\/p>\n<\/div>\n\n\n\n<div class=\"wp-block-column is-vertically-aligned-center is-layout-flow wp-block-column-is-layout-flow\" style=\"flex-basis:100px\">\n<div class=\"wp-block-buttons is-horizontal is-content-justification-center is-layout-flex wp-container-core-buttons-is-layout-5 wp-block-buttons-is-layout-flex\"><\/div>\n<\/div>\n\n\n\n<div class=\"wp-block-column is-layout-flow wp-block-column-is-layout-flow\">\n<div class=\"inherit-container-width wp-block-group has-background is-layout-constrained wp-block-group-is-layout-constrained\" style=\"background-color:#165e72\"><div class=\"wp-block-group__inner-container\">\n<h2 class=\"wp-block-heading has-white-color has-text-color\">Fiche De R\u00e9servation<\/h2>\n\n\n\n<p>[contact-form-7 id=&#8221;866&#8243; title=&#8221;Contact form&#8221;]<\/p>\n<\/div><\/div>\n<\/div>\n<\/div>\n<\/div><\/div>\n","protected":false},"excerpt":{"rendered":"<p>Commodit\u00e9s L\u2019h\u00f4tel Nekob propose 15 chambres, un restaurant, une tente de s\u00e9jour berb\u00e8re en terrasse et un parking priv\u00e9. L\u2019h\u00f4tel est situ\u00e9 sur une petite hauteur et dispose d\u2019un panorama surplombant tout le village de Nekob et ses kasbahs, l\u2019oasis de Tamazight, et les montagnes environnantes. Un endroit fabuleux. Chambres Traditionnelles Traditionnel Cuisine Piscine Parking &hellip;<\/p>\n<p class=\"read-more\"> <a class=\"\" href=\"https:\/\/www.kasbah-nkob.com\/fr\/\"> <span class=\"screen-reader-text\">Home<\/span> Read More &raquo;<\/a><\/p>\n","protected":false},"author":1,"featured_media":0,"parent":0,"menu_order":0,"comment_status":"closed","ping_status":"closed","template":"","meta":{"site-sidebar-layout":"no-sidebar","site-content-layout":"plain-container","ast-global-header-display":"","ast-main-header-display":"","ast-hfb-above-header-display":"","ast-hfb-below-header-display":"","ast-hfb-mobile-header-display":"","site-post-title":"disabled","ast-breadcrumbs-content":"","ast-featured-img":"disabled","footer-sml-layout":"","theme-transparent-header-meta":"enabled","adv-header-id-meta":"","stick-header-meta":"","header-above-stick-meta":"","header-main-stick-meta":"","header-below-stick-meta":"","footnotes":""},"_links":{"self":[{"href":"https:\/\/www.kasbah-nkob.com\/fr\/wp-json\/wp\/v2\/pages\/857"}],"collection":[{"href":"https:\/\/www.kasbah-nkob.com\/fr\/wp-json\/wp\/v2\/pages"}],"about":[{"href":"https:\/\/www.kasbah-nkob.com\/fr\/wp-json\/wp\/v2\/types\/page"}],"author":[{"embeddable":true,"href":"https:\/\/www.kasbah-nkob.com\/fr\/wp-json\/wp\/v2\/users\/1"}],"replies":[{"embeddable":true,"href":"https:\/\/www.kasbah-nkob.com\/fr\/wp-json\/wp\/v2\/comments?post=857"}],"version-history":[{"count":13,"href":"https:\/\/www.kasbah-nkob.com\/fr\/wp-json\/wp\/v2\/pages\/857\/revisions"}],"predecessor-version":[{"id":896,"href":"https:\/\/www.kasbah-nkob.com\/fr\/wp-json\/wp\/v2\/pages\/857\/revisions\/896"}],"wp:attachment":[{"href":"https:\/\/www.kasbah-nkob.com\/fr\/wp-json\/wp\/v2\/media?parent=857"}],"curies":[{"name":"wp","href":"https:\/\/api.w.org\/{rel}","templated":true}]}}