{"id":23,"date":"2010-04-23T22:27:50","date_gmt":"2010-04-23T22:27:50","guid":{"rendered":"http:\/\/kasbah_nkob.test\/pt\/excursions\/"},"modified":"2021-09-02T16:03:25","modified_gmt":"2021-09-02T16:03:25","slug":"excursions","status":"publish","type":"page","link":"https:\/\/www.kasbah-nkob.com\/pt\/excursions\/","title":{"rendered":"Excurs\u00f5es"},"content":{"rendered":"<h2>Kasbah Ennakhile &#8211; Caminhadas e Excurs\u00f5es<\/h2>\n<p>A Kasbah Ennakhile oferece-lhe excelentes oportunidades de passeios onde poder\u00e1 desfrutar das montanhas des\u00e9rticas ou dos o\u00e1sis. O objectivo destes passeios \u00e9 lev\u00e1-lo a descobrir e explorar regi\u00f5es n\u00e3o tur\u00edsticas, conhecer os n\u00f3madas locais e admirar as fant\u00e1sticas paisagens que rodeiam as Montanhas Saghrou.<\/p>\n<p>A Kasbah Ennakhile oferece-lhe excurs\u00f5es de um dia na zona de Nkob ou excurs\u00f5es de v\u00e1rios dias pelas montanhas, usando caravanas de camelos ou burros para carregar os bens e materiais.<\/p>\n<figure id=\"attachment_674\" aria-describedby=\"caption-attachment-674\" style=\"width: 1600px\" class=\"wp-caption aligncenter\"><img loading=\"lazy\" decoding=\"async\" class=\"size-full wp-image-674\" src=\"http:\/\/www.kasbah-nkob.com\/hotel\/assets\/uploads\/2010\/04\/Kasbah-Nkob-Ennakhile-Excursions-05a.jpg\" alt=\"Kasbah Nkob Ennakhile - Caminhadas e Excurs\u00f5es\" width=\"1600\" height=\"900\" srcset=\"https:\/\/www.kasbah-nkob.com\/assets\/uploads\/sites\/2\/2010\/04\/Kasbah-Nkob-Ennakhile-Excursions-05a.jpg 1600w, https:\/\/www.kasbah-nkob.com\/assets\/uploads\/sites\/2\/2010\/04\/Kasbah-Nkob-Ennakhile-Excursions-05a-300x169.jpg 300w, https:\/\/www.kasbah-nkob.com\/assets\/uploads\/sites\/2\/2010\/04\/Kasbah-Nkob-Ennakhile-Excursions-05a-1024x576.jpg 1024w, https:\/\/www.kasbah-nkob.com\/assets\/uploads\/sites\/2\/2010\/04\/Kasbah-Nkob-Ennakhile-Excursions-05a-768x432.jpg 768w, https:\/\/www.kasbah-nkob.com\/assets\/uploads\/sites\/2\/2010\/04\/Kasbah-Nkob-Ennakhile-Excursions-05a-1536x864.jpg 1536w\" sizes=\"(max-width: 1600px) 100vw, 1600px\" \/><figcaption id=\"caption-attachment-674\" class=\"wp-caption-text\">Kasbah Nkob Ennakhile &#8211; Caminhadas e Excurs\u00f5es<\/figcaption><\/figure>\n<blockquote class=\"hotel__block floatl\"><p><img loading=\"lazy\" decoding=\"async\" class=\"aligncenter size-full wp-image-675\" src=\"http:\/\/www.kasbah-nkob.com\/hotel\/assets\/uploads\/2010\/04\/marrocos-adgz-nkob-kasbah-ennakhile-35-768x.jpg\" alt=\"Marrocos Adgz Nkob Kasbah Ennakhile\" width=\"768\" height=\"576\" srcset=\"https:\/\/www.kasbah-nkob.com\/assets\/uploads\/sites\/2\/2010\/04\/marrocos-adgz-nkob-kasbah-ennakhile-35-768x.jpg 768w, https:\/\/www.kasbah-nkob.com\/assets\/uploads\/sites\/2\/2010\/04\/marrocos-adgz-nkob-kasbah-ennakhile-35-768x-300x225.jpg 300w\" sizes=\"(max-width: 768px) 100vw, 768px\" \/><\/p>\n<h3 class=\"clearb\">7 Dias: Montanhas + Deserto, Caminhadas Montanhas Marrocos<\/h3>\n<table class=\"clearb\">\n<tbody>\n<tr>\n<td><strong>Partida<\/strong><\/td>\n<td><strong>Noite ( acampamento Bivouac )<\/strong><\/td>\n<\/tr>\n<tr>\n<td>Ikniounne<\/td>\n<td>Tizi-n-Tzazerta 2400m<\/td>\n<\/tr>\n<tr>\n<td>Tizi-n-Tzazerta 2400m<\/td>\n<td>Ighazoune<\/td>\n<\/tr>\n<tr>\n<td>Ighazoune<\/td>\n<td>Talat<\/td>\n<\/tr>\n<tr>\n<td>Talat<\/td>\n<td>Vale do Draa<\/td>\n<\/tr>\n<tr>\n<td>Vale do Draa<\/td>\n<td>Tagnite<\/td>\n<\/tr>\n<tr>\n<td>Tagnite<\/td>\n<td>Erg Ait Onir<\/td>\n<\/tr>\n<tr>\n<td>Erg Ait Onir<\/td>\n<td>Beni Sbih<\/td>\n<\/tr>\n<tr>\n<td>Beni Sbih<\/td>\n<td>Oulad Driss<\/td>\n<\/tr>\n<\/tbody>\n<\/table>\n<\/blockquote>\n<blockquote class=\"hotel__block floatr\"><p><img loading=\"lazy\" decoding=\"async\" class=\"aligncenter size-full wp-image-676\" src=\"http:\/\/www.kasbah-nkob.com\/hotel\/assets\/uploads\/2010\/04\/kasbah-nkob-hotel-mhamid-sahara-desert-768.jpg\" alt=\"M'hamid - Sahara Desert - Kasbah Ennakhile, Hotel Nkob Morocco\" width=\"768\" height=\"576\" srcset=\"https:\/\/www.kasbah-nkob.com\/assets\/uploads\/sites\/2\/2010\/04\/kasbah-nkob-hotel-mhamid-sahara-desert-768.jpg 768w, https:\/\/www.kasbah-nkob.com\/assets\/uploads\/sites\/2\/2010\/04\/kasbah-nkob-hotel-mhamid-sahara-desert-768-300x225.jpg 300w\" sizes=\"(max-width: 768px) 100vw, 768px\" \/><\/p>\n<h3 class=\"clearb\">5 Dias: Deserto, Caminhada Deserto Marrocos<\/h3>\n<table>\n<tbody>\n<tr>\n<td><strong>Partida<\/strong><\/td>\n<td><strong>Noite ( acampamento Bivouac )<\/strong><\/td>\n<\/tr>\n<tr>\n<td>Mhamid<\/td>\n<td>N&#8217;khela<\/td>\n<\/tr>\n<tr>\n<td>N&#8217;khela<\/td>\n<td>Awtid<\/td>\n<\/tr>\n<tr>\n<td>Awtid<\/td>\n<td>Erg Ighoul<\/td>\n<\/tr>\n<tr>\n<td>Erg Ighoul<\/td>\n<td>Renka Kakouil<\/td>\n<\/tr>\n<tr>\n<td>Imi Nouad Latech<\/td>\n<td>Zaouit Abd Nbi<\/td>\n<\/tr>\n<\/tbody>\n<\/table>\n<\/blockquote>\n<blockquote class=\"hotel__block hotel__block_wide floatl clearb\"><p><img loading=\"lazy\" decoding=\"async\" class=\"aligncenter size-full wp-image-467\" src=\"http:\/\/www.kasbah-nkob.com\/hotel\/assets\/uploads\/2010\/04\/kasbah-nkob-Dades-Gorge-1200.jpg\" alt=\"Excursion Dades Gorge - Kasbah Ennakhile, Hotel Nkob Morocco\" width=\"1200\" height=\"463\" srcset=\"https:\/\/www.kasbah-nkob.com\/assets\/uploads\/sites\/2\/2010\/04\/kasbah-nkob-Dades-Gorge-1200.jpg 1200w, https:\/\/www.kasbah-nkob.com\/assets\/uploads\/sites\/2\/2010\/04\/kasbah-nkob-Dades-Gorge-1200-300x116.jpg 300w, https:\/\/www.kasbah-nkob.com\/assets\/uploads\/sites\/2\/2010\/04\/kasbah-nkob-Dades-Gorge-1200-1024x395.jpg 1024w, https:\/\/www.kasbah-nkob.com\/assets\/uploads\/sites\/2\/2010\/04\/kasbah-nkob-Dades-Gorge-1200-768x296.jpg 768w\" sizes=\"(max-width: 1200px) 100vw, 1200px\" \/><\/p>\n<h3 class=\"clearb\">5 Dias: Nkob at\u00e9 Boumalne Dades\/h3&gt;<\/h3>\n<table>\n<tbody>\n<tr>\n<td><strong>Partida<\/strong><\/td>\n<td><strong>Noite ( acampamento Bivouac )<\/strong><\/td>\n<\/tr>\n<tr>\n<td>Nkob<\/td>\n<td>Tifdassine<\/td>\n<\/tr>\n<tr>\n<td>Tifdassine<\/td>\n<td>Ighissi<\/td>\n<\/tr>\n<tr>\n<td>Ighissi<\/td>\n<td>Igli<\/td>\n<\/tr>\n<tr>\n<td>Igli<\/td>\n<td>Ouin ifilan<\/td>\n<\/tr>\n<tr>\n<td>Ouin ifilan<\/td>\n<td>Ikniowen<\/td>\n<\/tr>\n<\/tbody>\n<\/table>\n<\/blockquote>\n<h3 class=\"clearb\">Galeria: Caminhadas e passeios pela regi\u00e3o de Nkob<\/h3>\n<div id='gallery-1' class='gallery galleryid-23 gallery-columns-3 gallery-size-medium'><figure class='gallery-item'>\n\t\t\t<div class='gallery-icon landscape'>\n\t\t\t\t<img loading=\"lazy\" decoding=\"async\" width=\"300\" height=\"197\" src=\"https:\/\/www.kasbah-nkob.com\/assets\/uploads\/sites\/2\/2012\/11\/Road-Saghro-Mountains-300x197.jpg\" class=\"attachment-medium size-medium\" alt=\"Road to the Saghro Mountains\" srcset=\"https:\/\/www.kasbah-nkob.com\/assets\/uploads\/sites\/2\/2012\/11\/Road-Saghro-Mountains-300x197.jpg 300w, https:\/\/www.kasbah-nkob.com\/assets\/uploads\/sites\/2\/2012\/11\/Road-Saghro-Mountains.jpg 500w\" sizes=\"(max-width: 300px) 100vw, 300px\" \/>\n\t\t\t<\/div><\/figure><figure class='gallery-item'>\n\t\t\t<div class='gallery-icon landscape'>\n\t\t\t\t<img loading=\"lazy\" decoding=\"async\" width=\"300\" height=\"225\" src=\"https:\/\/www.kasbah-nkob.com\/assets\/uploads\/sites\/2\/2010\/04\/Kasbah-Nkob-Ennakhile-Excursions-03-300x225.jpg\" class=\"attachment-medium size-medium\" alt=\"Kasbah Nkob Ennakhile - Excurs\u00f5es\" aria-describedby=\"gallery-1-677\" srcset=\"https:\/\/www.kasbah-nkob.com\/assets\/uploads\/sites\/2\/2010\/04\/Kasbah-Nkob-Ennakhile-Excursions-03-300x225.jpg 300w, https:\/\/www.kasbah-nkob.com\/assets\/uploads\/sites\/2\/2010\/04\/Kasbah-Nkob-Ennakhile-Excursions-03-1024x768.jpg 1024w, https:\/\/www.kasbah-nkob.com\/assets\/uploads\/sites\/2\/2010\/04\/Kasbah-Nkob-Ennakhile-Excursions-03-768x576.jpg 768w, https:\/\/www.kasbah-nkob.com\/assets\/uploads\/sites\/2\/2010\/04\/Kasbah-Nkob-Ennakhile-Excursions-03.jpg 1280w\" sizes=\"(max-width: 300px) 100vw, 300px\" \/>\n\t\t\t<\/div>\n\t\t\t\t<figcaption class='wp-caption-text gallery-caption' id='gallery-1-677'>\n\t\t\t\tKasbah Nkob Ennakhile &#8211; Excurs\u00f5es\n\t\t\t\t<\/figcaption><\/figure><figure class='gallery-item'>\n\t\t\t<div class='gallery-icon landscape'>\n\t\t\t\t<img loading=\"lazy\" decoding=\"async\" width=\"300\" height=\"169\" src=\"https:\/\/www.kasbah-nkob.com\/assets\/uploads\/sites\/2\/2010\/04\/Kasbah-Nkob-Ennakhile-Excursions-04-300x169.jpg\" class=\"attachment-medium size-medium\" alt=\"Kasbah Nkob Ennakhile - Excurs\u00f5es\" aria-describedby=\"gallery-1-678\" srcset=\"https:\/\/www.kasbah-nkob.com\/assets\/uploads\/sites\/2\/2010\/04\/Kasbah-Nkob-Ennakhile-Excursions-04-300x169.jpg 300w, https:\/\/www.kasbah-nkob.com\/assets\/uploads\/sites\/2\/2010\/04\/Kasbah-Nkob-Ennakhile-Excursions-04-1024x576.jpg 1024w, https:\/\/www.kasbah-nkob.com\/assets\/uploads\/sites\/2\/2010\/04\/Kasbah-Nkob-Ennakhile-Excursions-04-768x432.jpg 768w, https:\/\/www.kasbah-nkob.com\/assets\/uploads\/sites\/2\/2010\/04\/Kasbah-Nkob-Ennakhile-Excursions-04.jpg 1279w\" sizes=\"(max-width: 300px) 100vw, 300px\" \/>\n\t\t\t<\/div>\n\t\t\t\t<figcaption class='wp-caption-text gallery-caption' id='gallery-1-678'>\n\t\t\t\tKasbah Nkob Ennakhile &#8211; Excurs\u00f5es\n\t\t\t\t<\/figcaption><\/figure><figure class='gallery-item'>\n\t\t\t<div class='gallery-icon landscape'>\n\t\t\t\t<img loading=\"lazy\" decoding=\"async\" width=\"300\" height=\"225\" src=\"https:\/\/www.kasbah-nkob.com\/assets\/uploads\/sites\/2\/2010\/04\/Kasbah-Nkob-Ennakhile-Excursions-01-300x225.jpg\" class=\"attachment-medium size-medium\" alt=\"Kasbah Nkob Ennakhile - Excurs\u00f5es\" aria-describedby=\"gallery-1-679\" srcset=\"https:\/\/www.kasbah-nkob.com\/assets\/uploads\/sites\/2\/2010\/04\/Kasbah-Nkob-Ennakhile-Excursions-01-300x225.jpg 300w, https:\/\/www.kasbah-nkob.com\/assets\/uploads\/sites\/2\/2010\/04\/Kasbah-Nkob-Ennakhile-Excursions-01-1024x768.jpg 1024w, https:\/\/www.kasbah-nkob.com\/assets\/uploads\/sites\/2\/2010\/04\/Kasbah-Nkob-Ennakhile-Excursions-01-768x576.jpg 768w, https:\/\/www.kasbah-nkob.com\/assets\/uploads\/sites\/2\/2010\/04\/Kasbah-Nkob-Ennakhile-Excursions-01.jpg 1280w\" sizes=\"(max-width: 300px) 100vw, 300px\" \/>\n\t\t\t<\/div>\n\t\t\t\t<figcaption class='wp-caption-text gallery-caption' id='gallery-1-679'>\n\t\t\t\tKasbah Nkob Ennakhile &#8211; Excurs\u00f5es\n\t\t\t\t<\/figcaption><\/figure><figure class='gallery-item'>\n\t\t\t<div class='gallery-icon landscape'>\n\t\t\t\t<img loading=\"lazy\" decoding=\"async\" width=\"300\" height=\"225\" src=\"https:\/\/www.kasbah-nkob.com\/assets\/uploads\/sites\/2\/2010\/04\/Kasbah-Nkob-Ennakhile-Excursions-02-300x225.jpg\" class=\"attachment-medium size-medium\" alt=\"Kasbah Nkob Ennakhile - Excurs\u00f5es\" aria-describedby=\"gallery-1-680\" srcset=\"https:\/\/www.kasbah-nkob.com\/assets\/uploads\/sites\/2\/2010\/04\/Kasbah-Nkob-Ennakhile-Excursions-02-300x225.jpg 300w, https:\/\/www.kasbah-nkob.com\/assets\/uploads\/sites\/2\/2010\/04\/Kasbah-Nkob-Ennakhile-Excursions-02-1024x768.jpg 1024w, https:\/\/www.kasbah-nkob.com\/assets\/uploads\/sites\/2\/2010\/04\/Kasbah-Nkob-Ennakhile-Excursions-02-768x576.jpg 768w, https:\/\/www.kasbah-nkob.com\/assets\/uploads\/sites\/2\/2010\/04\/Kasbah-Nkob-Ennakhile-Excursions-02.jpg 1280w\" sizes=\"(max-width: 300px) 100vw, 300px\" \/>\n\t\t\t<\/div>\n\t\t\t\t<figcaption class='wp-caption-text gallery-caption' id='gallery-1-680'>\n\t\t\t\tKasbah Nkob Ennakhile &#8211; Excurs\u00f5es\n\t\t\t\t<\/figcaption><\/figure><figure class='gallery-item'>\n\t\t\t<div class='gallery-icon landscape'>\n\t\t\t\t<img loading=\"lazy\" decoding=\"async\" width=\"300\" height=\"200\" src=\"https:\/\/www.kasbah-nkob.com\/assets\/uploads\/sites\/2\/2010\/04\/hotel-nkob-kasbah-16-300x200.jpg\" class=\"attachment-medium size-medium\" alt=\"\" srcset=\"https:\/\/www.kasbah-nkob.com\/assets\/uploads\/sites\/2\/2010\/04\/hotel-nkob-kasbah-16-300x200.jpg 300w, https:\/\/www.kasbah-nkob.com\/assets\/uploads\/sites\/2\/2010\/04\/hotel-nkob-kasbah-16-1024x682.jpg 1024w, https:\/\/www.kasbah-nkob.com\/assets\/uploads\/sites\/2\/2010\/04\/hotel-nkob-kasbah-16-768x512.jpg 768w, https:\/\/www.kasbah-nkob.com\/assets\/uploads\/sites\/2\/2010\/04\/hotel-nkob-kasbah-16.jpg 1280w\" sizes=\"(max-width: 300px) 100vw, 300px\" \/>\n\t\t\t<\/div><\/figure><figure class='gallery-item'>\n\t\t\t<div class='gallery-icon landscape'>\n\t\t\t\t<img loading=\"lazy\" decoding=\"async\" width=\"240\" height=\"180\" src=\"https:\/\/www.kasbah-nkob.com\/assets\/uploads\/sites\/2\/2012\/03\/dades.jpg\" class=\"attachment-medium size-medium\" alt=\"\" \/>\n\t\t\t<\/div><\/figure><figure class='gallery-item'>\n\t\t\t<div class='gallery-icon landscape'>\n\t\t\t\t<img loading=\"lazy\" decoding=\"async\" width=\"300\" height=\"200\" src=\"https:\/\/www.kasbah-nkob.com\/assets\/uploads\/sites\/2\/2010\/04\/hotel-nkob-kasbah-15-300x200.jpg\" class=\"attachment-medium size-medium\" alt=\"\" srcset=\"https:\/\/www.kasbah-nkob.com\/assets\/uploads\/sites\/2\/2010\/04\/hotel-nkob-kasbah-15-300x200.jpg 300w, https:\/\/www.kasbah-nkob.com\/assets\/uploads\/sites\/2\/2010\/04\/hotel-nkob-kasbah-15-1024x682.jpg 1024w, https:\/\/www.kasbah-nkob.com\/assets\/uploads\/sites\/2\/2010\/04\/hotel-nkob-kasbah-15-768x512.jpg 768w, https:\/\/www.kasbah-nkob.com\/assets\/uploads\/sites\/2\/2010\/04\/hotel-nkob-kasbah-15.jpg 1280w\" sizes=\"(max-width: 300px) 100vw, 300px\" \/>\n\t\t\t<\/div><\/figure><figure class='gallery-item'>\n\t\t\t<div class='gallery-icon landscape'>\n\t\t\t\t<img loading=\"lazy\" decoding=\"async\" width=\"300\" height=\"170\" src=\"https:\/\/www.kasbah-nkob.com\/assets\/uploads\/sites\/2\/2010\/04\/marrocos-adgz-nkob-kasbah-ennakhile-06-1200-300x170.jpg\" class=\"attachment-medium size-medium\" alt=\"Morocco adgz nkob kasbah ennakhile\" srcset=\"https:\/\/www.kasbah-nkob.com\/assets\/uploads\/sites\/2\/2010\/04\/marrocos-adgz-nkob-kasbah-ennakhile-06-1200-300x170.jpg 300w, https:\/\/www.kasbah-nkob.com\/assets\/uploads\/sites\/2\/2010\/04\/marrocos-adgz-nkob-kasbah-ennakhile-06-1200-1024x579.jpg 1024w, https:\/\/www.kasbah-nkob.com\/assets\/uploads\/sites\/2\/2010\/04\/marrocos-adgz-nkob-kasbah-ennakhile-06-1200-768x434.jpg 768w, https:\/\/www.kasbah-nkob.com\/assets\/uploads\/sites\/2\/2010\/04\/marrocos-adgz-nkob-kasbah-ennakhile-06-1200.jpg 1200w\" sizes=\"(max-width: 300px) 100vw, 300px\" \/>\n\t\t\t<\/div><\/figure><figure class='gallery-item'>\n\t\t\t<div class='gallery-icon landscape'>\n\t\t\t\t<img loading=\"lazy\" decoding=\"async\" width=\"300\" height=\"169\" src=\"https:\/\/www.kasbah-nkob.com\/assets\/uploads\/sites\/2\/2010\/04\/kasbah-nkob-hotel-09-300x169.jpg\" class=\"attachment-medium size-medium\" alt=\"\" srcset=\"https:\/\/www.kasbah-nkob.com\/assets\/uploads\/sites\/2\/2010\/04\/kasbah-nkob-hotel-09-300x169.jpg 300w, https:\/\/www.kasbah-nkob.com\/assets\/uploads\/sites\/2\/2010\/04\/kasbah-nkob-hotel-09-768x432.jpg 768w, https:\/\/www.kasbah-nkob.com\/assets\/uploads\/sites\/2\/2010\/04\/kasbah-nkob-hotel-09.jpg 960w\" sizes=\"(max-width: 300px) 100vw, 300px\" \/>\n\t\t\t<\/div><\/figure><figure class='gallery-item'>\n\t\t\t<div class='gallery-icon landscape'>\n\t\t\t\t<img loading=\"lazy\" decoding=\"async\" width=\"300\" height=\"169\" src=\"https:\/\/www.kasbah-nkob.com\/assets\/uploads\/sites\/2\/2010\/04\/kasbah-nkob-hotel-10-300x169.jpg\" class=\"attachment-medium size-medium\" alt=\"\" srcset=\"https:\/\/www.kasbah-nkob.com\/assets\/uploads\/sites\/2\/2010\/04\/kasbah-nkob-hotel-10-300x169.jpg 300w, https:\/\/www.kasbah-nkob.com\/assets\/uploads\/sites\/2\/2010\/04\/kasbah-nkob-hotel-10-768x432.jpg 768w, https:\/\/www.kasbah-nkob.com\/assets\/uploads\/sites\/2\/2010\/04\/kasbah-nkob-hotel-10.jpg 960w\" sizes=\"(max-width: 300px) 100vw, 300px\" \/>\n\t\t\t<\/div><\/figure><figure class='gallery-item'>\n\t\t\t<div class='gallery-icon landscape'>\n\t\t\t\t<img loading=\"lazy\" decoding=\"async\" width=\"300\" height=\"225\" src=\"https:\/\/www.kasbah-nkob.com\/assets\/uploads\/sites\/2\/2010\/04\/marrocos-adgz-nkob-kasbah-ennakhile-34-1200-300x225.jpg\" class=\"attachment-medium size-medium\" alt=\"\" srcset=\"https:\/\/www.kasbah-nkob.com\/assets\/uploads\/sites\/2\/2010\/04\/marrocos-adgz-nkob-kasbah-ennakhile-34-1200-300x225.jpg 300w, https:\/\/www.kasbah-nkob.com\/assets\/uploads\/sites\/2\/2010\/04\/marrocos-adgz-nkob-kasbah-ennakhile-34-1200-1024x768.jpg 1024w, https:\/\/www.kasbah-nkob.com\/assets\/uploads\/sites\/2\/2010\/04\/marrocos-adgz-nkob-kasbah-ennakhile-34-1200-768x576.jpg 768w, https:\/\/www.kasbah-nkob.com\/assets\/uploads\/sites\/2\/2010\/04\/marrocos-adgz-nkob-kasbah-ennakhile-34-1200.jpg 1200w\" sizes=\"(max-width: 300px) 100vw, 300px\" \/>\n\t\t\t<\/div><\/figure><figure class='gallery-item'>\n\t\t\t<div class='gallery-icon landscape'>\n\t\t\t\t<img loading=\"lazy\" decoding=\"async\" width=\"300\" height=\"225\" src=\"https:\/\/www.kasbah-nkob.com\/assets\/uploads\/sites\/2\/2010\/04\/marrocos-adgz-nkob-kasbah-ennakhile-10_1200-300x225.jpg\" class=\"attachment-medium size-medium\" alt=\"\" srcset=\"https:\/\/www.kasbah-nkob.com\/assets\/uploads\/sites\/2\/2010\/04\/marrocos-adgz-nkob-kasbah-ennakhile-10_1200-300x225.jpg 300w, https:\/\/www.kasbah-nkob.com\/assets\/uploads\/sites\/2\/2010\/04\/marrocos-adgz-nkob-kasbah-ennakhile-10_1200-1024x768.jpg 1024w, https:\/\/www.kasbah-nkob.com\/assets\/uploads\/sites\/2\/2010\/04\/marrocos-adgz-nkob-kasbah-ennakhile-10_1200-768x576.jpg 768w, https:\/\/www.kasbah-nkob.com\/assets\/uploads\/sites\/2\/2010\/04\/marrocos-adgz-nkob-kasbah-ennakhile-10_1200.jpg 1200w\" sizes=\"(max-width: 300px) 100vw, 300px\" \/>\n\t\t\t<\/div><\/figure><figure class='gallery-item'>\n\t\t\t<div class='gallery-icon landscape'>\n\t\t\t\t<img loading=\"lazy\" decoding=\"async\" width=\"300\" height=\"225\" src=\"https:\/\/www.kasbah-nkob.com\/assets\/uploads\/sites\/2\/2010\/04\/kasbah-nkob-trek-draa-300x225.jpg\" class=\"attachment-medium size-medium\" alt=\"kasbah nkob trek draa\" srcset=\"https:\/\/www.kasbah-nkob.com\/assets\/uploads\/sites\/2\/2010\/04\/kasbah-nkob-trek-draa-300x225.jpg 300w, https:\/\/www.kasbah-nkob.com\/assets\/uploads\/sites\/2\/2010\/04\/kasbah-nkob-trek-draa-1024x768.jpg 1024w, https:\/\/www.kasbah-nkob.com\/assets\/uploads\/sites\/2\/2010\/04\/kasbah-nkob-trek-draa-768x576.jpg 768w, https:\/\/www.kasbah-nkob.com\/assets\/uploads\/sites\/2\/2010\/04\/kasbah-nkob-trek-draa.jpg 1280w\" sizes=\"(max-width: 300px) 100vw, 300px\" \/>\n\t\t\t<\/div><\/figure><figure class='gallery-item'>\n\t\t\t<div class='gallery-icon portrait'>\n\t\t\t\t<img loading=\"lazy\" decoding=\"async\" width=\"225\" height=\"300\" src=\"https:\/\/www.kasbah-nkob.com\/assets\/uploads\/sites\/2\/2012\/11\/Hotel-Zagora-Nkob-Togra-Gorge-225x300.png\" class=\"attachment-medium size-medium\" alt=\"Hotel Zagora Nkob Togra Gorge\" srcset=\"https:\/\/www.kasbah-nkob.com\/assets\/uploads\/sites\/2\/2012\/11\/Hotel-Zagora-Nkob-Togra-Gorge-225x300.png 225w, https:\/\/www.kasbah-nkob.com\/assets\/uploads\/sites\/2\/2012\/11\/Hotel-Zagora-Nkob-Togra-Gorge.png 240w\" sizes=\"(max-width: 225px) 100vw, 225px\" \/>\n\t\t\t<\/div><\/figure><figure class='gallery-item'>\n\t\t\t<div class='gallery-icon landscape'>\n\t\t\t\t<img loading=\"lazy\" decoding=\"async\" width=\"240\" height=\"180\" src=\"https:\/\/www.kasbah-nkob.com\/assets\/uploads\/sites\/2\/2012\/11\/Kasbah-Nkob-excursions-donkey-trekking.png\" class=\"attachment-medium size-medium\" alt=\"\" \/>\n\t\t\t<\/div><\/figure><figure class='gallery-item'>\n\t\t\t<div class='gallery-icon landscape'>\n\t\t\t\t<img loading=\"lazy\" decoding=\"async\" width=\"240\" height=\"159\" src=\"https:\/\/www.kasbah-nkob.com\/assets\/uploads\/sites\/2\/2012\/11\/Hotel-Nkob-excursion-palm-grove.png\" class=\"attachment-medium size-medium\" alt=\"Hotel Nkob Excursion - palm grove\" \/>\n\t\t\t<\/div><\/figure><figure class='gallery-item'>\n\t\t\t<div class='gallery-icon landscape'>\n\t\t\t\t<img loading=\"lazy\" decoding=\"async\" width=\"240\" height=\"172\" src=\"https:\/\/www.kasbah-nkob.com\/assets\/uploads\/sites\/2\/2012\/11\/Todra_Gorge_hotel_nkob_240.png\" class=\"attachment-medium size-medium\" alt=\"Todra Gorge hotel Nkob\" \/>\n\t\t\t<\/div><\/figure><figure class='gallery-item'>\n\t\t\t<div class='gallery-icon landscape'>\n\t\t\t\t<img loading=\"lazy\" decoding=\"async\" width=\"240\" height=\"150\" src=\"https:\/\/www.kasbah-nkob.com\/assets\/uploads\/sites\/2\/2012\/11\/Kasbah-Nkob-Goulmima-Ashura-by-Ted-Chang-.png\" class=\"attachment-medium size-medium\" alt=\"\" \/>\n\t\t\t<\/div><\/figure><figure class='gallery-item'>\n\t\t\t<div class='gallery-icon landscape'>\n\t\t\t\t<img loading=\"lazy\" decoding=\"async\" width=\"240\" height=\"160\" src=\"https:\/\/www.kasbah-nkob.com\/assets\/uploads\/sites\/2\/2010\/04\/hotel_nkob-trekking-tour.png\" class=\"attachment-medium size-medium\" alt=\"\" \/>\n\t\t\t<\/div><\/figure><figure class='gallery-item'>\n\t\t\t<div class='gallery-icon landscape'>\n\t\t\t\t<img loading=\"lazy\" decoding=\"async\" width=\"300\" height=\"215\" src=\"https:\/\/www.kasbah-nkob.com\/assets\/uploads\/sites\/2\/2012\/11\/Todra_Gorge_hotel_nkob-300x215.png\" class=\"attachment-medium size-medium\" alt=\"Todra Gorge - Canyons of Todgha\" srcset=\"https:\/\/www.kasbah-nkob.com\/assets\/uploads\/sites\/2\/2012\/11\/Todra_Gorge_hotel_nkob-300x215.png 300w, https:\/\/www.kasbah-nkob.com\/assets\/uploads\/sites\/2\/2012\/11\/Todra_Gorge_hotel_nkob.png 506w\" sizes=\"(max-width: 300px) 100vw, 300px\" \/>\n\t\t\t<\/div><\/figure>\n\t\t<\/div>\n\n<p><em>Caminhadas Excurs\u00f5es Nkob Montanhas Saghrou Marrocos<\/em><\/p>\n","protected":false},"excerpt":{"rendered":"<p>Kasbah Ennakhile &#8211; Caminhadas e Excurs\u00f5es A Kasbah Ennakhile oferece-lhe excelentes oportunidades de passeios onde poder\u00e1 desfrutar das montanhas des\u00e9rticas ou dos o\u00e1sis. O objectivo destes passeios \u00e9 lev\u00e1-lo a descobrir e explorar regi\u00f5es n\u00e3o tur\u00edsticas, conhecer os n\u00f3madas locais e admirar as fant\u00e1sticas paisagens que rodeiam as Montanhas Saghrou. A Kasbah Ennakhile oferece-lhe excurs\u00f5es &hellip;<\/p>\n<p class=\"read-more\"> <a class=\"\" href=\"https:\/\/www.kasbah-nkob.com\/pt\/excursions\/\"> <span class=\"screen-reader-text\">Excurs\u00f5es<\/span> Read More &raquo;<\/a><\/p>\n","protected":false},"author":1,"featured_media":0,"parent":0,"menu_order":4,"comment_status":"closed","ping_status":"closed","template":"","meta":{"site-sidebar-layout":"default","site-content-layout":"default","ast-global-header-display":"","ast-main-header-display":"","ast-hfb-above-header-display":"","ast-hfb-below-header-display":"","ast-hfb-mobile-header-display":"","site-post-title":"","ast-breadcrumbs-content":"","ast-featured-img":"","footer-sml-layout":"","theme-transparent-header-meta":"default","adv-header-id-meta":"","stick-header-meta":"","header-above-stick-meta":"","header-main-stick-meta":"","header-below-stick-meta":"","footnotes":""},"_links":{"self":[{"href":"https:\/\/www.kasbah-nkob.com\/pt\/wp-json\/wp\/v2\/pages\/23"}],"collection":[{"href":"https:\/\/www.kasbah-nkob.com\/pt\/wp-json\/wp\/v2\/pages"}],"about":[{"href":"https:\/\/www.kasbah-nkob.com\/pt\/wp-json\/wp\/v2\/types\/page"}],"author":[{"embeddable":true,"href":"https:\/\/www.kasbah-nkob.com\/pt\/wp-json\/wp\/v2\/users\/1"}],"replies":[{"embeddable":true,"href":"https:\/\/www.kasbah-nkob.com\/pt\/wp-json\/wp\/v2\/comments?post=23"}],"version-history":[{"count":2,"href":"https:\/\/www.kasbah-nkob.com\/pt\/wp-json\/wp\/v2\/pages\/23\/revisions"}],"predecessor-version":[{"id":849,"href":"https:\/\/www.kasbah-nkob.com\/pt\/wp-json\/wp\/v2\/pages\/23\/revisions\/849"}],"wp:attachment":[{"href":"https:\/\/www.kasbah-nkob.com\/pt\/wp-json\/wp\/v2\/media?parent=23"}],"curies":[{"name":"wp","href":"https:\/\/api.w.org\/{rel}","templated":true}]}}