{"id":8,"date":"2010-04-23T21:58:28","date_gmt":"2010-04-23T21:58:28","guid":{"rendered":"http:\/\/kasbah_nkob.test\/pt\/nekob\/kasbah\/"},"modified":"2021-09-28T16:02:06","modified_gmt":"2021-09-28T16:02:06","slug":"kasbah","status":"publish","type":"page","link":"https:\/\/www.kasbah-nkob.com\/pt\/nekob\/kasbah\/","title":{"rendered":"Quartos Standard"},"content":{"rendered":"\n<h2 class=\"wp-block-heading\">Kasbah Ennakhile \u2013 Quartos Standard<\/h2>\n\n\n\n<p><strong>Quartos Standard:<\/strong> Temos dispon\u00edveis 9 quartos de decora\u00e7\u00e3o aconchegante e convidativa. Estes quartos oferecem-lhe casa-de-banho privada, ar condicionado e aquecedor.<\/p>\n\n\n\n<p>A maioria dos quartos tem, ainda, uma varanda privada com vista sobre os palmeirais de Tamazight e as Montanhas Saghrou. Temos dispon\u00edveis quartos duplos ou twin.<\/p>\n\n\n\n<figure class=\"wp-block-gallery columns-3 is-cropped wp-block-gallery-1 is-layout-flex wp-block-gallery-is-layout-flex\"><ul class=\"blocks-gallery-grid\"><li class=\"blocks-gallery-item\"><figure><img loading=\"lazy\" decoding=\"async\" width=\"1024\" height=\"768\" src=\"https:\/\/www.kasbah-nkob.com\/assets\/uploads\/sites\/2\/2010\/04\/Kasbah-Ennakhile-Room-balcony.jpg\" alt=\"Kasbah Ennakhile - Quarto Standard com varanda\" data-id=\"620\" class=\"wp-image-620\" srcset=\"https:\/\/www.kasbah-nkob.com\/assets\/uploads\/sites\/2\/2010\/04\/Kasbah-Ennakhile-Room-balcony.jpg 1024w, https:\/\/www.kasbah-nkob.com\/assets\/uploads\/sites\/2\/2010\/04\/Kasbah-Ennakhile-Room-balcony-300x225.jpg 300w, https:\/\/www.kasbah-nkob.com\/assets\/uploads\/sites\/2\/2010\/04\/Kasbah-Ennakhile-Room-balcony-768x576.jpg 768w\" sizes=\"(max-width: 1024px) 100vw, 1024px\" \/><\/figure><\/li><li class=\"blocks-gallery-item\"><figure><img loading=\"lazy\" decoding=\"async\" width=\"1280\" height=\"853\" src=\"https:\/\/www.kasbah-nkob.com\/assets\/uploads\/sites\/2\/2010\/04\/Kasbah-Ennakhile-Room-standard.jpg\" alt=\"Kasbah Ennakhile - Quarto Standard\" data-id=\"625\" class=\"wp-image-625\" srcset=\"https:\/\/www.kasbah-nkob.com\/assets\/uploads\/sites\/2\/2010\/04\/Kasbah-Ennakhile-Room-standard.jpg 1280w, https:\/\/www.kasbah-nkob.com\/assets\/uploads\/sites\/2\/2010\/04\/Kasbah-Ennakhile-Room-standard-300x200.jpg 300w, https:\/\/www.kasbah-nkob.com\/assets\/uploads\/sites\/2\/2010\/04\/Kasbah-Ennakhile-Room-standard-1024x682.jpg 1024w, https:\/\/www.kasbah-nkob.com\/assets\/uploads\/sites\/2\/2010\/04\/Kasbah-Ennakhile-Room-standard-768x512.jpg 768w\" sizes=\"(max-width: 1280px) 100vw, 1280px\" \/><\/figure><\/li><li class=\"blocks-gallery-item\"><figure><img loading=\"lazy\" decoding=\"async\" width=\"1280\" height=\"853\" src=\"https:\/\/www.kasbah-nkob.com\/assets\/uploads\/sites\/2\/2010\/04\/Kasbah-Ennakhile-Room-wc.jpg\" alt=\"Kasbah Ennakhile - Kasbah Ennakhile - Quarto Standard com Casa de Banho\" data-id=\"626\" class=\"wp-image-626\" srcset=\"https:\/\/www.kasbah-nkob.com\/assets\/uploads\/sites\/2\/2010\/04\/Kasbah-Ennakhile-Room-wc.jpg 1280w, https:\/\/www.kasbah-nkob.com\/assets\/uploads\/sites\/2\/2010\/04\/Kasbah-Ennakhile-Room-wc-300x200.jpg 300w, https:\/\/www.kasbah-nkob.com\/assets\/uploads\/sites\/2\/2010\/04\/Kasbah-Ennakhile-Room-wc-1024x682.jpg 1024w, https:\/\/www.kasbah-nkob.com\/assets\/uploads\/sites\/2\/2010\/04\/Kasbah-Ennakhile-Room-wc-768x512.jpg 768w\" sizes=\"(max-width: 1280px) 100vw, 1280px\" \/><\/figure><\/li><\/ul><\/figure>\n","protected":false},"excerpt":{"rendered":"<p>Kasbah Ennakhile \u2013 Quartos Standard Quartos Standard: Temos dispon\u00edveis 9 quartos de decora\u00e7\u00e3o aconchegante e convidativa. Estes quartos oferecem-lhe casa-de-banho privada, ar condicionado e aquecedor. A maioria dos quartos tem, ainda, uma varanda privada com vista sobre os palmeirais de Tamazight e as Montanhas Saghrou. Temos dispon\u00edveis quartos duplos ou twin.<\/p>\n","protected":false},"author":1,"featured_media":0,"parent":812,"menu_order":1,"comment_status":"closed","ping_status":"closed","template":"","meta":{"site-sidebar-layout":"default","site-content-layout":"default","ast-global-header-display":"","ast-main-header-display":"","ast-hfb-above-header-display":"","ast-hfb-below-header-display":"","ast-hfb-mobile-header-display":"","site-post-title":"","ast-breadcrumbs-content":"","ast-featured-img":"","footer-sml-layout":"","theme-transparent-header-meta":"default","adv-header-id-meta":"","stick-header-meta":"","header-above-stick-meta":"","header-main-stick-meta":"","header-below-stick-meta":"","footnotes":""},"_links":{"self":[{"href":"https:\/\/www.kasbah-nkob.com\/pt\/wp-json\/wp\/v2\/pages\/8"}],"collection":[{"href":"https:\/\/www.kasbah-nkob.com\/pt\/wp-json\/wp\/v2\/pages"}],"about":[{"href":"https:\/\/www.kasbah-nkob.com\/pt\/wp-json\/wp\/v2\/types\/page"}],"author":[{"embeddable":true,"href":"https:\/\/www.kasbah-nkob.com\/pt\/wp-json\/wp\/v2\/users\/1"}],"replies":[{"embeddable":true,"href":"https:\/\/www.kasbah-nkob.com\/pt\/wp-json\/wp\/v2\/comments?post=8"}],"version-history":[{"count":3,"href":"https:\/\/www.kasbah-nkob.com\/pt\/wp-json\/wp\/v2\/pages\/8\/revisions"}],"predecessor-version":[{"id":873,"href":"https:\/\/www.kasbah-nkob.com\/pt\/wp-json\/wp\/v2\/pages\/8\/revisions\/873"}],"up":[{"embeddable":true,"href":"https:\/\/www.kasbah-nkob.com\/pt\/wp-json\/wp\/v2\/pages\/812"}],"wp:attachment":[{"href":"https:\/\/www.kasbah-nkob.com\/pt\/wp-json\/wp\/v2\/media?parent=8"}],"curies":[{"name":"wp","href":"https:\/\/api.w.org\/{rel}","templated":true}]}}