{"id":814,"date":"2010-04-23T21:59:26","date_gmt":"2010-04-23T21:59:26","guid":{"rendered":"http:\/\/kasbah_nkob.test\/pt\/nekob\/restaurant\/"},"modified":"2021-09-02T16:03:05","modified_gmt":"2021-09-02T16:03:05","slug":"restaurant","status":"publish","type":"page","link":"https:\/\/www.kasbah-nkob.com\/pt\/nekob\/restaurant\/","title":{"rendered":"Restaurante"},"content":{"rendered":"<h2>Instala\u00e7\u00f5es da Kasbah Ennakhile \u2013 Restaurante<\/h2>\n<p><strong>A fabulosa Chef Lalla Zahra:<\/strong> Aqui pode experimentar deliciosas receitas locais, feitas com ingredientes da regi\u00e3o. A Sra. Lalla Zahra prepara a aut\u00eantica gastronomia tradicional, tendo em conta a cultura local e os produtos frescos do mercado.<\/p>\n<p>H\u00e1 v\u00e1rias \u00e1reas distintas do restaurante na Kasbah \u2013 Restaurante em Nkob:<\/p>\n<ul>\n<li>no r\u00e9s-do-ch\u00e3o, encontra-se a tenda berbere que tem uma vista espectacular sobre o palmeiral de Tamazight e as Montanhas Saghrou. \u00c9 o s\u00edtio ideal para se tomar o pequeno-almo\u00e7o;<\/li>\n<li>ainda no r\u00e9s-do-ch\u00e3o, encontramos o restaurante Amazigh, todo decorado com objectos da cultura Amazigh;<\/li>\n<li>no 1\u00ba andar, h\u00e1 um terra\u00e7o e o sal\u00e3o \u00e1rabe.<\/li>\n<\/ul>\n<p>O Hotel Ennakhile aceita reservas de grupos para o almo\u00e7o ou o jantar.O Hotel Ennakhile tem j\u00e1 uma longa experi\u00eancia de trabalho com ag\u00eancias de viagens e companhias de transporte e \u00e9 conhecido pelos seus excelentes servi\u00e7os, boa comida e satisfa\u00e7\u00e3o dos clientes. Nkob \u00e9 o local perfeito para almo\u00e7ar para ag\u00eancias de circuitos ou viajantes independentes que fazem a estrada desde o Deserto do Sahara at\u00e9 Ouarzazate ou Marraquexe.<\/p>\n<div id='gallery-1' class='gallery galleryid-814 gallery-columns-3 gallery-size-large'><figure class='gallery-item'>\n\t\t\t<div class='gallery-icon landscape'>\n\t\t\t\t<img loading=\"lazy\" decoding=\"async\" width=\"960\" height=\"720\" src=\"https:\/\/www.kasbah-nkob.com\/assets\/uploads\/sites\/2\/2010\/04\/Kasbah-Ennakhile-Terrace.jpg\" class=\"attachment-large size-large\" alt=\"Kasbah Ennakhile - Terra\u00e7o\" aria-describedby=\"gallery-1-617\" srcset=\"https:\/\/www.kasbah-nkob.com\/assets\/uploads\/sites\/2\/2010\/04\/Kasbah-Ennakhile-Terrace.jpg 960w, https:\/\/www.kasbah-nkob.com\/assets\/uploads\/sites\/2\/2010\/04\/Kasbah-Ennakhile-Terrace-300x225.jpg 300w, https:\/\/www.kasbah-nkob.com\/assets\/uploads\/sites\/2\/2010\/04\/Kasbah-Ennakhile-Terrace-768x576.jpg 768w\" sizes=\"(max-width: 960px) 100vw, 960px\" \/>\n\t\t\t<\/div>\n\t\t\t\t<figcaption class='wp-caption-text gallery-caption' id='gallery-1-617'>\n\t\t\t\tTerra\u00e7o\n\t\t\t\t<\/figcaption><\/figure><figure class='gallery-item'>\n\t\t\t<div class='gallery-icon landscape'>\n\t\t\t\t<img loading=\"lazy\" decoding=\"async\" width=\"1024\" height=\"682\" src=\"https:\/\/www.kasbah-nkob.com\/assets\/uploads\/sites\/2\/2010\/04\/hotel-nkob-kasbah-25-1024x682.jpg\" class=\"attachment-large size-large\" alt=\"\" srcset=\"https:\/\/www.kasbah-nkob.com\/assets\/uploads\/sites\/2\/2010\/04\/hotel-nkob-kasbah-25-1024x682.jpg 1024w, https:\/\/www.kasbah-nkob.com\/assets\/uploads\/sites\/2\/2010\/04\/hotel-nkob-kasbah-25-300x200.jpg 300w, https:\/\/www.kasbah-nkob.com\/assets\/uploads\/sites\/2\/2010\/04\/hotel-nkob-kasbah-25-768x512.jpg 768w, https:\/\/www.kasbah-nkob.com\/assets\/uploads\/sites\/2\/2010\/04\/hotel-nkob-kasbah-25.jpg 1280w\" sizes=\"(max-width: 1024px) 100vw, 1024px\" \/>\n\t\t\t<\/div><\/figure><figure class='gallery-item'>\n\t\t\t<div class='gallery-icon landscape'>\n\t\t\t\t<img loading=\"lazy\" decoding=\"async\" width=\"863\" height=\"434\" src=\"https:\/\/www.kasbah-nkob.com\/assets\/uploads\/sites\/2\/2010\/04\/Kasbah-Nkob-Ennakhile-Staff.jpg\" class=\"attachment-large size-large\" alt=\"Kasbah Nkob Ennakhile - Staff\" aria-describedby=\"gallery-1-649\" srcset=\"https:\/\/www.kasbah-nkob.com\/assets\/uploads\/sites\/2\/2010\/04\/Kasbah-Nkob-Ennakhile-Staff.jpg 863w, https:\/\/www.kasbah-nkob.com\/assets\/uploads\/sites\/2\/2010\/04\/Kasbah-Nkob-Ennakhile-Staff-300x151.jpg 300w, https:\/\/www.kasbah-nkob.com\/assets\/uploads\/sites\/2\/2010\/04\/Kasbah-Nkob-Ennakhile-Staff-768x386.jpg 768w\" sizes=\"(max-width: 863px) 100vw, 863px\" \/>\n\t\t\t<\/div>\n\t\t\t\t<figcaption class='wp-caption-text gallery-caption' id='gallery-1-649'>\n\t\t\t\tKasbah Nkob Ennakhile &#8211; Staff\n\t\t\t\t<\/figcaption><\/figure><figure class='gallery-item'>\n\t\t\t<div class='gallery-icon landscape'>\n\t\t\t\t<img loading=\"lazy\" decoding=\"async\" width=\"960\" height=\"595\" src=\"https:\/\/www.kasbah-nkob.com\/assets\/uploads\/sites\/2\/2010\/04\/Kasbah-Ennakhile-Nkob-restaurant-01.jpg\" class=\"attachment-large size-large\" alt=\"Kasbah Ennakhile Nkob - restaurante\" aria-describedby=\"gallery-1-652\" srcset=\"https:\/\/www.kasbah-nkob.com\/assets\/uploads\/sites\/2\/2010\/04\/Kasbah-Ennakhile-Nkob-restaurant-01.jpg 960w, https:\/\/www.kasbah-nkob.com\/assets\/uploads\/sites\/2\/2010\/04\/Kasbah-Ennakhile-Nkob-restaurant-01-300x186.jpg 300w, https:\/\/www.kasbah-nkob.com\/assets\/uploads\/sites\/2\/2010\/04\/Kasbah-Ennakhile-Nkob-restaurant-01-768x476.jpg 768w\" sizes=\"(max-width: 960px) 100vw, 960px\" \/>\n\t\t\t<\/div>\n\t\t\t\t<figcaption class='wp-caption-text gallery-caption' id='gallery-1-652'>\n\t\t\t\tKasbah Ennakhile Nkob &#8211; restaurante\n\t\t\t\t<\/figcaption><\/figure><figure class='gallery-item'>\n\t\t\t<div class='gallery-icon landscape'>\n\t\t\t\t<img loading=\"lazy\" decoding=\"async\" width=\"960\" height=\"540\" src=\"https:\/\/www.kasbah-nkob.com\/assets\/uploads\/sites\/2\/2010\/04\/Kasbah-Ennakhile-Nkob-restaurant-03.jpg\" class=\"attachment-large size-large\" alt=\"Kasbah Ennakhile Nkob - restaurante\" aria-describedby=\"gallery-1-654\" srcset=\"https:\/\/www.kasbah-nkob.com\/assets\/uploads\/sites\/2\/2010\/04\/Kasbah-Ennakhile-Nkob-restaurant-03.jpg 960w, https:\/\/www.kasbah-nkob.com\/assets\/uploads\/sites\/2\/2010\/04\/Kasbah-Ennakhile-Nkob-restaurant-03-300x169.jpg 300w, https:\/\/www.kasbah-nkob.com\/assets\/uploads\/sites\/2\/2010\/04\/Kasbah-Ennakhile-Nkob-restaurant-03-768x432.jpg 768w\" sizes=\"(max-width: 960px) 100vw, 960px\" \/>\n\t\t\t<\/div>\n\t\t\t\t<figcaption class='wp-caption-text gallery-caption' id='gallery-1-654'>\n\t\t\t\tKasbah Ennakhile Nkob &#8211; restaurante\n\t\t\t\t<\/figcaption><\/figure><figure class='gallery-item'>\n\t\t\t<div class='gallery-icon portrait'>\n\t\t\t\t<img loading=\"lazy\" decoding=\"async\" width=\"688\" height=\"960\" src=\"https:\/\/www.kasbah-nkob.com\/assets\/uploads\/sites\/2\/2010\/04\/Kasbah-Ennakhile-Nkob-restaurant-04.jpg\" class=\"attachment-large size-large\" alt=\"Kasbah Ennakhile Nkob - restaurante\" aria-describedby=\"gallery-1-655\" srcset=\"https:\/\/www.kasbah-nkob.com\/assets\/uploads\/sites\/2\/2010\/04\/Kasbah-Ennakhile-Nkob-restaurant-04.jpg 688w, https:\/\/www.kasbah-nkob.com\/assets\/uploads\/sites\/2\/2010\/04\/Kasbah-Ennakhile-Nkob-restaurant-04-215x300.jpg 215w\" sizes=\"(max-width: 688px) 100vw, 688px\" \/>\n\t\t\t<\/div>\n\t\t\t\t<figcaption class='wp-caption-text gallery-caption' id='gallery-1-655'>\n\t\t\t\tKasbah Ennakhile Nkob &#8211; restaurante\n\t\t\t\t<\/figcaption><\/figure>\n\t\t<\/div>\n\n","protected":false},"excerpt":{"rendered":"<p>Instala\u00e7\u00f5es da Kasbah Ennakhile \u2013 Restaurante A fabulosa Chef Lalla Zahra: Aqui pode experimentar deliciosas receitas locais, feitas com ingredientes da regi\u00e3o. A Sra. Lalla Zahra prepara a aut\u00eantica gastronomia tradicional, tendo em conta a cultura local e os produtos frescos do mercado. H\u00e1 v\u00e1rias \u00e1reas distintas do restaurante na Kasbah \u2013 Restaurante em Nkob: &hellip;<\/p>\n<p class=\"read-more\"> <a class=\"\" href=\"https:\/\/www.kasbah-nkob.com\/pt\/nekob\/restaurant\/\"> <span class=\"screen-reader-text\">Restaurante<\/span> Read More &raquo;<\/a><\/p>\n","protected":false},"author":1,"featured_media":0,"parent":812,"menu_order":3,"comment_status":"closed","ping_status":"closed","template":"","meta":{"site-sidebar-layout":"default","site-content-layout":"default","ast-global-header-display":"","ast-main-header-display":"","ast-hfb-above-header-display":"","ast-hfb-below-header-display":"","ast-hfb-mobile-header-display":"","site-post-title":"","ast-breadcrumbs-content":"","ast-featured-img":"","footer-sml-layout":"","theme-transparent-header-meta":"default","adv-header-id-meta":"","stick-header-meta":"","header-above-stick-meta":"","header-main-stick-meta":"","header-below-stick-meta":"","footnotes":""},"_links":{"self":[{"href":"https:\/\/www.kasbah-nkob.com\/pt\/wp-json\/wp\/v2\/pages\/814"}],"collection":[{"href":"https:\/\/www.kasbah-nkob.com\/pt\/wp-json\/wp\/v2\/pages"}],"about":[{"href":"https:\/\/www.kasbah-nkob.com\/pt\/wp-json\/wp\/v2\/types\/page"}],"author":[{"embeddable":true,"href":"https:\/\/www.kasbah-nkob.com\/pt\/wp-json\/wp\/v2\/users\/1"}],"replies":[{"embeddable":true,"href":"https:\/\/www.kasbah-nkob.com\/pt\/wp-json\/wp\/v2\/comments?post=814"}],"version-history":[{"count":2,"href":"https:\/\/www.kasbah-nkob.com\/pt\/wp-json\/wp\/v2\/pages\/814\/revisions"}],"predecessor-version":[{"id":847,"href":"https:\/\/www.kasbah-nkob.com\/pt\/wp-json\/wp\/v2\/pages\/814\/revisions\/847"}],"up":[{"embeddable":true,"href":"https:\/\/www.kasbah-nkob.com\/pt\/wp-json\/wp\/v2\/pages\/812"}],"wp:attachment":[{"href":"https:\/\/www.kasbah-nkob.com\/pt\/wp-json\/wp\/v2\/media?parent=814"}],"curies":[{"name":"wp","href":"https:\/\/api.w.org\/{rel}","templated":true}]}}