{"id":817,"date":"2010-04-26T12:04:09","date_gmt":"2010-04-26T12:04:09","guid":{"rendered":"http:\/\/kasbah_nkob.test\/pt\/hossain-benaame\/"},"modified":"2021-09-02T15:58:40","modified_gmt":"2021-09-02T15:58:40","slug":"hossain-benaame","status":"publish","type":"page","link":"https:\/\/www.kasbah-nkob.com\/pt\/hossain-benaame\/","title":{"rendered":"Quem somos"},"content":{"rendered":"<h2>Hist\u00f3ria da Kasbah Ennakhile \/ Hossaine Benaamer<\/h2>\n<p>A Kasbah Ennakhile \u00e9 um hotel situado na aldeia de Nkob \u2013 Sul de Marrocos, a 360 KM de Marraquexe. A Kasbah Ennakhile \u00e9 gerida por Hossaine Benaamer, um jovem berbere nascido em 1981.<\/p>\n<p>A hist\u00f3ria de Hossain e o seu amor pela vida \u00e9 muito interessante e \u00e9 o exemplo perfeito de que podemos vencer na vida.<\/p>\n<figure id=\"attachment_608\" aria-describedby=\"caption-attachment-608\" style=\"width: 1600px\" class=\"wp-caption aligncenter\"><img loading=\"lazy\" decoding=\"async\" class=\"size-full wp-image-608\" src=\"http:\/\/www.kasbah-nkob.com\/hotel\/assets\/uploads\/2010\/04\/kasbah-nkob-about-us.jpg\" alt=\"Vista da aldeia Nkob apartir do Kasbah Ennakhile\" width=\"1600\" height=\"905\" srcset=\"https:\/\/www.kasbah-nkob.com\/assets\/uploads\/sites\/2\/2010\/04\/kasbah-nkob-about-us.jpg 1600w, https:\/\/www.kasbah-nkob.com\/assets\/uploads\/sites\/2\/2010\/04\/kasbah-nkob-about-us-300x170.jpg 300w, https:\/\/www.kasbah-nkob.com\/assets\/uploads\/sites\/2\/2010\/04\/kasbah-nkob-about-us-1024x579.jpg 1024w, https:\/\/www.kasbah-nkob.com\/assets\/uploads\/sites\/2\/2010\/04\/kasbah-nkob-about-us-768x434.jpg 768w, https:\/\/www.kasbah-nkob.com\/assets\/uploads\/sites\/2\/2010\/04\/kasbah-nkob-about-us-1536x869.jpg 1536w\" sizes=\"(max-width: 1600px) 100vw, 1600px\" \/><figcaption id=\"caption-attachment-608\" class=\"wp-caption-text\">Vista del pueblo Nkob &#8211; Kasbah Ennakhile<\/figcaption><\/figure>\n<p>Depois de um desgosto profundo pela morte do seu pai, Hossain tornou-se no homem da fam\u00edlia e cedo come\u00e7ou a trabalhar para sustentar a sua m\u00e3e, irm\u00e3os e irm\u00e3s.<\/p>\n<p>O pai de Hossain , o Sr. Lahcen Benaamer, um n\u00f3mada berbere que veio at\u00e9 Nkob e aqui decidiu construir a sua pequena casa, era um artista muito conhecido na regi\u00e3o pela sua arte \u00fanica de pintar tectos e paredes. A sua decora\u00e7\u00e3o \u00fanica, inspirada nas decora\u00e7\u00f5es de Fez mas misturada com as cores e simplicidade da tradicional decora\u00e7\u00e3o berbere, fizeram dele um homem para sempre lembrado nesta regi\u00e3o, onde pintou \u00e0 m\u00e3o mais de 100 sal\u00f5es.<\/p>\n<p>Hossain mudou-se para Ouarzazate em 1997 para trabalhar no restaurante Essalam, um dos primeiros restaurantes da cidade. \u00c9 nesta altura que dedica todo o seu tempo livre a estudar, \u00e0 noite, Ingl\u00eas e Franc\u00eas, numa escola local.<\/p>\n<p>Em 1999, come\u00e7a a trabalhar no <a href=\"http:\/\/www.amlalhotel.com\/\" target=\"_blank\" rel=\"noopener\">Hotel Amlal<\/a>, um hotel situado no centro de Ouarzazate e que pertence \u00e0 fam\u00edlia de Hossain. Hossaine come\u00e7a agora a aprender a lidar com o turismo e a desenvolver as suas ideias e experi\u00eancias num hotel. Depois de recusar v\u00e1rias propostas de trabalho por parte de ag\u00eancias de excurs\u00f5es e circuitos em Ouarzazate, Hossain volta para a aldeia com a ideia de aqui abrir um hotel, para poder receber os clientes que chegam ao hotel da fam\u00edlia em Ouarzazate.<\/p>\n<hr \/>\n<figure id=\"attachment_610\" aria-describedby=\"caption-attachment-610\" style=\"width: 960px\" class=\"wp-caption aligncenter\"><img loading=\"lazy\" decoding=\"async\" class=\"size-full wp-image-610\" src=\"http:\/\/www.kasbah-nkob.com\/hotel\/assets\/uploads\/2010\/04\/Kasbah-Nkob-Ennakhile-entrance-3.jpg\" alt=\"Entrada do Kasbah Nkob Ennakhile\" width=\"960\" height=\"540\" srcset=\"https:\/\/www.kasbah-nkob.com\/assets\/uploads\/sites\/2\/2010\/04\/Kasbah-Nkob-Ennakhile-entrance-3.jpg 960w, https:\/\/www.kasbah-nkob.com\/assets\/uploads\/sites\/2\/2010\/04\/Kasbah-Nkob-Ennakhile-entrance-3-300x169.jpg 300w, https:\/\/www.kasbah-nkob.com\/assets\/uploads\/sites\/2\/2010\/04\/Kasbah-Nkob-Ennakhile-entrance-3-768x432.jpg 768w\" sizes=\"(max-width: 960px) 100vw, 960px\" \/><figcaption id=\"caption-attachment-610\" class=\"wp-caption-text\">Entrada do Kasbah Nkob Ennakhile<\/figcaption><\/figure>\n<h2>A abertura do Hotel Kasbah Ennakhile<\/h2>\n<p>Em 2002, Hossain abre uma casa com 4 quartos, mas com um projecto maior em mente \u2013 a Kasbah Ennakhile, um hotel de melhor qualidade, que pudesse receber os viajantes que chegassem a Nkob em excelentes acomoda\u00e7\u00f5es e num bom restaurante. Hossain tem muita experi\u00eancia como guia de montanha e deserto e as suas propostas de caminhadas surpreendem os viajantes e os seus circuitos s\u00e3o conhecidos como os melhores da regi\u00e3o.<\/p>\n<hr \/>\n<figure id=\"attachment_612\" aria-describedby=\"caption-attachment-612\" style=\"width: 960px\" class=\"wp-caption aligncenter\"><img loading=\"lazy\" decoding=\"async\" class=\"size-full wp-image-612\" src=\"http:\/\/www.kasbah-nkob.com\/hotel\/assets\/uploads\/2010\/04\/Kasbah-Ennakhile-Cooperative-for-Development-.jpg\" alt=\"Kasbah Ennakhile - Cooperativa para o Desenvolvimento de Nkob\" width=\"960\" height=\"859\" srcset=\"https:\/\/www.kasbah-nkob.com\/assets\/uploads\/sites\/2\/2010\/04\/Kasbah-Ennakhile-Cooperative-for-Development-.jpg 960w, https:\/\/www.kasbah-nkob.com\/assets\/uploads\/sites\/2\/2010\/04\/Kasbah-Ennakhile-Cooperative-for-Development--300x268.jpg 300w, https:\/\/www.kasbah-nkob.com\/assets\/uploads\/sites\/2\/2010\/04\/Kasbah-Ennakhile-Cooperative-for-Development--768x687.jpg 768w\" sizes=\"(max-width: 960px) 100vw, 960px\" \/><figcaption id=\"caption-attachment-612\" class=\"wp-caption-text\">Kasbah Ennakhile &#8211; Cooperativa para o Desenvolvimento de Nkob<\/figcaption><\/figure>\n<h2>A Aldeia que cresceu para o Mundo<\/h2>\n<p>O Hossain rapidamente percebeu que o seu sucesso dependia do crescimento da sua aldeia.<\/p>\n<p>Hossain \u00e9 o presidente da Cooperativa para o Desenvolvimento de Nkob, a associa\u00e7\u00e3o local de apoio \u00e0s mulheres, onde \u00e9 promovido o desenvolvimento da mulher berbere. \u00c9 nesta associa\u00e7\u00e3o que as mulheres se juntam para produzir tapetes, perfumes e outro artesanato local. As mulheres recebem um pre\u00e7o justo pela sua produ\u00e7\u00e3o, j\u00e1 que esta \u00e9 uma organiza\u00e7\u00e3o sem fins lucrativos que vende os produtos resultantes do trabalho feminino.<\/p>\n<p>A Cooperativa para o Desenvolvimento de Nkob \u00e9 tamb\u00e9m respons\u00e1vel pela remo\u00e7\u00e3o do lixo nas zonas circundantes da aldeia, fornecendo cami\u00f5es e m\u00e3o-de-obra para ajudar a melhorar as condi\u00e7\u00f5es de vida da popula\u00e7\u00e3o local.<br \/>\nStory about Hossain, the owner of Kasbah Ennakhile and his contributions to the sustainable growth of Nkob and to the local women&#8217;s aid association.<\/p>\n","protected":false},"excerpt":{"rendered":"<p>Hist\u00f3ria da Kasbah Ennakhile \/ Hossaine Benaamer A Kasbah Ennakhile \u00e9 um hotel situado na aldeia de Nkob \u2013 Sul de Marrocos, a 360 KM de Marraquexe. A Kasbah Ennakhile \u00e9 gerida por Hossaine Benaamer, um jovem berbere nascido em 1981. A hist\u00f3ria de Hossain e o seu amor pela vida \u00e9 muito interessante e &hellip;<\/p>\n<p class=\"read-more\"> <a class=\"\" href=\"https:\/\/www.kasbah-nkob.com\/pt\/hossain-benaame\/\"> <span class=\"screen-reader-text\">Quem somos<\/span> Read More &raquo;<\/a><\/p>\n","protected":false},"author":1,"featured_media":0,"parent":0,"menu_order":2,"comment_status":"closed","ping_status":"closed","template":"","meta":{"site-sidebar-layout":"default","site-content-layout":"default","ast-global-header-display":"","ast-main-header-display":"","ast-hfb-above-header-display":"","ast-hfb-below-header-display":"","ast-hfb-mobile-header-display":"","site-post-title":"","ast-breadcrumbs-content":"","ast-featured-img":"","footer-sml-layout":"","theme-transparent-header-meta":"default","adv-header-id-meta":"","stick-header-meta":"","header-above-stick-meta":"","header-main-stick-meta":"","header-below-stick-meta":"","footnotes":""},"_links":{"self":[{"href":"https:\/\/www.kasbah-nkob.com\/pt\/wp-json\/wp\/v2\/pages\/817"}],"collection":[{"href":"https:\/\/www.kasbah-nkob.com\/pt\/wp-json\/wp\/v2\/pages"}],"about":[{"href":"https:\/\/www.kasbah-nkob.com\/pt\/wp-json\/wp\/v2\/types\/page"}],"author":[{"embeddable":true,"href":"https:\/\/www.kasbah-nkob.com\/pt\/wp-json\/wp\/v2\/users\/1"}],"replies":[{"embeddable":true,"href":"https:\/\/www.kasbah-nkob.com\/pt\/wp-json\/wp\/v2\/comments?post=817"}],"version-history":[{"count":2,"href":"https:\/\/www.kasbah-nkob.com\/pt\/wp-json\/wp\/v2\/pages\/817\/revisions"}],"predecessor-version":[{"id":840,"href":"https:\/\/www.kasbah-nkob.com\/pt\/wp-json\/wp\/v2\/pages\/817\/revisions\/840"}],"wp:attachment":[{"href":"https:\/\/www.kasbah-nkob.com\/pt\/wp-json\/wp\/v2\/media?parent=817"}],"curies":[{"name":"wp","href":"https:\/\/api.w.org\/{rel}","templated":true}]}}